{"id":14694,"date":"2021-11-29T12:17:42","date_gmt":"2021-11-29T11:17:42","guid":{"rendered":"https:\/\/www.oliocentrica.it\/shop\/periplus-des-geschmacks\/"},"modified":"2023-11-09T12:47:00","modified_gmt":"2023-11-09T11:47:00","slug":"periplus-des-geschmacks","status":"publish","type":"product","link":"https:\/\/www.oliocentrica.it\/de\/shop\/periplus-des-geschmacks\/","title":{"rendered":"Periplus des Geschmacks"},"content":{"rendered":"<p><strong><em>Eine elegante, hochwertige und widerstandsf\u00e4hige Kartonschachtel mit 13 Produkten + einem netten \u00dcberraschungsgeschenk<\/em>:<\/strong><\/p>\n<p>1 Flasche 0,50 L Oliven\u00f6l extra vergine von: <strong>Olivastro<\/strong> <a href=\"https:\/\/www.oliocentrica.it\/de\/shop\/olivastro\/\"><em>mehr lesen<\/em><\/a> &#8211; Mittelfruchtig: sortenrein aus Itrana &#8211; <strong>Quattrociocchi<\/strong> <a href=\"https:\/\/www.oliocentrica.it\/de\/quattrociocchi\/\"><em>mehr lesen<\/em><\/a><br \/>\n<em>Probieren Sie es mit\u2026 strukturierten Fleischgerichten, gegrilltem Gem\u00fcse und Meeresfr\u00fcchtesalaten<\/em><\/p>\n<p>1 Glas mit 1100 g gr\u00fcne Oliven von: <strong>Bella di Cerignola<\/strong> <a href=\"https:\/\/www.oliocentrica.it\/de\/shop\/bella-di-cerignola\/\"><em>mehr lesen<\/em><\/a> &#8211; gr\u00fcne Oliven der Sorte Bella di Cerignola &#8211; <strong>Francesco Gabriele<\/strong> <a href=\"https:\/\/www.oliocentrica.it\/de\/francesco-gabriele\/\"><em>mehr lesen<\/em><\/a><br \/>\n<em>La Bella di Cerignola ist k\u00f6stlich als Snack und perfekt in einer gemischten Vorspeise aus Meer und Bergen<\/em><\/p>\n<p>Nr. 1 190-g-Pastete aus: <strong>Artischocken<\/strong> <a href=\"https:\/\/www.oliocentrica.it\/de\/shop\/artischockenpastete\/\"><em>mehr lesen<\/em><\/a> &#8211; <strong>Oliocentrica<\/strong> <a href=\"https:\/\/www.oliocentrica.it\/de\/oliocentrica\/\"><em>mehr lesen<\/em><\/a><br \/>\n<em>Hergestellt aus hochwertigen Rohstoffen in nativem Oliven\u00f6l extra, geeignet f\u00fcr Vorspeisen und Dressings<\/em><\/p>\n<p>1 Flasche mit 100 ml: <strong>Orangendressing<\/strong> <a href=\"https:\/\/www.oliocentrica.it\/de\/shop\/orange-dressing-auf-basis-von-nativem-olivenol-extra\/\"><em>mehr lesen<\/em><\/a> &#8211; <strong>Oliocentrica<\/strong> <a href=\"https:\/\/www.oliocentrica.it\/de\/oliocentrica\/\"><em>mehr lesen<\/em><\/a><br \/>\n<em>Dressing mit Orangengeschmack auf der Basis von nativem Oliven\u00f6l extra, geeignet zum Kochen (oder Marinieren) von Huhn, Ente, Pute, Fisch oder zum Dressing eines gemischten Salats, vorzugsweise mit rohem Fenchel und schwarzen Oliven<\/em><\/p>\n<p>n.1 250-g-Glas extra Marmelade aus: <strong>Rote Zwiebeln <\/strong> <a href=\"https:\/\/www.oliocentrica.it\/de\/shop\/rote-zwiebeln-extra-marmelade\/\"><em>mehr lesen<\/em><\/a> &#8211; <strong>Oliocentrica<\/strong> <a href=\"https:\/\/www.oliocentrica.it\/de\/oliocentrica\/\"><em>mehr lesen<\/em><\/a><br \/>\n<em>Hervorragend geeignet, um den Geschmack von besonders schmackhaftem gereiftem K\u00e4se zu verbessern, sehr gut zu gekochtem Fleisch, Lammkoteletts, Wild oder Fisch-Carpaccio wie Thunfisch<\/em><\/p>\n<p>n.1 320-g-Glas mit: <strong>Brokkoli in nativem Oliven\u00f6l extra<\/strong> <a href=\"https:\/\/www.oliocentrica.it\/de\/shop\/brokkoli-in-nativem-olivenol-extra\/\"><em>mehr lesen<\/em><\/a> &#8211; <strong>Oliocentrica<\/strong> <a href=\"https:\/\/www.oliocentrica.it\/de\/oliocentrica\/\"><em>mehr lesen<\/em><\/a><br \/>\n<em>Ein Produkt f\u00fcr jeden Anlass, das keine Jahreszeiten kennt. In einer Vorspeise, auf einem Schneidebrett als Aperitif, beim Abendessen oder Mittagessen als Beilage, die Verwendung, die Sie bevorzugen, bleibt Ihnen \u00fcberlassen<\/em><\/p>\n<p>n.1 40 g Glas Chilipulver: <strong>Pep\u00e8 piccante<\/strong> <a href=\"https:\/\/www.oliocentrica.it\/de\/shop\/pepe-piccante\/\"><em>mehr lesen<\/em><\/a> &#8211; <strong>F.lli Renzo<\/strong> <a href=\"https:\/\/www.oliocentrica.it\/de\/fratelli-renzo\/\"><em>mehr lesen<\/em><\/a><br \/>\n<em>Ein scharfes Chilipulver mit kalabrischem Geschmack, seltsamerweise nicht sehr scharf, das jedes Kochrezept in Geschmack und Farbe aufwerten kann<\/em><\/p>\n<p>n.1 250-g-Glas mit: <strong>Pistazien-Streichcreme mit nativem Oliven\u00f6l extra<\/strong> <a href=\"https:\/\/www.oliocentrica.it\/de\/shop\/pistazien-streichcreme-mit-nativem-olivenol-extra\/\"><em>mehr lesen<\/em><\/a> &#8211; <strong>Oliocentrica<\/strong> <a href=\"https:\/\/www.oliocentrica.it\/de\/oliocentrica\/\"><em>mehr lesen<\/em><\/a><br \/>\n<em>Ideal zum Bestreichen von Brot, Keksen oder Kuchen. Hervorragend zum Garnieren und F\u00fcllen von Kuchen und Eis oder als Basis f\u00fcr Parfaits und Torten<\/em><\/p>\n<p>Nr. 1 290-g-Glas: <strong>Nat\u00fcrliche gelbe Tomaten<\/strong> <a href=\"https:\/\/www.oliocentrica.it\/de\/shop\/naturliche-gelbe-tomaten\/\"><em>mehr lesen<\/em><\/a> &#8211; <strong>La Valle dell&#8217;Usignolo<\/strong> <a href=\"https:\/\/www.oliocentrica.it\/de\/la-valle-dell-usignolo\/\"><em>mehr lesen<\/em><\/a><br \/>\n<em>F\u00fcr den Rest des Jahres in der Vorratskammer aufbewahren. Stellen Sie es sich einfach von der Pflanze gepfl\u00fcckt vor und verwenden Sie es nach Ihren Gewohnheiten. Wenn die Jahreszeit es zul\u00e4sst, f\u00fcgen Sie frische Basilikumbl\u00e4tter hinzu<\/em><\/p>\n<p>n.1 190-g-Glas mit: <strong>Pastete aus schwarzen Oliven<\/strong> <a href=\"https:\/\/www.oliocentrica.it\/de\/shop\/pastete-aus-schwarzen-oliven\/\"><em>mehr lesen<\/em><\/a> &#8211; <strong>Oliocentrica<\/strong> <a href=\"https:\/\/www.oliocentrica.it\/de\/oliocentrica\/\"><em>mehr lesen<\/em><\/a><br \/>\n<em>Ausgew\u00e4hlte Rohstoffe, natives Oliven\u00f6l extra und Gew\u00fcrze sind das Geheimrezept dieser Pastete, die jedem Gericht eine einzigartige Note verleihen kann<\/em><\/p>\n<p>n.1 Flasche mit 250 ml: <strong>Kiwi-Essig<\/strong> <a href=\"https:\/\/www.oliocentrica.it\/de\/shop\/nr-2-kiwi-essig\/\"><em>mehr lesen<\/em><\/a> &#8211; <strong>L&#8217;Agro del Kiwi<\/strong><br \/>\n<em>2 Jahre in Glasballons gereift, ist der Geschmack lebhaft und l\u00e4sst sich leicht mit jedem Gericht kombinieren, ideal f\u00fcr frische und schnelle Rezepte. Ein neuer nat\u00fcrlicher Aroma- und Geschmacksverst\u00e4rker, reich an gesundheitsf\u00f6rdernden Eigenschaften<\/em><\/p>\n<p>n.1 200-g-Glas mit: <strong>Kaffeesahne<\/strong> <a href=\"https:\/\/www.oliocentrica.it\/de\/shop\/kaffeesahne\/\"><em>mehr lesen<\/em><\/a> &#8211; <strong>Oliocentrica<\/strong> <a href=\"https:\/\/www.oliocentrica.it\/de\/oliocentrica\/\"><em>mehr lesen<\/em><\/a><br \/>\n<em>Diese streichf\u00e4hige Creme wurde f\u00fcr Liebhaber des ger\u00f6steten und intensiven Kaffeegeschmacks entwickelt und kann mit Brot oder Zwieback verwendet werden. als F\u00fcllung f\u00fcr Desserts oder anstelle des S\u00fc\u00dfstoffs im Kaffee selbst<\/em><\/p>\n<p>1 Packung mit 500 g: <strong>Spaghettone Sondergr\u00f6\u00dfe<\/strong> <a href=\"https:\/\/www.oliocentrica.it\/it\/shop\/spaghettone-formato-speciale\/\"><em>mehr lesen<\/em><\/a> &#8211; <strong>Pastificio Masciarelli<\/strong> <a href=\"https:\/\/www.oliocentrica.it\/de\/pastificio-masciarelli\/\"><em>mehr lesen<\/em><\/a><br \/>\n<em>Die organoleptischen Eigenschaften des Grie\u00dfes erm\u00f6glichen es Ihnen, den wahren Geschmack einer handwerklichen Pasta zu genie\u00dfen, die sich durch ihre typische Rauheit und Rauheit auszeichnet. Spaghetti Masciarelli, 2,45 mm dick, mit Muscheln werden cremig und lecker wie in einem Restaurant<\/em><\/p>\n","protected":false},"excerpt":{"rendered":"<p>Ein au\u00dfergew\u00f6hnlicher Geschenkvorschlag, eine Auswahl von 13 gastronomischen Produkten h\u00f6chster Qualit\u00e4t, die Sie am Tisch, vom Fr\u00fchst\u00fcck bis zum Abendessen, auf einer unvergesslichen Gourmetreise begleiten.<\/p>\n<p><em>Probieren Sie das Orangen-Dressing zu Zubereitungen aus hellem Fleisch, Fisch oder einem Fenchelsalat<\/em><\/p>\n<p>13 Produkte + ein nettes \u00dcberraschungsgeschenk<\/p>\n<p><strong><a href=\"https:\/\/www.oliocentrica.it\/de\/shop\/olivastro\/\">Olivastro<\/a> &#8211; natives Oliven\u00f6l extra &#8211; <a href=\"https:\/\/www.oliocentrica.it\/de\/quattrociocchi\/\">Quattrociocchi<\/a><br \/>\n<a href=\"https:\/\/www.oliocentrica.it\/de\/shop\/bella-di-cerignola\/\">Bella di Cerignola<\/a> &#8211; Oliven in Salzlake &#8211; <a href=\"https:\/\/www.oliocentrica.it\/de\/francesco-gabriele\/\">Francesco Gabriele<\/a><br \/>\n<a href=\"https:\/\/www.oliocentrica.it\/de\/shop\/artischockenpastete\/\">Artischockenpastete<\/a> &#8211; <a href=\"https:\/\/www.oliocentrica.it\/de\/oliocentrica\/\">Oliocentrica<\/a><br \/>\n<a href=\"https:\/\/www.oliocentrica.it\/de\/shop\/orange-dressing-auf-basis-von-nativem-olivenol-extra\/\">Orangendressing<\/a> &#8211; <a href=\"https:\/\/www.oliocentrica.it\/de\/oliocentrica\/\">Oliocentrica<\/a><br \/>\n<a href=\"https:\/\/www.oliocentrica.it\/de\/shop\/rote-zwiebeln-extra-marmelade\/\">Rote Zwiebel<\/a> &#8211; Marmelade &#8211; <a href=\"https:\/\/www.oliocentrica.it\/de\/oliocentrica\/\">Oliocentrica<\/a><br \/>\n<a href=\"https:\/\/www.oliocentrica.it\/de\/shop\/brokkoli-in-nativem-olivenol-extra\/\">Brokkoli in nativem Oliven\u00f6l extra<\/a> &#8211; <a href=\"https:\/\/www.oliocentrica.it\/de\/oliocentrica\/\">Oliocentrica<\/a><br \/>\n<a href=\"https:\/\/www.oliocentrica.it\/de\/shop\/pepe-piccante\/\">Pep\u00e8 piccante<\/a> &#8211; Chilipulver &#8211; <a href=\"https:\/\/www.oliocentrica.it\/de\/fratelli-renzo\/\">F.lli Renzo<\/a><br \/>\n<a href=\"https:\/\/www.oliocentrica.it\/de\/shop\/pistazien-streichcreme-mit-nativem-olivenol-extra\/\">Pistazie<\/a> &#8211; s\u00fc\u00dfe Creme mit nativem Oliven\u00f6l extra &#8211; <a href=\"https:\/\/www.oliocentrica.it\/de\/oliocentrica\/\">Oliocentrica<\/a><br \/>\n<a href=\"https:\/\/www.oliocentrica.it\/de\/shop\/naturliche-gelbe-tomaten\/\">Nat\u00fcrliche gelbe Tomaten<\/a> &#8211; <a href=\"https:\/\/www.oliocentrica.it\/de\/la-valle-dell-usignolo\/\">La Valle dell&#8217;Usignolo<\/a><br \/>\n<a href=\"https:\/\/www.oliocentrica.it\/de\/shop\/pastete-aus-schwarzen-oliven\/\">Pastete aus schwarzen Oliven<\/a> &#8211; Creme mit nativem Oliven\u00f6l extra &#8211; <a href=\"https:\/\/www.oliocentrica.it\/de\/oliocentrica\/\">Oliocentrica<\/a><br \/>\n<a href=\"https:\/\/www.oliocentrica.it\/de\/shop\/nr-2-kiwi-essig\/\">Kiwi-Essig 2<\/a> &#8211; Die S\u00e4ure der Kiwi<br \/>\n<a href=\"https:\/\/www.oliocentrica.it\/de\/shop\/kaffeesahne\/\">Kaffeesahne<\/a> &#8211; <a href=\"https:\/\/www.oliocentrica.it\/de\/oliocentrica\/\">Oliocentrica<\/a><br \/>\n<a href=\"https:\/\/www.oliocentrica.it\/it\/shop\/spaghettone-formato-speciale\/\">Spaghetti-Sondergr\u00f6\u00dfe<\/a> &#8211; <a href=\"https:\/\/www.oliocentrica.it\/de\/pastificio-masciarelli\/\">Pastificio Masciarelli<\/a><\/strong><\/p>\n<p><strong>BITTE BEACHTEN SIE, DASS DIE ZUSAMMENSETZUNG DER VERPACKUNG JE NACH VERF\u00dcGBARKEIT DES PRODUKTS VARIIEREN KANN.<\/strong><\/p>\n","protected":false},"featured_media":16174,"comment_status":"closed","ping_status":"closed","template":"","meta":[],"pwb-brand":[253],"product_cat":[248],"product_tag":[],"acf":[],"yoast_head":"<!-- This site is optimized with the Yoast SEO plugin v24.5 - https:\/\/yoast.com\/wordpress\/plugins\/seo\/ -->\n<title>Periplus des Geschmacks - Oliocentrica<\/title>\n<meta name=\"robots\" content=\"index, follow, max-snippet:-1, max-image-preview:large, max-video-preview:-1\" \/>\n<link rel=\"canonical\" href=\"https:\/\/www.oliocentrica.it\/de\/shop\/periplus-des-geschmacks\/\" \/>\n<meta property=\"og:locale\" content=\"de_DE\" \/>\n<meta property=\"og:type\" content=\"article\" \/>\n<meta property=\"og:title\" content=\"Periplus des Geschmacks - Oliocentrica\" \/>\n<meta property=\"og:description\" content=\"Ein au\u00dfergew\u00f6hnlicher Geschenkvorschlag, eine Auswahl von 13 gastronomischen Produkten h\u00f6chster Qualit\u00e4t, die Sie am Tisch, vom Fr\u00fchst\u00fcck bis zum Abendessen, auf einer unvergesslichen Gourmetreise begleiten.  Probieren Sie das Orangen-Dressing zu Zubereitungen aus hellem Fleisch, Fisch oder einem Fenchelsalat  13 Produkte + ein nettes \u00dcberraschungsgeschenk  Olivastro - natives Oliven\u00f6l extra - Quattrociocchi Bella di Cerignola - Oliven in Salzlake - Francesco Gabriele Artischockenpastete - Oliocentrica Orangendressing - Oliocentrica Rote Zwiebel - Marmelade - Oliocentrica Brokkoli in nativem Oliven\u00f6l extra - Oliocentrica Pep\u00e8 piccante - Chilipulver - F.lli Renzo Pistazie - s\u00fc\u00dfe Creme mit nativem Oliven\u00f6l extra - Oliocentrica Nat\u00fcrliche gelbe Tomaten - La Valle dell&#039;Usignolo Pastete aus schwarzen Oliven - Creme mit nativem Oliven\u00f6l extra - Oliocentrica Kiwi-Essig 2 - Die S\u00e4ure der Kiwi Kaffeesahne - Oliocentrica Spaghetti-Sondergr\u00f6\u00dfe - Pastificio Masciarelli  BITTE BEACHTEN SIE, DASS DIE ZUSAMMENSETZUNG DER VERPACKUNG JE NACH VERF\u00dcGBARKEIT DES PRODUKTS VARIIEREN KANN.\" \/>\n<meta property=\"og:url\" content=\"https:\/\/www.oliocentrica.it\/de\/shop\/periplus-des-geschmacks\/\" \/>\n<meta property=\"og:site_name\" content=\"Oliocentrica\" \/>\n<meta property=\"article:publisher\" content=\"https:\/\/www.facebook.com\/Oliocentrica\" \/>\n<meta property=\"article:modified_time\" content=\"2023-11-09T11:47:00+00:00\" \/>\n<meta property=\"og:image\" content=\"https:\/\/www.oliocentrica.it\/wp-content\/uploads\/2021\/11\/periplo-del-gusto.jpg\" \/>\n\t<meta property=\"og:image:width\" content=\"800\" \/>\n\t<meta property=\"og:image:height\" content=\"800\" \/>\n\t<meta property=\"og:image:type\" content=\"image\/jpeg\" \/>\n<meta name=\"twitter:card\" content=\"summary_large_image\" \/>\n<meta name=\"twitter:label1\" content=\"Gesch\u00e4tzte Lesezeit\" \/>\n\t<meta name=\"twitter:data1\" content=\"3\u00a0Minuten\" \/>\n<script type=\"application\/ld+json\" class=\"yoast-schema-graph\">{\"@context\":\"https:\/\/schema.org\",\"@graph\":[{\"@type\":\"WebPage\",\"@id\":\"https:\/\/www.oliocentrica.it\/de\/shop\/periplus-des-geschmacks\/\",\"url\":\"https:\/\/www.oliocentrica.it\/de\/shop\/periplus-des-geschmacks\/\",\"name\":\"Periplus des Geschmacks - Oliocentrica\",\"isPartOf\":{\"@id\":\"https:\/\/www.oliocentrica.it\/de\/#website\"},\"primaryImageOfPage\":{\"@id\":\"https:\/\/www.oliocentrica.it\/de\/shop\/periplus-des-geschmacks\/#primaryimage\"},\"image\":{\"@id\":\"https:\/\/www.oliocentrica.it\/de\/shop\/periplus-des-geschmacks\/#primaryimage\"},\"thumbnailUrl\":\"https:\/\/www.oliocentrica.it\/wp-content\/uploads\/2021\/11\/periplo-del-gusto.jpg\",\"datePublished\":\"2021-11-29T11:17:42+00:00\",\"dateModified\":\"2023-11-09T11:47:00+00:00\",\"breadcrumb\":{\"@id\":\"https:\/\/www.oliocentrica.it\/de\/shop\/periplus-des-geschmacks\/#breadcrumb\"},\"inLanguage\":\"de\",\"potentialAction\":[{\"@type\":\"ReadAction\",\"target\":[\"https:\/\/www.oliocentrica.it\/de\/shop\/periplus-des-geschmacks\/\"]}]},{\"@type\":\"ImageObject\",\"inLanguage\":\"de\",\"@id\":\"https:\/\/www.oliocentrica.it\/de\/shop\/periplus-des-geschmacks\/#primaryimage\",\"url\":\"https:\/\/www.oliocentrica.it\/wp-content\/uploads\/2021\/11\/periplo-del-gusto.jpg\",\"contentUrl\":\"https:\/\/www.oliocentrica.it\/wp-content\/uploads\/2021\/11\/periplo-del-gusto.jpg\",\"width\":800,\"height\":800,\"caption\":\"periplo del gusto\"},{\"@type\":\"BreadcrumbList\",\"@id\":\"https:\/\/www.oliocentrica.it\/de\/shop\/periplus-des-geschmacks\/#breadcrumb\",\"itemListElement\":[{\"@type\":\"ListItem\",\"position\":1,\"name\":\"Home\",\"item\":\"https:\/\/www.oliocentrica.it\/de\/\"},{\"@type\":\"ListItem\",\"position\":2,\"name\":\"Shop\",\"item\":\"https:\/\/www.oliocentrica.it\/de\/shop\/\"},{\"@type\":\"ListItem\",\"position\":3,\"name\":\"Periplus des Geschmacks\"}]},{\"@type\":\"WebSite\",\"@id\":\"https:\/\/www.oliocentrica.it\/de\/#website\",\"url\":\"https:\/\/www.oliocentrica.it\/de\/\",\"name\":\"Oliocentrica\",\"description\":\"il filo d\u2019olio tra cibo e salute\",\"publisher\":{\"@id\":\"https:\/\/www.oliocentrica.it\/de\/#organization\"},\"potentialAction\":[{\"@type\":\"SearchAction\",\"target\":{\"@type\":\"EntryPoint\",\"urlTemplate\":\"https:\/\/www.oliocentrica.it\/de\/?s={search_term_string}\"},\"query-input\":{\"@type\":\"PropertyValueSpecification\",\"valueRequired\":true,\"valueName\":\"search_term_string\"}}],\"inLanguage\":\"de\"},{\"@type\":\"Organization\",\"@id\":\"https:\/\/www.oliocentrica.it\/de\/#organization\",\"name\":\"Oliocentrica Srls\",\"url\":\"https:\/\/www.oliocentrica.it\/de\/\",\"logo\":{\"@type\":\"ImageObject\",\"inLanguage\":\"de\",\"@id\":\"https:\/\/www.oliocentrica.it\/de\/#\/schema\/logo\/image\/\",\"url\":\"https:\/\/www.oliocentrica.it\/wp-content\/uploads\/2021\/05\/logo_oliocentrica-1.png\",\"contentUrl\":\"https:\/\/www.oliocentrica.it\/wp-content\/uploads\/2021\/05\/logo_oliocentrica-1.png\",\"width\":250,\"height\":81,\"caption\":\"Oliocentrica Srls\"},\"image\":{\"@id\":\"https:\/\/www.oliocentrica.it\/de\/#\/schema\/logo\/image\/\"},\"sameAs\":[\"https:\/\/www.facebook.com\/Oliocentrica\",\"https:\/\/www.instagram.com\/oliocentrica\"]}]}<\/script>\n<!-- \/ Yoast SEO plugin. -->","yoast_head_json":{"title":"Periplus des Geschmacks - Oliocentrica","robots":{"index":"index","follow":"follow","max-snippet":"max-snippet:-1","max-image-preview":"max-image-preview:large","max-video-preview":"max-video-preview:-1"},"canonical":"https:\/\/www.oliocentrica.it\/de\/shop\/periplus-des-geschmacks\/","og_locale":"de_DE","og_type":"article","og_title":"Periplus des Geschmacks - Oliocentrica","og_description":"Ein au\u00dfergew\u00f6hnlicher Geschenkvorschlag, eine Auswahl von 13 gastronomischen Produkten h\u00f6chster Qualit\u00e4t, die Sie am Tisch, vom Fr\u00fchst\u00fcck bis zum Abendessen, auf einer unvergesslichen Gourmetreise begleiten.  Probieren Sie das Orangen-Dressing zu Zubereitungen aus hellem Fleisch, Fisch oder einem Fenchelsalat  13 Produkte + ein nettes \u00dcberraschungsgeschenk  Olivastro - natives Oliven\u00f6l extra - Quattrociocchi Bella di Cerignola - Oliven in Salzlake - Francesco Gabriele Artischockenpastete - Oliocentrica Orangendressing - Oliocentrica Rote Zwiebel - Marmelade - Oliocentrica Brokkoli in nativem Oliven\u00f6l extra - Oliocentrica Pep\u00e8 piccante - Chilipulver - F.lli Renzo Pistazie - s\u00fc\u00dfe Creme mit nativem Oliven\u00f6l extra - Oliocentrica Nat\u00fcrliche gelbe Tomaten - La Valle dell'Usignolo Pastete aus schwarzen Oliven - Creme mit nativem Oliven\u00f6l extra - Oliocentrica Kiwi-Essig 2 - Die S\u00e4ure der Kiwi Kaffeesahne - Oliocentrica Spaghetti-Sondergr\u00f6\u00dfe - Pastificio Masciarelli  BITTE BEACHTEN SIE, DASS DIE ZUSAMMENSETZUNG DER VERPACKUNG JE NACH VERF\u00dcGBARKEIT DES PRODUKTS VARIIEREN KANN.","og_url":"https:\/\/www.oliocentrica.it\/de\/shop\/periplus-des-geschmacks\/","og_site_name":"Oliocentrica","article_publisher":"https:\/\/www.facebook.com\/Oliocentrica","article_modified_time":"2023-11-09T11:47:00+00:00","og_image":[{"width":800,"height":800,"url":"https:\/\/www.oliocentrica.it\/wp-content\/uploads\/2021\/11\/periplo-del-gusto.jpg","type":"image\/jpeg"}],"twitter_card":"summary_large_image","twitter_misc":{"Gesch\u00e4tzte Lesezeit":"3\u00a0Minuten"},"schema":{"@context":"https:\/\/schema.org","@graph":[{"@type":"WebPage","@id":"https:\/\/www.oliocentrica.it\/de\/shop\/periplus-des-geschmacks\/","url":"https:\/\/www.oliocentrica.it\/de\/shop\/periplus-des-geschmacks\/","name":"Periplus des Geschmacks - Oliocentrica","isPartOf":{"@id":"https:\/\/www.oliocentrica.it\/de\/#website"},"primaryImageOfPage":{"@id":"https:\/\/www.oliocentrica.it\/de\/shop\/periplus-des-geschmacks\/#primaryimage"},"image":{"@id":"https:\/\/www.oliocentrica.it\/de\/shop\/periplus-des-geschmacks\/#primaryimage"},"thumbnailUrl":"https:\/\/www.oliocentrica.it\/wp-content\/uploads\/2021\/11\/periplo-del-gusto.jpg","datePublished":"2021-11-29T11:17:42+00:00","dateModified":"2023-11-09T11:47:00+00:00","breadcrumb":{"@id":"https:\/\/www.oliocentrica.it\/de\/shop\/periplus-des-geschmacks\/#breadcrumb"},"inLanguage":"de","potentialAction":[{"@type":"ReadAction","target":["https:\/\/www.oliocentrica.it\/de\/shop\/periplus-des-geschmacks\/"]}]},{"@type":"ImageObject","inLanguage":"de","@id":"https:\/\/www.oliocentrica.it\/de\/shop\/periplus-des-geschmacks\/#primaryimage","url":"https:\/\/www.oliocentrica.it\/wp-content\/uploads\/2021\/11\/periplo-del-gusto.jpg","contentUrl":"https:\/\/www.oliocentrica.it\/wp-content\/uploads\/2021\/11\/periplo-del-gusto.jpg","width":800,"height":800,"caption":"periplo del gusto"},{"@type":"BreadcrumbList","@id":"https:\/\/www.oliocentrica.it\/de\/shop\/periplus-des-geschmacks\/#breadcrumb","itemListElement":[{"@type":"ListItem","position":1,"name":"Home","item":"https:\/\/www.oliocentrica.it\/de\/"},{"@type":"ListItem","position":2,"name":"Shop","item":"https:\/\/www.oliocentrica.it\/de\/shop\/"},{"@type":"ListItem","position":3,"name":"Periplus des Geschmacks"}]},{"@type":"WebSite","@id":"https:\/\/www.oliocentrica.it\/de\/#website","url":"https:\/\/www.oliocentrica.it\/de\/","name":"Oliocentrica","description":"il filo d\u2019olio tra cibo e salute","publisher":{"@id":"https:\/\/www.oliocentrica.it\/de\/#organization"},"potentialAction":[{"@type":"SearchAction","target":{"@type":"EntryPoint","urlTemplate":"https:\/\/www.oliocentrica.it\/de\/?s={search_term_string}"},"query-input":{"@type":"PropertyValueSpecification","valueRequired":true,"valueName":"search_term_string"}}],"inLanguage":"de"},{"@type":"Organization","@id":"https:\/\/www.oliocentrica.it\/de\/#organization","name":"Oliocentrica Srls","url":"https:\/\/www.oliocentrica.it\/de\/","logo":{"@type":"ImageObject","inLanguage":"de","@id":"https:\/\/www.oliocentrica.it\/de\/#\/schema\/logo\/image\/","url":"https:\/\/www.oliocentrica.it\/wp-content\/uploads\/2021\/05\/logo_oliocentrica-1.png","contentUrl":"https:\/\/www.oliocentrica.it\/wp-content\/uploads\/2021\/05\/logo_oliocentrica-1.png","width":250,"height":81,"caption":"Oliocentrica Srls"},"image":{"@id":"https:\/\/www.oliocentrica.it\/de\/#\/schema\/logo\/image\/"},"sameAs":["https:\/\/www.facebook.com\/Oliocentrica","https:\/\/www.instagram.com\/oliocentrica"]}]}},"brands":[{"id":253,"name":"Oliocentrica","slug":"oliocentrica"}],"_links":{"self":[{"href":"https:\/\/www.oliocentrica.it\/de\/wp-json\/wp\/v2\/product\/14694"}],"collection":[{"href":"https:\/\/www.oliocentrica.it\/de\/wp-json\/wp\/v2\/product"}],"about":[{"href":"https:\/\/www.oliocentrica.it\/de\/wp-json\/wp\/v2\/types\/product"}],"replies":[{"embeddable":true,"href":"https:\/\/www.oliocentrica.it\/de\/wp-json\/wp\/v2\/comments?post=14694"}],"wp:featuredmedia":[{"embeddable":true,"href":"https:\/\/www.oliocentrica.it\/de\/wp-json\/wp\/v2\/media\/16174"}],"wp:attachment":[{"href":"https:\/\/www.oliocentrica.it\/de\/wp-json\/wp\/v2\/media?parent=14694"}],"wp:term":[{"taxonomy":"pwb-brand","embeddable":true,"href":"https:\/\/www.oliocentrica.it\/de\/wp-json\/wp\/v2\/pwb-brand?post=14694"},{"taxonomy":"product_cat","embeddable":true,"href":"https:\/\/www.oliocentrica.it\/de\/wp-json\/wp\/v2\/product_cat?post=14694"},{"taxonomy":"product_tag","embeddable":true,"href":"https:\/\/www.oliocentrica.it\/de\/wp-json\/wp\/v2\/product_tag?post=14694"}],"curies":[{"name":"wp","href":"https:\/\/api.w.org\/{rel}","templated":true}]}}