{"id":14693,"date":"2021-11-29T16:34:16","date_gmt":"2021-11-29T15:34:16","guid":{"rendered":"https:\/\/www.oliocentrica.it\/shop\/gourmet-passage\/"},"modified":"2023-11-09T12:45:52","modified_gmt":"2023-11-09T11:45:52","slug":"gourmet-passage","status":"publish","type":"product","link":"https:\/\/www.oliocentrica.it\/de\/shop\/gourmet-passage\/","title":{"rendered":"Gourmet-Passage"},"content":{"rendered":"<p><strong><em>Eine elegante, hochwertige und widerstandsf\u00e4hige Kartonschachtel mit 4 Produkten + einem netten \u00dcberraschungsgeschenk<\/em>:<\/strong><\/p>\n<p>1 Flasche 0,50 L Oliven\u00f6l extra vergine von: Il <strong>Biologico<\/strong> <a href=\"https:\/\/www.oliocentrica.it\/de\/shop\/il-biologico\/\"><em>mehr lesen<\/em><\/a> &#8211; Mittelfruchtig: Mischung aus Paesana bianca, Paesana nera und Frantoio &#8211; <strong>Principe Pignatelli<\/strong> <a href=\"https:\/\/www.oliocentrica.it\/de\/principe-pignatelli\/\"><em>mehr lesen<\/em><\/a><br \/>\n<em>Probieren Sie es mit\u2026 Fischsuppe, Gem\u00fcsecroutons und dampfender H\u00fclsenfruchtsuppe<\/em><\/p>\n<p>1 Glas 600 g schwarze Oliven von: <strong>Nera<\/strong> <a href=\"https:\/\/www.oliocentrica.it\/shop\/de\/nera\/\"><em>mehr lesen<\/em><\/a> &#8211; Schwarze Oliven der Sorte Itrana &#8211; <strong>Oliocentrica<\/strong> <a href=\"https:\/\/www.oliocentrica.it\/de\/oliocentrica\/\"><em>mehr lesen<\/em><\/a><br \/>\n<em>Ideal f\u00fcr die Zubereitung von rustikalen Pizzen mit Gem\u00fcse (perfekt ist die Endivie), um Salate, Fischzubereitungen, Focaccias oder Spezialbrote zu bereichern<\/em><\/p>\n<p>n.1 190 g Pastete: <strong>Getrocknete Tomaten<\/strong> <a href=\"https:\/\/www.oliocentrica.it\/de\/shop\/pastete-aus-getrockneten-tomaten\/\"><em>mehr lesen<\/em><\/a> &#8211; <strong>Oliocentrica<\/strong> <a href=\"https:\/\/www.oliocentrica.it\/de\/oliocentrica\/\"><em>mehr lesen<\/em><\/a><br \/>\n<em>Es kann verwendet werden, um sehr schmackhafte Bruschetta zu garnieren oder jede Art von trockener Pasta zu w\u00fcrzen oder Saucen, H\u00fclsenfr\u00fcchte- oder Gem\u00fcsesuppen zu w\u00fcrzen.<\/em><\/p>\n<p>n.1 350-g-Glas extra Marmelade aus: <strong>Himbeeren<\/strong> <a href=\"https:\/\/www.oliocentrica.it\/de\/shop\/extra-marmelade-himbeeren\/\"><em>mehr lesen<\/em><\/a> &#8211; <strong>Oliocentrica<\/strong> <a href=\"https:\/\/www.oliocentrica.it\/de\/oliocentrica\/\"><em>mehr lesen<\/em><\/a><br \/>\n<em>Mit seinem intensiven Geschmack und seinem authentischen Aroma eignet er sich pur, als Brotaufstrich, als Beilage zu K\u00e4se, Ricotta oder als Basis f\u00fcr verschiedene Desserts und Pasteten.<\/em><\/p>\n","protected":false},"excerpt":{"rendered":"<p>Ein au\u00dfergew\u00f6hnlicher Geschenkvorschlag, eine Auswahl von 4 gastronomischen Produkten h\u00f6chster Qualit\u00e4t, die Sie am Tisch, vom Fr\u00fchst\u00fcck bis zum Abendessen, auf einer unvergesslichen Gourmetreise begleiten.<\/p>\n<p><em>Bevorzugen Sie extra Himbeermarmelade zu einem milden, leicht gew\u00fcrzten K\u00e4se oder auf einer M\u00fcsli-Toastscheibe?<\/em><\/p>\n<p>4 Produkte + ein nettes \u00dcberraschungsgeschenk<\/p>\n<p><strong><a href=\"https:\/\/www.oliocentrica.it\/de\/shop\/il-biologico\/\">Il Biologico<\/a> &#8211; Oliven\u00f6l extra vergine &#8211; <a href=\"https:\/\/www.oliocentrica.it\/de\/principe-pignatelli\/\">Principe Pignatelli<\/a><br \/>\n<a href=\"https:\/\/www.oliocentrica.it\/shop\/de\/nera\/\">Nera<\/a> &#8211; Oliven in Salzlake &#8211; <a href=\"https:\/\/www.oliocentrica.it\/de\/oliocentrica\/\">Oliocentrica<\/a><br \/>\n<a href=\"https:\/\/www.oliocentrica.it\/de\/shop\/pastete-aus-getrockneten-tomaten\/\">Pastete aus getrockneten Tomaten<\/a> &#8211; <a href=\"https:\/\/www.oliocentrica.it\/de\/oliocentrica\/\">Oliocentrica<\/a><br \/>\n<a href=\"https:\/\/www.oliocentrica.it\/de\/shop\/extra-marmelade-himbeeren\/\">Himbeeren<\/a> &#8211; extra Marmelade &#8211; <a href=\"https:\/\/www.oliocentrica.it\/de\/oliocentrica\/\">Oliocentrica<\/a><\/strong><\/p>\n<p><strong>BITTE BEACHTEN SIE, DASS DIE ZUSAMMENSETZUNG DER VERPACKUNG JE NACH VERF\u00dcGBARKEIT DES PRODUKTS VARIIEREN KANN.<\/strong><\/p>\n","protected":false},"featured_media":14072,"comment_status":"closed","ping_status":"closed","template":"","meta":[],"pwb-brand":[253],"product_cat":[248],"product_tag":[],"acf":[],"yoast_head":"<!-- This site is optimized with the Yoast SEO plugin v24.5 - https:\/\/yoast.com\/wordpress\/plugins\/seo\/ -->\n<title>Gourmet-Passage - Oliocentrica<\/title>\n<meta name=\"robots\" content=\"index, follow, max-snippet:-1, max-image-preview:large, max-video-preview:-1\" \/>\n<link rel=\"canonical\" href=\"https:\/\/www.oliocentrica.it\/de\/shop\/gourmet-passage\/\" \/>\n<meta property=\"og:locale\" content=\"de_DE\" \/>\n<meta property=\"og:type\" content=\"article\" \/>\n<meta property=\"og:title\" content=\"Gourmet-Passage - Oliocentrica\" \/>\n<meta property=\"og:description\" content=\"Ein au\u00dfergew\u00f6hnlicher Geschenkvorschlag, eine Auswahl von 4 gastronomischen Produkten h\u00f6chster Qualit\u00e4t, die Sie am Tisch, vom Fr\u00fchst\u00fcck bis zum Abendessen, auf einer unvergesslichen Gourmetreise begleiten.  Bevorzugen Sie extra Himbeermarmelade zu einem milden, leicht gew\u00fcrzten K\u00e4se oder auf einer M\u00fcsli-Toastscheibe?  4 Produkte + ein nettes \u00dcberraschungsgeschenk  Il Biologico - Oliven\u00f6l extra vergine - Principe Pignatelli Nera - Oliven in Salzlake - Oliocentrica Pastete aus getrockneten Tomaten - Oliocentrica Himbeeren - extra Marmelade - Oliocentrica  BITTE BEACHTEN SIE, DASS DIE ZUSAMMENSETZUNG DER VERPACKUNG JE NACH VERF\u00dcGBARKEIT DES PRODUKTS VARIIEREN KANN.\" \/>\n<meta property=\"og:url\" content=\"https:\/\/www.oliocentrica.it\/de\/shop\/gourmet-passage\/\" \/>\n<meta property=\"og:site_name\" content=\"Oliocentrica\" \/>\n<meta property=\"article:publisher\" content=\"https:\/\/www.facebook.com\/Oliocentrica\" \/>\n<meta property=\"article:modified_time\" content=\"2023-11-09T11:45:52+00:00\" \/>\n<meta property=\"og:image\" content=\"https:\/\/www.oliocentrica.it\/wp-content\/uploads\/2021\/11\/oliocentrica-passaggio-gourmet.jpg\" \/>\n\t<meta property=\"og:image:width\" content=\"800\" \/>\n\t<meta property=\"og:image:height\" content=\"800\" \/>\n\t<meta property=\"og:image:type\" content=\"image\/jpeg\" \/>\n<meta name=\"twitter:card\" content=\"summary_large_image\" \/>\n<meta name=\"twitter:label1\" content=\"Gesch\u00e4tzte Lesezeit\" \/>\n\t<meta name=\"twitter:data1\" content=\"1\u00a0Minute\" \/>\n<script type=\"application\/ld+json\" class=\"yoast-schema-graph\">{\"@context\":\"https:\/\/schema.org\",\"@graph\":[{\"@type\":\"WebPage\",\"@id\":\"https:\/\/www.oliocentrica.it\/de\/shop\/gourmet-passage\/\",\"url\":\"https:\/\/www.oliocentrica.it\/de\/shop\/gourmet-passage\/\",\"name\":\"Gourmet-Passage - Oliocentrica\",\"isPartOf\":{\"@id\":\"https:\/\/www.oliocentrica.it\/de\/#website\"},\"primaryImageOfPage\":{\"@id\":\"https:\/\/www.oliocentrica.it\/de\/shop\/gourmet-passage\/#primaryimage\"},\"image\":{\"@id\":\"https:\/\/www.oliocentrica.it\/de\/shop\/gourmet-passage\/#primaryimage\"},\"thumbnailUrl\":\"https:\/\/www.oliocentrica.it\/wp-content\/uploads\/2021\/11\/oliocentrica-passaggio-gourmet.jpg\",\"datePublished\":\"2021-11-29T15:34:16+00:00\",\"dateModified\":\"2023-11-09T11:45:52+00:00\",\"breadcrumb\":{\"@id\":\"https:\/\/www.oliocentrica.it\/de\/shop\/gourmet-passage\/#breadcrumb\"},\"inLanguage\":\"de\",\"potentialAction\":[{\"@type\":\"ReadAction\",\"target\":[\"https:\/\/www.oliocentrica.it\/de\/shop\/gourmet-passage\/\"]}]},{\"@type\":\"ImageObject\",\"inLanguage\":\"de\",\"@id\":\"https:\/\/www.oliocentrica.it\/de\/shop\/gourmet-passage\/#primaryimage\",\"url\":\"https:\/\/www.oliocentrica.it\/wp-content\/uploads\/2021\/11\/oliocentrica-passaggio-gourmet.jpg\",\"contentUrl\":\"https:\/\/www.oliocentrica.it\/wp-content\/uploads\/2021\/11\/oliocentrica-passaggio-gourmet.jpg\",\"width\":800,\"height\":800},{\"@type\":\"BreadcrumbList\",\"@id\":\"https:\/\/www.oliocentrica.it\/de\/shop\/gourmet-passage\/#breadcrumb\",\"itemListElement\":[{\"@type\":\"ListItem\",\"position\":1,\"name\":\"Home\",\"item\":\"https:\/\/www.oliocentrica.it\/de\/\"},{\"@type\":\"ListItem\",\"position\":2,\"name\":\"Shop\",\"item\":\"https:\/\/www.oliocentrica.it\/de\/shop\/\"},{\"@type\":\"ListItem\",\"position\":3,\"name\":\"Gourmet-Passage\"}]},{\"@type\":\"WebSite\",\"@id\":\"https:\/\/www.oliocentrica.it\/de\/#website\",\"url\":\"https:\/\/www.oliocentrica.it\/de\/\",\"name\":\"Oliocentrica\",\"description\":\"il filo d\u2019olio tra cibo e salute\",\"publisher\":{\"@id\":\"https:\/\/www.oliocentrica.it\/de\/#organization\"},\"potentialAction\":[{\"@type\":\"SearchAction\",\"target\":{\"@type\":\"EntryPoint\",\"urlTemplate\":\"https:\/\/www.oliocentrica.it\/de\/?s={search_term_string}\"},\"query-input\":{\"@type\":\"PropertyValueSpecification\",\"valueRequired\":true,\"valueName\":\"search_term_string\"}}],\"inLanguage\":\"de\"},{\"@type\":\"Organization\",\"@id\":\"https:\/\/www.oliocentrica.it\/de\/#organization\",\"name\":\"Oliocentrica Srls\",\"url\":\"https:\/\/www.oliocentrica.it\/de\/\",\"logo\":{\"@type\":\"ImageObject\",\"inLanguage\":\"de\",\"@id\":\"https:\/\/www.oliocentrica.it\/de\/#\/schema\/logo\/image\/\",\"url\":\"https:\/\/www.oliocentrica.it\/wp-content\/uploads\/2021\/05\/logo_oliocentrica-1.png\",\"contentUrl\":\"https:\/\/www.oliocentrica.it\/wp-content\/uploads\/2021\/05\/logo_oliocentrica-1.png\",\"width\":250,\"height\":81,\"caption\":\"Oliocentrica Srls\"},\"image\":{\"@id\":\"https:\/\/www.oliocentrica.it\/de\/#\/schema\/logo\/image\/\"},\"sameAs\":[\"https:\/\/www.facebook.com\/Oliocentrica\",\"https:\/\/www.instagram.com\/oliocentrica\"]}]}<\/script>\n<!-- \/ Yoast SEO plugin. -->","yoast_head_json":{"title":"Gourmet-Passage - Oliocentrica","robots":{"index":"index","follow":"follow","max-snippet":"max-snippet:-1","max-image-preview":"max-image-preview:large","max-video-preview":"max-video-preview:-1"},"canonical":"https:\/\/www.oliocentrica.it\/de\/shop\/gourmet-passage\/","og_locale":"de_DE","og_type":"article","og_title":"Gourmet-Passage - Oliocentrica","og_description":"Ein au\u00dfergew\u00f6hnlicher Geschenkvorschlag, eine Auswahl von 4 gastronomischen Produkten h\u00f6chster Qualit\u00e4t, die Sie am Tisch, vom Fr\u00fchst\u00fcck bis zum Abendessen, auf einer unvergesslichen Gourmetreise begleiten.  Bevorzugen Sie extra Himbeermarmelade zu einem milden, leicht gew\u00fcrzten K\u00e4se oder auf einer M\u00fcsli-Toastscheibe?  4 Produkte + ein nettes \u00dcberraschungsgeschenk  Il Biologico - Oliven\u00f6l extra vergine - Principe Pignatelli Nera - Oliven in Salzlake - Oliocentrica Pastete aus getrockneten Tomaten - Oliocentrica Himbeeren - extra Marmelade - Oliocentrica  BITTE BEACHTEN SIE, DASS DIE ZUSAMMENSETZUNG DER VERPACKUNG JE NACH VERF\u00dcGBARKEIT DES PRODUKTS VARIIEREN KANN.","og_url":"https:\/\/www.oliocentrica.it\/de\/shop\/gourmet-passage\/","og_site_name":"Oliocentrica","article_publisher":"https:\/\/www.facebook.com\/Oliocentrica","article_modified_time":"2023-11-09T11:45:52+00:00","og_image":[{"width":800,"height":800,"url":"https:\/\/www.oliocentrica.it\/wp-content\/uploads\/2021\/11\/oliocentrica-passaggio-gourmet.jpg","type":"image\/jpeg"}],"twitter_card":"summary_large_image","twitter_misc":{"Gesch\u00e4tzte Lesezeit":"1\u00a0Minute"},"schema":{"@context":"https:\/\/schema.org","@graph":[{"@type":"WebPage","@id":"https:\/\/www.oliocentrica.it\/de\/shop\/gourmet-passage\/","url":"https:\/\/www.oliocentrica.it\/de\/shop\/gourmet-passage\/","name":"Gourmet-Passage - Oliocentrica","isPartOf":{"@id":"https:\/\/www.oliocentrica.it\/de\/#website"},"primaryImageOfPage":{"@id":"https:\/\/www.oliocentrica.it\/de\/shop\/gourmet-passage\/#primaryimage"},"image":{"@id":"https:\/\/www.oliocentrica.it\/de\/shop\/gourmet-passage\/#primaryimage"},"thumbnailUrl":"https:\/\/www.oliocentrica.it\/wp-content\/uploads\/2021\/11\/oliocentrica-passaggio-gourmet.jpg","datePublished":"2021-11-29T15:34:16+00:00","dateModified":"2023-11-09T11:45:52+00:00","breadcrumb":{"@id":"https:\/\/www.oliocentrica.it\/de\/shop\/gourmet-passage\/#breadcrumb"},"inLanguage":"de","potentialAction":[{"@type":"ReadAction","target":["https:\/\/www.oliocentrica.it\/de\/shop\/gourmet-passage\/"]}]},{"@type":"ImageObject","inLanguage":"de","@id":"https:\/\/www.oliocentrica.it\/de\/shop\/gourmet-passage\/#primaryimage","url":"https:\/\/www.oliocentrica.it\/wp-content\/uploads\/2021\/11\/oliocentrica-passaggio-gourmet.jpg","contentUrl":"https:\/\/www.oliocentrica.it\/wp-content\/uploads\/2021\/11\/oliocentrica-passaggio-gourmet.jpg","width":800,"height":800},{"@type":"BreadcrumbList","@id":"https:\/\/www.oliocentrica.it\/de\/shop\/gourmet-passage\/#breadcrumb","itemListElement":[{"@type":"ListItem","position":1,"name":"Home","item":"https:\/\/www.oliocentrica.it\/de\/"},{"@type":"ListItem","position":2,"name":"Shop","item":"https:\/\/www.oliocentrica.it\/de\/shop\/"},{"@type":"ListItem","position":3,"name":"Gourmet-Passage"}]},{"@type":"WebSite","@id":"https:\/\/www.oliocentrica.it\/de\/#website","url":"https:\/\/www.oliocentrica.it\/de\/","name":"Oliocentrica","description":"il filo d\u2019olio tra cibo e salute","publisher":{"@id":"https:\/\/www.oliocentrica.it\/de\/#organization"},"potentialAction":[{"@type":"SearchAction","target":{"@type":"EntryPoint","urlTemplate":"https:\/\/www.oliocentrica.it\/de\/?s={search_term_string}"},"query-input":{"@type":"PropertyValueSpecification","valueRequired":true,"valueName":"search_term_string"}}],"inLanguage":"de"},{"@type":"Organization","@id":"https:\/\/www.oliocentrica.it\/de\/#organization","name":"Oliocentrica Srls","url":"https:\/\/www.oliocentrica.it\/de\/","logo":{"@type":"ImageObject","inLanguage":"de","@id":"https:\/\/www.oliocentrica.it\/de\/#\/schema\/logo\/image\/","url":"https:\/\/www.oliocentrica.it\/wp-content\/uploads\/2021\/05\/logo_oliocentrica-1.png","contentUrl":"https:\/\/www.oliocentrica.it\/wp-content\/uploads\/2021\/05\/logo_oliocentrica-1.png","width":250,"height":81,"caption":"Oliocentrica Srls"},"image":{"@id":"https:\/\/www.oliocentrica.it\/de\/#\/schema\/logo\/image\/"},"sameAs":["https:\/\/www.facebook.com\/Oliocentrica","https:\/\/www.instagram.com\/oliocentrica"]}]}},"brands":[{"id":253,"name":"Oliocentrica","slug":"oliocentrica"}],"_links":{"self":[{"href":"https:\/\/www.oliocentrica.it\/de\/wp-json\/wp\/v2\/product\/14693"}],"collection":[{"href":"https:\/\/www.oliocentrica.it\/de\/wp-json\/wp\/v2\/product"}],"about":[{"href":"https:\/\/www.oliocentrica.it\/de\/wp-json\/wp\/v2\/types\/product"}],"replies":[{"embeddable":true,"href":"https:\/\/www.oliocentrica.it\/de\/wp-json\/wp\/v2\/comments?post=14693"}],"wp:featuredmedia":[{"embeddable":true,"href":"https:\/\/www.oliocentrica.it\/de\/wp-json\/wp\/v2\/media\/14072"}],"wp:attachment":[{"href":"https:\/\/www.oliocentrica.it\/de\/wp-json\/wp\/v2\/media?parent=14693"}],"wp:term":[{"taxonomy":"pwb-brand","embeddable":true,"href":"https:\/\/www.oliocentrica.it\/de\/wp-json\/wp\/v2\/pwb-brand?post=14693"},{"taxonomy":"product_cat","embeddable":true,"href":"https:\/\/www.oliocentrica.it\/de\/wp-json\/wp\/v2\/product_cat?post=14693"},{"taxonomy":"product_tag","embeddable":true,"href":"https:\/\/www.oliocentrica.it\/de\/wp-json\/wp\/v2\/product_tag?post=14693"}],"curies":[{"name":"wp","href":"https:\/\/api.w.org\/{rel}","templated":true}]}}