{"id":14691,"date":"2021-12-02T09:20:41","date_gmt":"2021-12-02T08:20:41","guid":{"rendered":"https:\/\/www.oliocentrica.it\/shop\/territolio-monovarietale-itrana\/"},"modified":"2023-10-25T20:25:37","modified_gmt":"2023-10-25T18:25:37","slug":"territolio-monovarietale-itrana","status":"publish","type":"product","link":"https:\/\/www.oliocentrica.it\/de\/shop\/territolio-monovarietale-itrana\/","title":{"rendered":"Territolio Monovarietale Itrana"},"content":{"rendered":"<p><strong>Mittel\/Intensiv Fruchtig<\/strong><\/p>\n<p><strong>Duft<\/strong>: Noten von Tomatenbl\u00e4ttern, aromatische Kr\u00e4uter, leichte Noten von Artischocke und Mandel<\/p>\n<p><strong>Geschmack<\/strong>: elegant bitter und w\u00fcrzig, begleitet von einem Hauch von gr\u00fcner Tomate und Thymian, der am Gaumen anh\u00e4lt<\/p>\n<p><strong>Probieren Sie es mit<\/strong> &#8230; Panzanella, Meeresfr\u00fcchtesalaten und B\u00fcffelmozzarella, nicht schlecht mit traditionellen lepinischen Gerichten wie der &#8222;Bazzoffia&#8220;, einer historisch in einem Terrakottatopf zubereiteten Suppe, bei der saisonales Gem\u00fcse wie Erbsen, Saubohnen und r\u00f6mische Artischocken verwendet werden , Salat, Zwiebel und die Zugabe von altbackenem hausgemachtem Brot, Eiern, Pecorino-K\u00e4se und einem Schuss nativem Oliven\u00f6l extra &#8230; Itrana!<\/p>\n<p><strong>Geografisches Gebiet und Gebiet<\/strong>: Halbh\u00fcgeliges Sermoneta (Latina) &#8211; Latium<\/p>\n<p><strong>Olivenkampagne<\/strong>: 2023\/2024<\/p>\n<p><strong>Format<\/strong>: 1-l-Metalldose<\/p>\n<p><strong>Sortenreine Olive<\/strong>: Itrana<\/p>\n<p><strong>Produktionsmethode<\/strong>: moderne Extraktionstechniken, kontinuierlicher \/ kalter Zyklus<\/p>\n<p><strong>Konservierungsmethode<\/strong>: kontrollierte Temperaturen und hermetische Stahlsilos<br \/>\n_______________________________________<\/p>\n<p><em>Verpackungsinformationen:<\/em><\/p>\n<p>Metallverpackungen sind \u00f6kologisch nachhaltig, mit CO2-Emissionen, die im Vergleich zu anderen Materialien zu den niedrigsten geh\u00f6ren, vollst\u00e4ndig recycelbar oder regenerierbar.<\/p>\n<p>_______________________________________<\/p>\n<p><em>Weitere Informationen gelten f\u00fcr alle unsere nativen Oliven\u00f6le extra<\/em><\/p>\n<p><strong>Zutaten<\/strong>: 100 % italienische Oliven, im richtigen Reifegrad geerntet und in Italien mit mechanischen Verfahren gepresst<br \/>\n<strong>Lagerung<\/strong>: fern von Licht, W\u00e4rmequellen, schlechten Ger\u00fcchen und in hermetisch verschlossenen Flaschen. Denken Sie daran, dass natives Oliven\u00f6l extra der Feind von Licht, Hitze und Luft ist<br \/>\n<strong>Frist<\/strong>: innerhalb von 18 Monaten ab dem Datum der Abf\u00fcllung (Frist, innerhalb derer Sie von den N\u00e4hrwerten des nativen Oliven\u00f6ls extra profitieren k\u00f6nnen)<br \/>\n<strong>Verwendung<\/strong>: t\u00e4glich roh oder zum kurzen Garen bei moderaten Temperaturen<\/p>\n","protected":false},"excerpt":{"rendered":"<p><em><strong>Mittel\/intensiv fruchtig<\/strong><\/em><\/p>\n<p>Oliva di Gaeta, Trana, Oliva Grossa, Cicerone, das sind die verschiedenen Namen, mit denen die Itrana-Olive bezeichnet wird, eine elegante Sorte in Form und Aroma, unbestrittener Meister der pontinischen H\u00fcgel.<br \/>\nTerritolio Monovarietale Itrana ist eine Hommage an eine widerstandsf\u00e4hige Pflanze, die zwischen Trockenmauern mit Blick auf das Meer thront, an eine Olive, die vom milden Klima und der mediterranen Macchia profitiert, die sie umgibt, an ein ganzes Gebiet, das das Oliocentrica-Projekt wachsen sah und das verdient bekannt durch ein extra natives Oliven\u00f6l mit intensiven D\u00fcften und ausgewogener Bitterkeit und Sch\u00e4rfe. Ein organlektisches Profil in perfekter Balance.<\/p>\n<p><strong>Olivenkampagne: 2023\/2024<\/strong><\/p>\n","protected":false},"featured_media":14086,"comment_status":"closed","ping_status":"closed","template":"","meta":[],"pwb-brand":[253],"product_cat":[252],"product_tag":[],"acf":[],"yoast_head":"<!-- This site is optimized with the Yoast SEO plugin v24.5 - https:\/\/yoast.com\/wordpress\/plugins\/seo\/ -->\n<title>Territolio Monovarietale Itrana - Oliocentrica<\/title>\n<meta name=\"robots\" content=\"index, follow, max-snippet:-1, max-image-preview:large, max-video-preview:-1\" \/>\n<link rel=\"canonical\" href=\"https:\/\/www.oliocentrica.it\/de\/shop\/territolio-monovarietale-itrana\/\" \/>\n<meta property=\"og:locale\" content=\"de_DE\" \/>\n<meta property=\"og:type\" content=\"article\" \/>\n<meta property=\"og:title\" content=\"Territolio Monovarietale Itrana - Oliocentrica\" \/>\n<meta property=\"og:description\" content=\"Mittel\/intensiv fruchtig  Oliva di Gaeta, Trana, Oliva Grossa, Cicerone, das sind die verschiedenen Namen, mit denen die Itrana-Olive bezeichnet wird, eine elegante Sorte in Form und Aroma, unbestrittener Meister der pontinischen H\u00fcgel. Territolio Monovarietale Itrana ist eine Hommage an eine widerstandsf\u00e4hige Pflanze, die zwischen Trockenmauern mit Blick auf das Meer thront, an eine Olive, die vom milden Klima und der mediterranen Macchia profitiert, die sie umgibt, an ein ganzes Gebiet, das das Oliocentrica-Projekt wachsen sah und das verdient bekannt durch ein extra natives Oliven\u00f6l mit intensiven D\u00fcften und ausgewogener Bitterkeit und Sch\u00e4rfe. Ein organlektisches Profil in perfekter Balance.  Olivenkampagne: 2023\/2024\" \/>\n<meta property=\"og:url\" content=\"https:\/\/www.oliocentrica.it\/de\/shop\/territolio-monovarietale-itrana\/\" \/>\n<meta property=\"og:site_name\" content=\"Oliocentrica\" \/>\n<meta property=\"article:publisher\" content=\"https:\/\/www.facebook.com\/Oliocentrica\" \/>\n<meta property=\"article:modified_time\" content=\"2023-10-25T18:25:37+00:00\" \/>\n<meta property=\"og:image\" content=\"https:\/\/www.oliocentrica.it\/wp-content\/uploads\/2021\/12\/oliocentrica-territolio-monovarietale-itrana.jpg\" \/>\n\t<meta property=\"og:image:width\" content=\"800\" \/>\n\t<meta property=\"og:image:height\" content=\"800\" \/>\n\t<meta property=\"og:image:type\" content=\"image\/jpeg\" \/>\n<meta name=\"twitter:card\" content=\"summary_large_image\" \/>\n<meta name=\"twitter:label1\" content=\"Gesch\u00e4tzte Lesezeit\" \/>\n\t<meta name=\"twitter:data1\" content=\"1\u00a0Minute\" \/>\n<script type=\"application\/ld+json\" class=\"yoast-schema-graph\">{\"@context\":\"https:\/\/schema.org\",\"@graph\":[{\"@type\":\"WebPage\",\"@id\":\"https:\/\/www.oliocentrica.it\/de\/shop\/territolio-monovarietale-itrana\/\",\"url\":\"https:\/\/www.oliocentrica.it\/de\/shop\/territolio-monovarietale-itrana\/\",\"name\":\"Territolio Monovarietale Itrana - Oliocentrica\",\"isPartOf\":{\"@id\":\"https:\/\/www.oliocentrica.it\/de\/#website\"},\"primaryImageOfPage\":{\"@id\":\"https:\/\/www.oliocentrica.it\/de\/shop\/territolio-monovarietale-itrana\/#primaryimage\"},\"image\":{\"@id\":\"https:\/\/www.oliocentrica.it\/de\/shop\/territolio-monovarietale-itrana\/#primaryimage\"},\"thumbnailUrl\":\"https:\/\/www.oliocentrica.it\/wp-content\/uploads\/2021\/12\/oliocentrica-territolio-monovarietale-itrana.jpg\",\"datePublished\":\"2021-12-02T08:20:41+00:00\",\"dateModified\":\"2023-10-25T18:25:37+00:00\",\"breadcrumb\":{\"@id\":\"https:\/\/www.oliocentrica.it\/de\/shop\/territolio-monovarietale-itrana\/#breadcrumb\"},\"inLanguage\":\"de\",\"potentialAction\":[{\"@type\":\"ReadAction\",\"target\":[\"https:\/\/www.oliocentrica.it\/de\/shop\/territolio-monovarietale-itrana\/\"]}]},{\"@type\":\"ImageObject\",\"inLanguage\":\"de\",\"@id\":\"https:\/\/www.oliocentrica.it\/de\/shop\/territolio-monovarietale-itrana\/#primaryimage\",\"url\":\"https:\/\/www.oliocentrica.it\/wp-content\/uploads\/2021\/12\/oliocentrica-territolio-monovarietale-itrana.jpg\",\"contentUrl\":\"https:\/\/www.oliocentrica.it\/wp-content\/uploads\/2021\/12\/oliocentrica-territolio-monovarietale-itrana.jpg\",\"width\":800,\"height\":800},{\"@type\":\"BreadcrumbList\",\"@id\":\"https:\/\/www.oliocentrica.it\/de\/shop\/territolio-monovarietale-itrana\/#breadcrumb\",\"itemListElement\":[{\"@type\":\"ListItem\",\"position\":1,\"name\":\"Home\",\"item\":\"https:\/\/www.oliocentrica.it\/de\/\"},{\"@type\":\"ListItem\",\"position\":2,\"name\":\"Shop\",\"item\":\"https:\/\/www.oliocentrica.it\/de\/shop\/\"},{\"@type\":\"ListItem\",\"position\":3,\"name\":\"Territolio Monovarietale Itrana\"}]},{\"@type\":\"WebSite\",\"@id\":\"https:\/\/www.oliocentrica.it\/de\/#website\",\"url\":\"https:\/\/www.oliocentrica.it\/de\/\",\"name\":\"Oliocentrica\",\"description\":\"il filo d\u2019olio tra cibo e salute\",\"publisher\":{\"@id\":\"https:\/\/www.oliocentrica.it\/de\/#organization\"},\"potentialAction\":[{\"@type\":\"SearchAction\",\"target\":{\"@type\":\"EntryPoint\",\"urlTemplate\":\"https:\/\/www.oliocentrica.it\/de\/?s={search_term_string}\"},\"query-input\":{\"@type\":\"PropertyValueSpecification\",\"valueRequired\":true,\"valueName\":\"search_term_string\"}}],\"inLanguage\":\"de\"},{\"@type\":\"Organization\",\"@id\":\"https:\/\/www.oliocentrica.it\/de\/#organization\",\"name\":\"Oliocentrica Srls\",\"url\":\"https:\/\/www.oliocentrica.it\/de\/\",\"logo\":{\"@type\":\"ImageObject\",\"inLanguage\":\"de\",\"@id\":\"https:\/\/www.oliocentrica.it\/de\/#\/schema\/logo\/image\/\",\"url\":\"https:\/\/www.oliocentrica.it\/wp-content\/uploads\/2021\/05\/logo_oliocentrica-1.png\",\"contentUrl\":\"https:\/\/www.oliocentrica.it\/wp-content\/uploads\/2021\/05\/logo_oliocentrica-1.png\",\"width\":250,\"height\":81,\"caption\":\"Oliocentrica Srls\"},\"image\":{\"@id\":\"https:\/\/www.oliocentrica.it\/de\/#\/schema\/logo\/image\/\"},\"sameAs\":[\"https:\/\/www.facebook.com\/Oliocentrica\",\"https:\/\/www.instagram.com\/oliocentrica\"]}]}<\/script>\n<!-- \/ Yoast SEO plugin. -->","yoast_head_json":{"title":"Territolio Monovarietale Itrana - Oliocentrica","robots":{"index":"index","follow":"follow","max-snippet":"max-snippet:-1","max-image-preview":"max-image-preview:large","max-video-preview":"max-video-preview:-1"},"canonical":"https:\/\/www.oliocentrica.it\/de\/shop\/territolio-monovarietale-itrana\/","og_locale":"de_DE","og_type":"article","og_title":"Territolio Monovarietale Itrana - Oliocentrica","og_description":"Mittel\/intensiv fruchtig  Oliva di Gaeta, Trana, Oliva Grossa, Cicerone, das sind die verschiedenen Namen, mit denen die Itrana-Olive bezeichnet wird, eine elegante Sorte in Form und Aroma, unbestrittener Meister der pontinischen H\u00fcgel. Territolio Monovarietale Itrana ist eine Hommage an eine widerstandsf\u00e4hige Pflanze, die zwischen Trockenmauern mit Blick auf das Meer thront, an eine Olive, die vom milden Klima und der mediterranen Macchia profitiert, die sie umgibt, an ein ganzes Gebiet, das das Oliocentrica-Projekt wachsen sah und das verdient bekannt durch ein extra natives Oliven\u00f6l mit intensiven D\u00fcften und ausgewogener Bitterkeit und Sch\u00e4rfe. Ein organlektisches Profil in perfekter Balance.  Olivenkampagne: 2023\/2024","og_url":"https:\/\/www.oliocentrica.it\/de\/shop\/territolio-monovarietale-itrana\/","og_site_name":"Oliocentrica","article_publisher":"https:\/\/www.facebook.com\/Oliocentrica","article_modified_time":"2023-10-25T18:25:37+00:00","og_image":[{"width":800,"height":800,"url":"https:\/\/www.oliocentrica.it\/wp-content\/uploads\/2021\/12\/oliocentrica-territolio-monovarietale-itrana.jpg","type":"image\/jpeg"}],"twitter_card":"summary_large_image","twitter_misc":{"Gesch\u00e4tzte Lesezeit":"1\u00a0Minute"},"schema":{"@context":"https:\/\/schema.org","@graph":[{"@type":"WebPage","@id":"https:\/\/www.oliocentrica.it\/de\/shop\/territolio-monovarietale-itrana\/","url":"https:\/\/www.oliocentrica.it\/de\/shop\/territolio-monovarietale-itrana\/","name":"Territolio Monovarietale Itrana - Oliocentrica","isPartOf":{"@id":"https:\/\/www.oliocentrica.it\/de\/#website"},"primaryImageOfPage":{"@id":"https:\/\/www.oliocentrica.it\/de\/shop\/territolio-monovarietale-itrana\/#primaryimage"},"image":{"@id":"https:\/\/www.oliocentrica.it\/de\/shop\/territolio-monovarietale-itrana\/#primaryimage"},"thumbnailUrl":"https:\/\/www.oliocentrica.it\/wp-content\/uploads\/2021\/12\/oliocentrica-territolio-monovarietale-itrana.jpg","datePublished":"2021-12-02T08:20:41+00:00","dateModified":"2023-10-25T18:25:37+00:00","breadcrumb":{"@id":"https:\/\/www.oliocentrica.it\/de\/shop\/territolio-monovarietale-itrana\/#breadcrumb"},"inLanguage":"de","potentialAction":[{"@type":"ReadAction","target":["https:\/\/www.oliocentrica.it\/de\/shop\/territolio-monovarietale-itrana\/"]}]},{"@type":"ImageObject","inLanguage":"de","@id":"https:\/\/www.oliocentrica.it\/de\/shop\/territolio-monovarietale-itrana\/#primaryimage","url":"https:\/\/www.oliocentrica.it\/wp-content\/uploads\/2021\/12\/oliocentrica-territolio-monovarietale-itrana.jpg","contentUrl":"https:\/\/www.oliocentrica.it\/wp-content\/uploads\/2021\/12\/oliocentrica-territolio-monovarietale-itrana.jpg","width":800,"height":800},{"@type":"BreadcrumbList","@id":"https:\/\/www.oliocentrica.it\/de\/shop\/territolio-monovarietale-itrana\/#breadcrumb","itemListElement":[{"@type":"ListItem","position":1,"name":"Home","item":"https:\/\/www.oliocentrica.it\/de\/"},{"@type":"ListItem","position":2,"name":"Shop","item":"https:\/\/www.oliocentrica.it\/de\/shop\/"},{"@type":"ListItem","position":3,"name":"Territolio Monovarietale Itrana"}]},{"@type":"WebSite","@id":"https:\/\/www.oliocentrica.it\/de\/#website","url":"https:\/\/www.oliocentrica.it\/de\/","name":"Oliocentrica","description":"il filo d\u2019olio tra cibo e salute","publisher":{"@id":"https:\/\/www.oliocentrica.it\/de\/#organization"},"potentialAction":[{"@type":"SearchAction","target":{"@type":"EntryPoint","urlTemplate":"https:\/\/www.oliocentrica.it\/de\/?s={search_term_string}"},"query-input":{"@type":"PropertyValueSpecification","valueRequired":true,"valueName":"search_term_string"}}],"inLanguage":"de"},{"@type":"Organization","@id":"https:\/\/www.oliocentrica.it\/de\/#organization","name":"Oliocentrica Srls","url":"https:\/\/www.oliocentrica.it\/de\/","logo":{"@type":"ImageObject","inLanguage":"de","@id":"https:\/\/www.oliocentrica.it\/de\/#\/schema\/logo\/image\/","url":"https:\/\/www.oliocentrica.it\/wp-content\/uploads\/2021\/05\/logo_oliocentrica-1.png","contentUrl":"https:\/\/www.oliocentrica.it\/wp-content\/uploads\/2021\/05\/logo_oliocentrica-1.png","width":250,"height":81,"caption":"Oliocentrica Srls"},"image":{"@id":"https:\/\/www.oliocentrica.it\/de\/#\/schema\/logo\/image\/"},"sameAs":["https:\/\/www.facebook.com\/Oliocentrica","https:\/\/www.instagram.com\/oliocentrica"]}]}},"brands":[{"id":253,"name":"Oliocentrica","slug":"oliocentrica"}],"_links":{"self":[{"href":"https:\/\/www.oliocentrica.it\/de\/wp-json\/wp\/v2\/product\/14691"}],"collection":[{"href":"https:\/\/www.oliocentrica.it\/de\/wp-json\/wp\/v2\/product"}],"about":[{"href":"https:\/\/www.oliocentrica.it\/de\/wp-json\/wp\/v2\/types\/product"}],"replies":[{"embeddable":true,"href":"https:\/\/www.oliocentrica.it\/de\/wp-json\/wp\/v2\/comments?post=14691"}],"wp:featuredmedia":[{"embeddable":true,"href":"https:\/\/www.oliocentrica.it\/de\/wp-json\/wp\/v2\/media\/14086"}],"wp:attachment":[{"href":"https:\/\/www.oliocentrica.it\/de\/wp-json\/wp\/v2\/media?parent=14691"}],"wp:term":[{"taxonomy":"pwb-brand","embeddable":true,"href":"https:\/\/www.oliocentrica.it\/de\/wp-json\/wp\/v2\/pwb-brand?post=14691"},{"taxonomy":"product_cat","embeddable":true,"href":"https:\/\/www.oliocentrica.it\/de\/wp-json\/wp\/v2\/product_cat?post=14691"},{"taxonomy":"product_tag","embeddable":true,"href":"https:\/\/www.oliocentrica.it\/de\/wp-json\/wp\/v2\/product_tag?post=14691"}],"curies":[{"name":"wp","href":"https:\/\/api.w.org\/{rel}","templated":true}]}}