{"id":13030,"date":"2021-12-02T10:04:19","date_gmt":"2021-12-02T09:04:19","guid":{"rendered":"https:\/\/www.oliocentrica.it\/shop\/territolio-armonico\/"},"modified":"2024-02-03T12:48:57","modified_gmt":"2024-02-03T11:48:57","slug":"territolio-armonico","status":"publish","type":"product","link":"https:\/\/www.oliocentrica.it\/de\/shop\/territolio-armonico\/","title":{"rendered":"Territolio armonico"},"content":{"rendered":"<p><strong><em>Leicht \/ mittel fruchtig<\/em><\/strong><\/p>\n<p><strong>Duft<\/strong>: pflanzliche Noten von Sellerie, Artischocke und leichten Ankl\u00e4ngen von frischen Mandeln<\/p>\n<p><strong>Geschmack:<\/strong> Bitter und w\u00fcrzig sind angenehm und ausgewogen<\/p>\n<p><strong>Probieren Sie es mit\u2026<\/strong> zum Braten, zum l\u00e4ngeren Garen oder Backen, zur Zubereitung von Sauerteigkuchen oder s\u00fc\u00dfen \/ herzhaften Shortbreads. F\u00fcr alles, was Sie lieben, bereiten Sie vor oder bereiten Sie sich selbst vor!<\/p>\n<p><strong>Geografisches Gebiet und Territorium: <\/strong>100 % italienisch<\/p>\n<p><strong>Olivenkampagne:<\/strong> 2023\/2024<\/p>\n<p><strong>Gr\u00f6\u00dfen:<\/strong> 5-Liter-Metallkanister &#8211; 5-Liter-Bag-in-Box<\/p>\n<p><strong>Olivensorte:<\/strong> Mischung aus Oliven, die auf italienischem Gebiet geerntet und gepresst werden<\/p>\n<p><strong>Produktionsmethode:<\/strong> moderne Extraktionstechniken &#8211; kontinuierlicher \/ kalter Zyklus<\/p>\n<p><strong>Konservierungsmethode: <\/strong>kontrollierte Temperaturen und hermetische Stahlsilos<\/p>\n<p>_______________________________________<\/p>\n<p><em>Verpackungsinformationen<\/em><\/p>\n<p><strong>Metallbeh\u00e4lter <\/strong>sind umweltfreundlich, mit CO2-Emissionen, die im Vergleich zu anderen Materialien zu den niedrigsten geh\u00f6ren, vollst\u00e4ndig recycelbar oder regenerierbar.<\/p>\n<p><strong>Die Bag-in-Box <\/strong>mit einfach zu bedienendem, abnehmbarem Zapfhahn h\u00e4lt das native Oliven\u00f6l extra in einer aseptischen Umgebung ohne Luftblasen und l\u00e4sst sich leicht entsorgen.<\/p>\n<p>_______________________________________<\/p>\n<p><em>Weitere Informationen gelten f\u00fcr alle unsere nativen Oliven\u00f6le extra<\/em><\/p>\n<p><strong>Zutaten:<\/strong> 100 % italienische Oliven, im richtigen Reifegrad geerntet und in Italien mit mechanischen Verfahren gepresst<br \/>\n<strong>Lagerung: <\/strong>fern von Licht, W\u00e4rmequellen, schlechten Ger\u00fcchen und in hermetisch verschlossenen Flaschen. Denken Sie daran, dass natives Oliven\u00f6l extra der Feind von Licht, Hitze und Luft ist<br \/>\n<strong>Frist: <\/strong>innerhalb von 18 Monaten ab dem Datum der Abf\u00fcllung (Frist, innerhalb derer Sie von den N\u00e4hrwerten des nativen Oliven\u00f6ls extra profitieren k\u00f6nnen)<br \/>\n<strong>Verwendung: <\/strong>t\u00e4glich roh oder zum kurzen Garen bei moderaten Temperaturen<\/p>\n","protected":false},"excerpt":{"rendered":"<p><strong><em>Leicht \/ mittel fruchtig<\/em><\/strong><\/p>\n<p>Der &#8222;Armonico&#8220; von TerritOlio ist ein zuverl\u00e4ssiger Begleiter f\u00fcr jeden Einsatz. Obwohl es unsere Angewohnheit ist, die Verwendung von nativem Oliven\u00f6l extra zu empfehlen, macht es aufgrund seiner F\u00e4higkeit, den Geschmack der Zutaten zu verbessern und alle seine organoleptischen Eigenschaften zu bewahren, die F\u00e4higkeit, einen hohen <a href=\"https:\/\/www.oliocentrica.it\/de\/olivenoel-glossar\/#punto-di-fumo\"><em>Rauchpunkt bei etwa 210 \u00b0 C<\/em><\/a> aufrechtzuerhalten geeignet f\u00fcr traditionelle italienische Zubereitungen, f\u00fcr das lange Garen von Sonntagsfleischsauce oder f\u00fcr einen knusprigen und leckeren gebratenen Fisch. Die Zartheit der pflanzlichen D\u00fcfte und der ausgewogene Geschmack werden die in Ihrem Rezept enthaltenen Rohstoffe nicht \u00fcberw\u00e4ltigen, aus diesem Grund eignet es sich f\u00fcr die Zubereitung von s\u00fc\u00dfem und herzhaftem Sauerteig oder M\u00fcrbeteig.<\/p>\n","protected":false},"featured_media":13031,"comment_status":"closed","ping_status":"closed","template":"","meta":[],"pwb-brand":[253],"product_cat":[252],"product_tag":[],"acf":[],"yoast_head":"<!-- This site is optimized with the Yoast SEO plugin v24.5 - https:\/\/yoast.com\/wordpress\/plugins\/seo\/ -->\n<title>Territolio armonico - Oliocentrica<\/title>\n<meta name=\"robots\" content=\"index, follow, max-snippet:-1, max-image-preview:large, max-video-preview:-1\" \/>\n<link rel=\"canonical\" href=\"https:\/\/www.oliocentrica.it\/de\/shop\/territolio-armonico\/\" \/>\n<meta property=\"og:locale\" content=\"de_DE\" \/>\n<meta property=\"og:type\" content=\"article\" \/>\n<meta property=\"og:title\" content=\"Territolio armonico - Oliocentrica\" \/>\n<meta property=\"og:description\" content=\"Leicht \/ mittel fruchtig  Der &quot;Armonico&quot; von TerritOlio ist ein zuverl\u00e4ssiger Begleiter f\u00fcr jeden Einsatz. Obwohl es unsere Angewohnheit ist, die Verwendung von nativem Oliven\u00f6l extra zu empfehlen, macht es aufgrund seiner F\u00e4higkeit, den Geschmack der Zutaten zu verbessern und alle seine organoleptischen Eigenschaften zu bewahren, die F\u00e4higkeit, einen hohen Rauchpunkt bei etwa 210 \u00b0 C aufrechtzuerhalten geeignet f\u00fcr traditionelle italienische Zubereitungen, f\u00fcr das lange Garen von Sonntagsfleischsauce oder f\u00fcr einen knusprigen und leckeren gebratenen Fisch. Die Zartheit der pflanzlichen D\u00fcfte und der ausgewogene Geschmack werden die in Ihrem Rezept enthaltenen Rohstoffe nicht \u00fcberw\u00e4ltigen, aus diesem Grund eignet es sich f\u00fcr die Zubereitung von s\u00fc\u00dfem und herzhaftem Sauerteig oder M\u00fcrbeteig.\" \/>\n<meta property=\"og:url\" content=\"https:\/\/www.oliocentrica.it\/de\/shop\/territolio-armonico\/\" \/>\n<meta property=\"og:site_name\" content=\"Oliocentrica\" \/>\n<meta property=\"article:publisher\" content=\"https:\/\/www.facebook.com\/Oliocentrica\" \/>\n<meta property=\"article:modified_time\" content=\"2024-02-03T11:48:57+00:00\" \/>\n<meta property=\"og:image\" content=\"https:\/\/www.oliocentrica.it\/wp-content\/uploads\/2021\/12\/oliocentrica-territolio-armonico.jpg\" \/>\n\t<meta property=\"og:image:width\" content=\"800\" \/>\n\t<meta property=\"og:image:height\" content=\"800\" \/>\n\t<meta property=\"og:image:type\" content=\"image\/jpeg\" \/>\n<meta name=\"twitter:card\" content=\"summary_large_image\" \/>\n<meta name=\"twitter:label1\" content=\"Gesch\u00e4tzte Lesezeit\" \/>\n\t<meta name=\"twitter:data1\" content=\"1\u00a0Minute\" \/>\n<script type=\"application\/ld+json\" class=\"yoast-schema-graph\">{\"@context\":\"https:\/\/schema.org\",\"@graph\":[{\"@type\":\"WebPage\",\"@id\":\"https:\/\/www.oliocentrica.it\/de\/shop\/territolio-armonico\/\",\"url\":\"https:\/\/www.oliocentrica.it\/de\/shop\/territolio-armonico\/\",\"name\":\"Territolio armonico - Oliocentrica\",\"isPartOf\":{\"@id\":\"https:\/\/www.oliocentrica.it\/de\/#website\"},\"primaryImageOfPage\":{\"@id\":\"https:\/\/www.oliocentrica.it\/de\/shop\/territolio-armonico\/#primaryimage\"},\"image\":{\"@id\":\"https:\/\/www.oliocentrica.it\/de\/shop\/territolio-armonico\/#primaryimage\"},\"thumbnailUrl\":\"https:\/\/www.oliocentrica.it\/wp-content\/uploads\/2021\/12\/oliocentrica-territolio-armonico.jpg\",\"datePublished\":\"2021-12-02T09:04:19+00:00\",\"dateModified\":\"2024-02-03T11:48:57+00:00\",\"breadcrumb\":{\"@id\":\"https:\/\/www.oliocentrica.it\/de\/shop\/territolio-armonico\/#breadcrumb\"},\"inLanguage\":\"de\",\"potentialAction\":[{\"@type\":\"ReadAction\",\"target\":[\"https:\/\/www.oliocentrica.it\/de\/shop\/territolio-armonico\/\"]}]},{\"@type\":\"ImageObject\",\"inLanguage\":\"de\",\"@id\":\"https:\/\/www.oliocentrica.it\/de\/shop\/territolio-armonico\/#primaryimage\",\"url\":\"https:\/\/www.oliocentrica.it\/wp-content\/uploads\/2021\/12\/oliocentrica-territolio-armonico.jpg\",\"contentUrl\":\"https:\/\/www.oliocentrica.it\/wp-content\/uploads\/2021\/12\/oliocentrica-territolio-armonico.jpg\",\"width\":800,\"height\":800},{\"@type\":\"BreadcrumbList\",\"@id\":\"https:\/\/www.oliocentrica.it\/de\/shop\/territolio-armonico\/#breadcrumb\",\"itemListElement\":[{\"@type\":\"ListItem\",\"position\":1,\"name\":\"Home\",\"item\":\"https:\/\/www.oliocentrica.it\/de\/\"},{\"@type\":\"ListItem\",\"position\":2,\"name\":\"Shop\",\"item\":\"https:\/\/www.oliocentrica.it\/de\/shop\/\"},{\"@type\":\"ListItem\",\"position\":3,\"name\":\"Territolio armonico\"}]},{\"@type\":\"WebSite\",\"@id\":\"https:\/\/www.oliocentrica.it\/de\/#website\",\"url\":\"https:\/\/www.oliocentrica.it\/de\/\",\"name\":\"Oliocentrica\",\"description\":\"il filo d\u2019olio tra cibo e salute\",\"publisher\":{\"@id\":\"https:\/\/www.oliocentrica.it\/de\/#organization\"},\"potentialAction\":[{\"@type\":\"SearchAction\",\"target\":{\"@type\":\"EntryPoint\",\"urlTemplate\":\"https:\/\/www.oliocentrica.it\/de\/?s={search_term_string}\"},\"query-input\":{\"@type\":\"PropertyValueSpecification\",\"valueRequired\":true,\"valueName\":\"search_term_string\"}}],\"inLanguage\":\"de\"},{\"@type\":\"Organization\",\"@id\":\"https:\/\/www.oliocentrica.it\/de\/#organization\",\"name\":\"Oliocentrica Srls\",\"url\":\"https:\/\/www.oliocentrica.it\/de\/\",\"logo\":{\"@type\":\"ImageObject\",\"inLanguage\":\"de\",\"@id\":\"https:\/\/www.oliocentrica.it\/de\/#\/schema\/logo\/image\/\",\"url\":\"https:\/\/www.oliocentrica.it\/wp-content\/uploads\/2021\/05\/logo_oliocentrica-1.png\",\"contentUrl\":\"https:\/\/www.oliocentrica.it\/wp-content\/uploads\/2021\/05\/logo_oliocentrica-1.png\",\"width\":250,\"height\":81,\"caption\":\"Oliocentrica Srls\"},\"image\":{\"@id\":\"https:\/\/www.oliocentrica.it\/de\/#\/schema\/logo\/image\/\"},\"sameAs\":[\"https:\/\/www.facebook.com\/Oliocentrica\",\"https:\/\/www.instagram.com\/oliocentrica\"]}]}<\/script>\n<!-- \/ Yoast SEO plugin. -->","yoast_head_json":{"title":"Territolio armonico - Oliocentrica","robots":{"index":"index","follow":"follow","max-snippet":"max-snippet:-1","max-image-preview":"max-image-preview:large","max-video-preview":"max-video-preview:-1"},"canonical":"https:\/\/www.oliocentrica.it\/de\/shop\/territolio-armonico\/","og_locale":"de_DE","og_type":"article","og_title":"Territolio armonico - Oliocentrica","og_description":"Leicht \/ mittel fruchtig  Der \"Armonico\" von TerritOlio ist ein zuverl\u00e4ssiger Begleiter f\u00fcr jeden Einsatz. Obwohl es unsere Angewohnheit ist, die Verwendung von nativem Oliven\u00f6l extra zu empfehlen, macht es aufgrund seiner F\u00e4higkeit, den Geschmack der Zutaten zu verbessern und alle seine organoleptischen Eigenschaften zu bewahren, die F\u00e4higkeit, einen hohen Rauchpunkt bei etwa 210 \u00b0 C aufrechtzuerhalten geeignet f\u00fcr traditionelle italienische Zubereitungen, f\u00fcr das lange Garen von Sonntagsfleischsauce oder f\u00fcr einen knusprigen und leckeren gebratenen Fisch. Die Zartheit der pflanzlichen D\u00fcfte und der ausgewogene Geschmack werden die in Ihrem Rezept enthaltenen Rohstoffe nicht \u00fcberw\u00e4ltigen, aus diesem Grund eignet es sich f\u00fcr die Zubereitung von s\u00fc\u00dfem und herzhaftem Sauerteig oder M\u00fcrbeteig.","og_url":"https:\/\/www.oliocentrica.it\/de\/shop\/territolio-armonico\/","og_site_name":"Oliocentrica","article_publisher":"https:\/\/www.facebook.com\/Oliocentrica","article_modified_time":"2024-02-03T11:48:57+00:00","og_image":[{"width":800,"height":800,"url":"https:\/\/www.oliocentrica.it\/wp-content\/uploads\/2021\/12\/oliocentrica-territolio-armonico.jpg","type":"image\/jpeg"}],"twitter_card":"summary_large_image","twitter_misc":{"Gesch\u00e4tzte Lesezeit":"1\u00a0Minute"},"schema":{"@context":"https:\/\/schema.org","@graph":[{"@type":"WebPage","@id":"https:\/\/www.oliocentrica.it\/de\/shop\/territolio-armonico\/","url":"https:\/\/www.oliocentrica.it\/de\/shop\/territolio-armonico\/","name":"Territolio armonico - Oliocentrica","isPartOf":{"@id":"https:\/\/www.oliocentrica.it\/de\/#website"},"primaryImageOfPage":{"@id":"https:\/\/www.oliocentrica.it\/de\/shop\/territolio-armonico\/#primaryimage"},"image":{"@id":"https:\/\/www.oliocentrica.it\/de\/shop\/territolio-armonico\/#primaryimage"},"thumbnailUrl":"https:\/\/www.oliocentrica.it\/wp-content\/uploads\/2021\/12\/oliocentrica-territolio-armonico.jpg","datePublished":"2021-12-02T09:04:19+00:00","dateModified":"2024-02-03T11:48:57+00:00","breadcrumb":{"@id":"https:\/\/www.oliocentrica.it\/de\/shop\/territolio-armonico\/#breadcrumb"},"inLanguage":"de","potentialAction":[{"@type":"ReadAction","target":["https:\/\/www.oliocentrica.it\/de\/shop\/territolio-armonico\/"]}]},{"@type":"ImageObject","inLanguage":"de","@id":"https:\/\/www.oliocentrica.it\/de\/shop\/territolio-armonico\/#primaryimage","url":"https:\/\/www.oliocentrica.it\/wp-content\/uploads\/2021\/12\/oliocentrica-territolio-armonico.jpg","contentUrl":"https:\/\/www.oliocentrica.it\/wp-content\/uploads\/2021\/12\/oliocentrica-territolio-armonico.jpg","width":800,"height":800},{"@type":"BreadcrumbList","@id":"https:\/\/www.oliocentrica.it\/de\/shop\/territolio-armonico\/#breadcrumb","itemListElement":[{"@type":"ListItem","position":1,"name":"Home","item":"https:\/\/www.oliocentrica.it\/de\/"},{"@type":"ListItem","position":2,"name":"Shop","item":"https:\/\/www.oliocentrica.it\/de\/shop\/"},{"@type":"ListItem","position":3,"name":"Territolio armonico"}]},{"@type":"WebSite","@id":"https:\/\/www.oliocentrica.it\/de\/#website","url":"https:\/\/www.oliocentrica.it\/de\/","name":"Oliocentrica","description":"il filo d\u2019olio tra cibo e salute","publisher":{"@id":"https:\/\/www.oliocentrica.it\/de\/#organization"},"potentialAction":[{"@type":"SearchAction","target":{"@type":"EntryPoint","urlTemplate":"https:\/\/www.oliocentrica.it\/de\/?s={search_term_string}"},"query-input":{"@type":"PropertyValueSpecification","valueRequired":true,"valueName":"search_term_string"}}],"inLanguage":"de"},{"@type":"Organization","@id":"https:\/\/www.oliocentrica.it\/de\/#organization","name":"Oliocentrica Srls","url":"https:\/\/www.oliocentrica.it\/de\/","logo":{"@type":"ImageObject","inLanguage":"de","@id":"https:\/\/www.oliocentrica.it\/de\/#\/schema\/logo\/image\/","url":"https:\/\/www.oliocentrica.it\/wp-content\/uploads\/2021\/05\/logo_oliocentrica-1.png","contentUrl":"https:\/\/www.oliocentrica.it\/wp-content\/uploads\/2021\/05\/logo_oliocentrica-1.png","width":250,"height":81,"caption":"Oliocentrica Srls"},"image":{"@id":"https:\/\/www.oliocentrica.it\/de\/#\/schema\/logo\/image\/"},"sameAs":["https:\/\/www.facebook.com\/Oliocentrica","https:\/\/www.instagram.com\/oliocentrica"]}]}},"brands":[{"id":253,"name":"Oliocentrica","slug":"oliocentrica"}],"_links":{"self":[{"href":"https:\/\/www.oliocentrica.it\/de\/wp-json\/wp\/v2\/product\/13030"}],"collection":[{"href":"https:\/\/www.oliocentrica.it\/de\/wp-json\/wp\/v2\/product"}],"about":[{"href":"https:\/\/www.oliocentrica.it\/de\/wp-json\/wp\/v2\/types\/product"}],"replies":[{"embeddable":true,"href":"https:\/\/www.oliocentrica.it\/de\/wp-json\/wp\/v2\/comments?post=13030"}],"wp:featuredmedia":[{"embeddable":true,"href":"https:\/\/www.oliocentrica.it\/de\/wp-json\/wp\/v2\/media\/13031"}],"wp:attachment":[{"href":"https:\/\/www.oliocentrica.it\/de\/wp-json\/wp\/v2\/media?parent=13030"}],"wp:term":[{"taxonomy":"pwb-brand","embeddable":true,"href":"https:\/\/www.oliocentrica.it\/de\/wp-json\/wp\/v2\/pwb-brand?post=13030"},{"taxonomy":"product_cat","embeddable":true,"href":"https:\/\/www.oliocentrica.it\/de\/wp-json\/wp\/v2\/product_cat?post=13030"},{"taxonomy":"product_tag","embeddable":true,"href":"https:\/\/www.oliocentrica.it\/de\/wp-json\/wp\/v2\/product_tag?post=13030"}],"curies":[{"name":"wp","href":"https:\/\/api.w.org\/{rel}","templated":true}]}}