{"id":13023,"date":"2021-12-03T17:11:10","date_gmt":"2021-12-03T16:11:10","guid":{"rendered":"https:\/\/www.oliocentrica.it\/shop\/garbino\/"},"modified":"2023-10-24T18:47:29","modified_gmt":"2023-10-24T16:47:29","slug":"garbino","status":"publish","type":"product","link":"https:\/\/www.oliocentrica.it\/de\/shop\/garbino\/","title":{"rendered":"Garbino"},"content":{"rendered":"<p><em><strong>Leicht fruchtig<\/strong><\/em><\/p>\n<p><strong>Duft:<\/strong> angenehm frische Noten von geschnittenem Gras und Mandel<\/p>\n<p><strong>Geschmack: <\/strong>delikat und ausgewogen bitter und w\u00fcrzig, ein Hauch von Paprika und Nachgeschmack von Majoran, Salat, Mandel und Sellerie<\/p>\n<p><strong>Probieren Sie es mit\u2026 <\/strong>Fischsuppen und saisonalen Cremes, um gebackenen Fisch zu verfeinern. Es eignet sich sogar hervorragend zum Aromatisieren von Eiscreme<\/p>\n<p><strong>Geografisches Gebiet und Gebiet:<\/strong> Standort Manciano &#8211; Maremma Toscana (Grosseto)<\/p>\n<p><strong>Olivenkampagne:<\/strong> 2023\/2024<\/p>\n<p><strong>Formate:<\/strong> Glasflaschen von 0,1 l &#8211; 0,25 l &#8211; 0,5 l<\/p>\n<p><strong>Olivensorte:<\/strong> Mischung aus Leccino, Caninese und Ascolana Tenera<\/p>\n<p><strong>Produktionsmethode:<\/strong> kalt mit einem kontinuierlichen und gefilterten Kreislaufsystem<\/p>\n<p><strong>Aufbewahrungsmethode:<\/strong> kontrollierte Temperatur zwischen 14-20 \u00b0 C in Abwesenheit von Sauerstoff<\/p>\n<p>_______________________________________<\/p>\n<p><em>Danksagungen<\/em><\/p>\n<p><strong>Dreibl\u00e4ttrige \u00d6le aus Italien 2021 von Gambero Rosso<\/strong><\/p>\n<p>_______________________________________<\/p>\n<p><em>Weitere Informationen gelten f\u00fcr alle unsere nativen Oliven\u00f6le extra<\/em><\/p>\n<p><strong>Zutaten:<\/strong> 100 % italienische Oliven, im richtigen Reifegrad geerntet und in Italien mit mechanischen Verfahren gepresst<br \/>\n<strong>Lagerung:<\/strong> fern von Licht, W\u00e4rmequellen, schlechten Ger\u00fcchen und in hermetisch verschlossenen Flaschen. Denken Sie daran, dass natives Oliven\u00f6l extra der Feind von Licht, Hitze und Luft ist<br \/>\n<strong>Frist: <\/strong>innerhalb von 18 Monaten ab dem Datum der Abf\u00fcllung (Frist, innerhalb derer Sie von den N\u00e4hrwerten des nativen Oliven\u00f6ls extra profitieren k\u00f6nnen)<br \/>\n<strong>Verwendung:<\/strong> t\u00e4glich roh oder zum kurzen Garen bei moderaten Temperaturen<\/p>\n","protected":false},"excerpt":{"rendered":"<p><strong><em>Leicht fruchtig<\/em><\/strong><\/p>\n<p>Als Hommage an die Scovaventi-Tradition hat der Garbino seinen Namen auch von einem Wind, der aus dem S\u00fcdwesten weht, besser bekannt als Libeccio oder Africo. Ein Wind, der die sanften H\u00fcgel der toskanischen Maremma streichelt und das mittelalterliche Dorf Manciano durchquert. Es ist ein natives Bio-Oliven\u00f6l extra, das aus ausgew\u00e4hlten Oliven des eigenen Anbaus der Sorten Leccino, Caninese und Ascolana Tenera gewonnen wird, die gesammelt und in wenigen Stunden in die moderne \u00d6lm\u00fchle mit kontinuierlichem Kreislauf gebracht werden, die sie noch am selben Tag verarbeitet. T\u00f6ne von Mandeln und gr\u00fcner Banane. Im Glas erstrahlt das native Oliven\u00f6l extra in einem leuchtenden Smaragdgr\u00fcn. Es breitet sich zuerst auf der Zunge und dann im Mund aus und erinnert an bittere, aber niemals \u00fcberm\u00e4\u00dfige T\u00f6ne von Paprika mit einem w\u00fcrzigen Abgang, der an Paprika erinnert. Das native Oliven\u00f6l extra ist ausgewogen und harmonisch und passt perfekt zu Fischsuppen und saisonalen Suppen, um gebackenen Fisch zu verfeinern und vor allem macht es eine hausgemachte Mayonnaise zu etwas Besonderem. Es eignet sich sogar hervorragend zum Aromatisieren von Eiscreme.<\/p>\n","protected":false},"featured_media":13024,"comment_status":"closed","ping_status":"closed","template":"","meta":[],"pwb-brand":[268],"product_cat":[252],"product_tag":[],"acf":[],"yoast_head":"<!-- This site is optimized with the Yoast SEO plugin v24.5 - https:\/\/yoast.com\/wordpress\/plugins\/seo\/ -->\n<title>Garbino - Oliocentrica<\/title>\n<meta name=\"robots\" content=\"index, follow, max-snippet:-1, max-image-preview:large, max-video-preview:-1\" \/>\n<link rel=\"canonical\" href=\"https:\/\/www.oliocentrica.it\/de\/shop\/garbino\/\" \/>\n<meta property=\"og:locale\" content=\"de_DE\" \/>\n<meta property=\"og:type\" content=\"article\" \/>\n<meta property=\"og:title\" content=\"Garbino - Oliocentrica\" \/>\n<meta property=\"og:description\" content=\"Leicht fruchtig  Als Hommage an die Scovaventi-Tradition hat der Garbino seinen Namen auch von einem Wind, der aus dem S\u00fcdwesten weht, besser bekannt als Libeccio oder Africo. Ein Wind, der die sanften H\u00fcgel der toskanischen Maremma streichelt und das mittelalterliche Dorf Manciano durchquert. Es ist ein natives Bio-Oliven\u00f6l extra, das aus ausgew\u00e4hlten Oliven des eigenen Anbaus der Sorten Leccino, Caninese und Ascolana Tenera gewonnen wird, die gesammelt und in wenigen Stunden in die moderne \u00d6lm\u00fchle mit kontinuierlichem Kreislauf gebracht werden, die sie noch am selben Tag verarbeitet. T\u00f6ne von Mandeln und gr\u00fcner Banane. Im Glas erstrahlt das native Oliven\u00f6l extra in einem leuchtenden Smaragdgr\u00fcn. Es breitet sich zuerst auf der Zunge und dann im Mund aus und erinnert an bittere, aber niemals \u00fcberm\u00e4\u00dfige T\u00f6ne von Paprika mit einem w\u00fcrzigen Abgang, der an Paprika erinnert. Das native Oliven\u00f6l extra ist ausgewogen und harmonisch und passt perfekt zu Fischsuppen und saisonalen Suppen, um gebackenen Fisch zu verfeinern und vor allem macht es eine hausgemachte Mayonnaise zu etwas Besonderem. Es eignet sich sogar hervorragend zum Aromatisieren von Eiscreme.\" \/>\n<meta property=\"og:url\" content=\"https:\/\/www.oliocentrica.it\/de\/shop\/garbino\/\" \/>\n<meta property=\"og:site_name\" content=\"Oliocentrica\" \/>\n<meta property=\"article:publisher\" content=\"https:\/\/www.facebook.com\/Oliocentrica\" \/>\n<meta property=\"article:modified_time\" content=\"2023-10-24T16:47:29+00:00\" \/>\n<meta property=\"og:image\" content=\"https:\/\/www.oliocentrica.it\/wp-content\/uploads\/2021\/12\/oliocentrica-garbino-05L.jpg\" \/>\n\t<meta property=\"og:image:width\" content=\"800\" \/>\n\t<meta property=\"og:image:height\" content=\"800\" \/>\n\t<meta property=\"og:image:type\" content=\"image\/jpeg\" \/>\n<meta name=\"twitter:card\" content=\"summary_large_image\" \/>\n<meta name=\"twitter:label1\" content=\"Gesch\u00e4tzte Lesezeit\" \/>\n\t<meta name=\"twitter:data1\" content=\"1\u00a0Minute\" \/>\n<script type=\"application\/ld+json\" class=\"yoast-schema-graph\">{\"@context\":\"https:\/\/schema.org\",\"@graph\":[{\"@type\":\"WebPage\",\"@id\":\"https:\/\/www.oliocentrica.it\/de\/shop\/garbino\/\",\"url\":\"https:\/\/www.oliocentrica.it\/de\/shop\/garbino\/\",\"name\":\"Garbino - Oliocentrica\",\"isPartOf\":{\"@id\":\"https:\/\/www.oliocentrica.it\/de\/#website\"},\"primaryImageOfPage\":{\"@id\":\"https:\/\/www.oliocentrica.it\/de\/shop\/garbino\/#primaryimage\"},\"image\":{\"@id\":\"https:\/\/www.oliocentrica.it\/de\/shop\/garbino\/#primaryimage\"},\"thumbnailUrl\":\"https:\/\/www.oliocentrica.it\/wp-content\/uploads\/2021\/12\/oliocentrica-garbino-05L.jpg\",\"datePublished\":\"2021-12-03T16:11:10+00:00\",\"dateModified\":\"2023-10-24T16:47:29+00:00\",\"breadcrumb\":{\"@id\":\"https:\/\/www.oliocentrica.it\/de\/shop\/garbino\/#breadcrumb\"},\"inLanguage\":\"de\",\"potentialAction\":[{\"@type\":\"ReadAction\",\"target\":[\"https:\/\/www.oliocentrica.it\/de\/shop\/garbino\/\"]}]},{\"@type\":\"ImageObject\",\"inLanguage\":\"de\",\"@id\":\"https:\/\/www.oliocentrica.it\/de\/shop\/garbino\/#primaryimage\",\"url\":\"https:\/\/www.oliocentrica.it\/wp-content\/uploads\/2021\/12\/oliocentrica-garbino-05L.jpg\",\"contentUrl\":\"https:\/\/www.oliocentrica.it\/wp-content\/uploads\/2021\/12\/oliocentrica-garbino-05L.jpg\",\"width\":800,\"height\":800},{\"@type\":\"BreadcrumbList\",\"@id\":\"https:\/\/www.oliocentrica.it\/de\/shop\/garbino\/#breadcrumb\",\"itemListElement\":[{\"@type\":\"ListItem\",\"position\":1,\"name\":\"Home\",\"item\":\"https:\/\/www.oliocentrica.it\/de\/\"},{\"@type\":\"ListItem\",\"position\":2,\"name\":\"Shop\",\"item\":\"https:\/\/www.oliocentrica.it\/de\/shop\/\"},{\"@type\":\"ListItem\",\"position\":3,\"name\":\"Garbino\"}]},{\"@type\":\"WebSite\",\"@id\":\"https:\/\/www.oliocentrica.it\/de\/#website\",\"url\":\"https:\/\/www.oliocentrica.it\/de\/\",\"name\":\"Oliocentrica\",\"description\":\"il filo d\u2019olio tra cibo e salute\",\"publisher\":{\"@id\":\"https:\/\/www.oliocentrica.it\/de\/#organization\"},\"potentialAction\":[{\"@type\":\"SearchAction\",\"target\":{\"@type\":\"EntryPoint\",\"urlTemplate\":\"https:\/\/www.oliocentrica.it\/de\/?s={search_term_string}\"},\"query-input\":{\"@type\":\"PropertyValueSpecification\",\"valueRequired\":true,\"valueName\":\"search_term_string\"}}],\"inLanguage\":\"de\"},{\"@type\":\"Organization\",\"@id\":\"https:\/\/www.oliocentrica.it\/de\/#organization\",\"name\":\"Oliocentrica Srls\",\"url\":\"https:\/\/www.oliocentrica.it\/de\/\",\"logo\":{\"@type\":\"ImageObject\",\"inLanguage\":\"de\",\"@id\":\"https:\/\/www.oliocentrica.it\/de\/#\/schema\/logo\/image\/\",\"url\":\"https:\/\/www.oliocentrica.it\/wp-content\/uploads\/2021\/05\/logo_oliocentrica-1.png\",\"contentUrl\":\"https:\/\/www.oliocentrica.it\/wp-content\/uploads\/2021\/05\/logo_oliocentrica-1.png\",\"width\":250,\"height\":81,\"caption\":\"Oliocentrica Srls\"},\"image\":{\"@id\":\"https:\/\/www.oliocentrica.it\/de\/#\/schema\/logo\/image\/\"},\"sameAs\":[\"https:\/\/www.facebook.com\/Oliocentrica\",\"https:\/\/www.instagram.com\/oliocentrica\"]}]}<\/script>\n<!-- \/ Yoast SEO plugin. -->","yoast_head_json":{"title":"Garbino - Oliocentrica","robots":{"index":"index","follow":"follow","max-snippet":"max-snippet:-1","max-image-preview":"max-image-preview:large","max-video-preview":"max-video-preview:-1"},"canonical":"https:\/\/www.oliocentrica.it\/de\/shop\/garbino\/","og_locale":"de_DE","og_type":"article","og_title":"Garbino - Oliocentrica","og_description":"Leicht fruchtig  Als Hommage an die Scovaventi-Tradition hat der Garbino seinen Namen auch von einem Wind, der aus dem S\u00fcdwesten weht, besser bekannt als Libeccio oder Africo. Ein Wind, der die sanften H\u00fcgel der toskanischen Maremma streichelt und das mittelalterliche Dorf Manciano durchquert. Es ist ein natives Bio-Oliven\u00f6l extra, das aus ausgew\u00e4hlten Oliven des eigenen Anbaus der Sorten Leccino, Caninese und Ascolana Tenera gewonnen wird, die gesammelt und in wenigen Stunden in die moderne \u00d6lm\u00fchle mit kontinuierlichem Kreislauf gebracht werden, die sie noch am selben Tag verarbeitet. T\u00f6ne von Mandeln und gr\u00fcner Banane. Im Glas erstrahlt das native Oliven\u00f6l extra in einem leuchtenden Smaragdgr\u00fcn. Es breitet sich zuerst auf der Zunge und dann im Mund aus und erinnert an bittere, aber niemals \u00fcberm\u00e4\u00dfige T\u00f6ne von Paprika mit einem w\u00fcrzigen Abgang, der an Paprika erinnert. Das native Oliven\u00f6l extra ist ausgewogen und harmonisch und passt perfekt zu Fischsuppen und saisonalen Suppen, um gebackenen Fisch zu verfeinern und vor allem macht es eine hausgemachte Mayonnaise zu etwas Besonderem. Es eignet sich sogar hervorragend zum Aromatisieren von Eiscreme.","og_url":"https:\/\/www.oliocentrica.it\/de\/shop\/garbino\/","og_site_name":"Oliocentrica","article_publisher":"https:\/\/www.facebook.com\/Oliocentrica","article_modified_time":"2023-10-24T16:47:29+00:00","og_image":[{"width":800,"height":800,"url":"https:\/\/www.oliocentrica.it\/wp-content\/uploads\/2021\/12\/oliocentrica-garbino-05L.jpg","type":"image\/jpeg"}],"twitter_card":"summary_large_image","twitter_misc":{"Gesch\u00e4tzte Lesezeit":"1\u00a0Minute"},"schema":{"@context":"https:\/\/schema.org","@graph":[{"@type":"WebPage","@id":"https:\/\/www.oliocentrica.it\/de\/shop\/garbino\/","url":"https:\/\/www.oliocentrica.it\/de\/shop\/garbino\/","name":"Garbino - Oliocentrica","isPartOf":{"@id":"https:\/\/www.oliocentrica.it\/de\/#website"},"primaryImageOfPage":{"@id":"https:\/\/www.oliocentrica.it\/de\/shop\/garbino\/#primaryimage"},"image":{"@id":"https:\/\/www.oliocentrica.it\/de\/shop\/garbino\/#primaryimage"},"thumbnailUrl":"https:\/\/www.oliocentrica.it\/wp-content\/uploads\/2021\/12\/oliocentrica-garbino-05L.jpg","datePublished":"2021-12-03T16:11:10+00:00","dateModified":"2023-10-24T16:47:29+00:00","breadcrumb":{"@id":"https:\/\/www.oliocentrica.it\/de\/shop\/garbino\/#breadcrumb"},"inLanguage":"de","potentialAction":[{"@type":"ReadAction","target":["https:\/\/www.oliocentrica.it\/de\/shop\/garbino\/"]}]},{"@type":"ImageObject","inLanguage":"de","@id":"https:\/\/www.oliocentrica.it\/de\/shop\/garbino\/#primaryimage","url":"https:\/\/www.oliocentrica.it\/wp-content\/uploads\/2021\/12\/oliocentrica-garbino-05L.jpg","contentUrl":"https:\/\/www.oliocentrica.it\/wp-content\/uploads\/2021\/12\/oliocentrica-garbino-05L.jpg","width":800,"height":800},{"@type":"BreadcrumbList","@id":"https:\/\/www.oliocentrica.it\/de\/shop\/garbino\/#breadcrumb","itemListElement":[{"@type":"ListItem","position":1,"name":"Home","item":"https:\/\/www.oliocentrica.it\/de\/"},{"@type":"ListItem","position":2,"name":"Shop","item":"https:\/\/www.oliocentrica.it\/de\/shop\/"},{"@type":"ListItem","position":3,"name":"Garbino"}]},{"@type":"WebSite","@id":"https:\/\/www.oliocentrica.it\/de\/#website","url":"https:\/\/www.oliocentrica.it\/de\/","name":"Oliocentrica","description":"il filo d\u2019olio tra cibo e salute","publisher":{"@id":"https:\/\/www.oliocentrica.it\/de\/#organization"},"potentialAction":[{"@type":"SearchAction","target":{"@type":"EntryPoint","urlTemplate":"https:\/\/www.oliocentrica.it\/de\/?s={search_term_string}"},"query-input":{"@type":"PropertyValueSpecification","valueRequired":true,"valueName":"search_term_string"}}],"inLanguage":"de"},{"@type":"Organization","@id":"https:\/\/www.oliocentrica.it\/de\/#organization","name":"Oliocentrica Srls","url":"https:\/\/www.oliocentrica.it\/de\/","logo":{"@type":"ImageObject","inLanguage":"de","@id":"https:\/\/www.oliocentrica.it\/de\/#\/schema\/logo\/image\/","url":"https:\/\/www.oliocentrica.it\/wp-content\/uploads\/2021\/05\/logo_oliocentrica-1.png","contentUrl":"https:\/\/www.oliocentrica.it\/wp-content\/uploads\/2021\/05\/logo_oliocentrica-1.png","width":250,"height":81,"caption":"Oliocentrica Srls"},"image":{"@id":"https:\/\/www.oliocentrica.it\/de\/#\/schema\/logo\/image\/"},"sameAs":["https:\/\/www.facebook.com\/Oliocentrica","https:\/\/www.instagram.com\/oliocentrica"]}]}},"brands":[{"id":268,"name":"Scovaventi","slug":"scovaventi"}],"_links":{"self":[{"href":"https:\/\/www.oliocentrica.it\/de\/wp-json\/wp\/v2\/product\/13023"}],"collection":[{"href":"https:\/\/www.oliocentrica.it\/de\/wp-json\/wp\/v2\/product"}],"about":[{"href":"https:\/\/www.oliocentrica.it\/de\/wp-json\/wp\/v2\/types\/product"}],"replies":[{"embeddable":true,"href":"https:\/\/www.oliocentrica.it\/de\/wp-json\/wp\/v2\/comments?post=13023"}],"wp:featuredmedia":[{"embeddable":true,"href":"https:\/\/www.oliocentrica.it\/de\/wp-json\/wp\/v2\/media\/13024"}],"wp:attachment":[{"href":"https:\/\/www.oliocentrica.it\/de\/wp-json\/wp\/v2\/media?parent=13023"}],"wp:term":[{"taxonomy":"pwb-brand","embeddable":true,"href":"https:\/\/www.oliocentrica.it\/de\/wp-json\/wp\/v2\/pwb-brand?post=13023"},{"taxonomy":"product_cat","embeddable":true,"href":"https:\/\/www.oliocentrica.it\/de\/wp-json\/wp\/v2\/product_cat?post=13023"},{"taxonomy":"product_tag","embeddable":true,"href":"https:\/\/www.oliocentrica.it\/de\/wp-json\/wp\/v2\/product_tag?post=13023"}],"curies":[{"name":"wp","href":"https:\/\/api.w.org\/{rel}","templated":true}]}}