{"id":13016,"date":"2021-12-03T17:36:27","date_gmt":"2021-12-03T16:36:27","guid":{"rendered":"https:\/\/www.oliocentrica.it\/shop\/toscano\/"},"modified":"2023-10-24T18:43:46","modified_gmt":"2023-10-24T16:43:46","slug":"toscano","status":"publish","type":"product","link":"https:\/\/www.oliocentrica.it\/de\/shop\/toscano\/","title":{"rendered":"Toscano"},"content":{"rendered":"<p><strong><em>Mittelfruchtig<\/em><\/strong><\/p>\n<p><strong>Duft<\/strong>: angenehm frische Noten von geschnittenem Gras, Mandeln, Artischocken und N\u00fcssen<\/p>\n<p><strong>Geschmack:<\/strong> anhaltend bitter und w\u00fcrzig, Nachgeschmack von Majoran, Salat, Mandel und Sellerie<\/p>\n<p><strong>Probieren Sie es mit &#8230;<\/strong> strukturierten Gerichten mit starken Aromen wie Tagliatella mit wei\u00dfer Fleischsauce oder einem Rindercarpaccio<\/p>\n<p><strong>Geografisches Gebiet und Gebiet:<\/strong> Standort Manciano &#8211; Maremma Toscana (Grosseto)<\/p>\n<p><strong>Olivenkampagne: <\/strong>2023\/2024<\/p>\n<p><strong>Formate:<\/strong> Glasflaschen von 0,1 l &#8211; 0,25 l &#8211; 0,5 l<\/p>\n<p><strong>Olivensorte:<\/strong> Mischung aus Leccino, Olivastra und Raggiolo<\/p>\n<p><strong>Produktionsmethode:<\/strong> kalt mit einem kontinuierlichen und gefilterten Kreislaufsystem<\/p>\n<p><strong>Aufbewahrungsmethode:<\/strong> kontrollierte Temperatur zwischen 14-20 \u00b0 C in Abwesenheit von Sauerstoff<\/p>\n<p>_______________________________________<\/p>\n<p><em>Danksagungen<\/em><\/p>\n<p><strong>Bewertet von Oli d&#8217;Italia 2021 von Gambero Rosso<\/strong><\/p>\n<p>_______________________________________<\/p>\n<p><em>Weitere Informationen gelten f\u00fcr alle unsere nativen Oliven\u00f6le extra<\/em><\/p>\n<p><strong>Zutaten:<\/strong> 100 % italienische Oliven, im richtigen Reifegrad geerntet und in Italien mit mechanischen Verfahren gepresst<br \/>\n<strong>Lagerung:<\/strong> fern von Licht, W\u00e4rmequellen, schlechten Ger\u00fcchen und in hermetisch verschlossenen Flaschen. Denken Sie daran, dass natives Oliven\u00f6l extra der Feind von Licht, Hitze und Luft ist<br \/>\n<strong>Frist:<\/strong> innerhalb von 18 Monaten ab dem Datum der Abf\u00fcllung (Frist, innerhalb derer Sie von den N\u00e4hrwerten des nativen Oliven\u00f6ls extra profitieren k\u00f6nnen)<br \/>\n<strong>Verwendung: <\/strong>t\u00e4glich roh oder zum kurzen Garen bei moderaten Temperaturen<\/p>\n","protected":false},"excerpt":{"rendered":"<p><em><strong>Mittelfruchtig<\/strong><\/em><\/p>\n<p>Es ist ein natives Bio-Oliven\u00f6l extra, das aus ausgew\u00e4hlten Oliven unseres eigenen Anbaus der Sorten Leccino, Olivastra und Raggiolo gewonnen wird. Ein natives Oliven\u00f6l extra, das von der Toskana spricht, von rauen und harten Anbaub\u00f6den, wo die sengende Sommersonne und sehr wenig Regen die Oliven sehr langsam und unter extremen Bedingungen wachsen lassen. Es hat eine sehr helle goldgr\u00fcne Farbe. Bereits beim \u00d6ffnen des Verschlusses entfaltet dieses \u00d6l \u00fcberzeugende und sehr frische Aromen von aromatischen Kr\u00e4utern wie Salbei, Rosmarin und Farn. Starke Empfindungen kehren mit einem Hauch von Artischocke und Aubergine zum Gaumen zur\u00fcck. Im Abgang eine umh\u00fcllende \u00dcberraschung von Pfeffer, die den Geschmack mit einer intensiven w\u00fcrzigen Erinnerung hinterl\u00e4sst. Das ausgewogene Oliven\u00f6l extra vergine passt perfekt zu einer reichhaltigen K\u00fcche auf dem Grill, im Ofen, zu Braten und herzhaften Saucen.<\/p>\n","protected":false},"featured_media":13017,"comment_status":"closed","ping_status":"closed","template":"","meta":[],"pwb-brand":[268],"product_cat":[252],"product_tag":[],"acf":[],"yoast_head":"<!-- This site is optimized with the Yoast SEO plugin v24.5 - https:\/\/yoast.com\/wordpress\/plugins\/seo\/ -->\n<title>Toscano - Oliocentrica<\/title>\n<meta name=\"robots\" content=\"index, follow, max-snippet:-1, max-image-preview:large, max-video-preview:-1\" \/>\n<link rel=\"canonical\" href=\"https:\/\/www.oliocentrica.it\/de\/shop\/toscano\/\" \/>\n<meta property=\"og:locale\" content=\"de_DE\" \/>\n<meta property=\"og:type\" content=\"article\" \/>\n<meta property=\"og:title\" content=\"Toscano - Oliocentrica\" \/>\n<meta property=\"og:description\" content=\"Mittelfruchtig  Es ist ein natives Bio-Oliven\u00f6l extra, das aus ausgew\u00e4hlten Oliven unseres eigenen Anbaus der Sorten Leccino, Olivastra und Raggiolo gewonnen wird. Ein natives Oliven\u00f6l extra, das von der Toskana spricht, von rauen und harten Anbaub\u00f6den, wo die sengende Sommersonne und sehr wenig Regen die Oliven sehr langsam und unter extremen Bedingungen wachsen lassen. Es hat eine sehr helle goldgr\u00fcne Farbe. Bereits beim \u00d6ffnen des Verschlusses entfaltet dieses \u00d6l \u00fcberzeugende und sehr frische Aromen von aromatischen Kr\u00e4utern wie Salbei, Rosmarin und Farn. Starke Empfindungen kehren mit einem Hauch von Artischocke und Aubergine zum Gaumen zur\u00fcck. Im Abgang eine umh\u00fcllende \u00dcberraschung von Pfeffer, die den Geschmack mit einer intensiven w\u00fcrzigen Erinnerung hinterl\u00e4sst. Das ausgewogene Oliven\u00f6l extra vergine passt perfekt zu einer reichhaltigen K\u00fcche auf dem Grill, im Ofen, zu Braten und herzhaften Saucen.\" \/>\n<meta property=\"og:url\" content=\"https:\/\/www.oliocentrica.it\/de\/shop\/toscano\/\" \/>\n<meta property=\"og:site_name\" content=\"Oliocentrica\" \/>\n<meta property=\"article:publisher\" content=\"https:\/\/www.facebook.com\/Oliocentrica\" \/>\n<meta property=\"article:modified_time\" content=\"2023-10-24T16:43:46+00:00\" \/>\n<meta property=\"og:image\" content=\"https:\/\/www.oliocentrica.it\/wp-content\/uploads\/2021\/12\/oliocentrica-toscano-05L.jpg\" \/>\n\t<meta property=\"og:image:width\" content=\"800\" \/>\n\t<meta property=\"og:image:height\" content=\"800\" \/>\n\t<meta property=\"og:image:type\" content=\"image\/jpeg\" \/>\n<meta name=\"twitter:card\" content=\"summary_large_image\" \/>\n<meta name=\"twitter:label1\" content=\"Gesch\u00e4tzte Lesezeit\" \/>\n\t<meta name=\"twitter:data1\" content=\"1\u00a0Minute\" \/>\n<script type=\"application\/ld+json\" class=\"yoast-schema-graph\">{\"@context\":\"https:\/\/schema.org\",\"@graph\":[{\"@type\":\"WebPage\",\"@id\":\"https:\/\/www.oliocentrica.it\/de\/shop\/toscano\/\",\"url\":\"https:\/\/www.oliocentrica.it\/de\/shop\/toscano\/\",\"name\":\"Toscano - Oliocentrica\",\"isPartOf\":{\"@id\":\"https:\/\/www.oliocentrica.it\/de\/#website\"},\"primaryImageOfPage\":{\"@id\":\"https:\/\/www.oliocentrica.it\/de\/shop\/toscano\/#primaryimage\"},\"image\":{\"@id\":\"https:\/\/www.oliocentrica.it\/de\/shop\/toscano\/#primaryimage\"},\"thumbnailUrl\":\"https:\/\/www.oliocentrica.it\/wp-content\/uploads\/2021\/12\/oliocentrica-toscano-05L.jpg\",\"datePublished\":\"2021-12-03T16:36:27+00:00\",\"dateModified\":\"2023-10-24T16:43:46+00:00\",\"breadcrumb\":{\"@id\":\"https:\/\/www.oliocentrica.it\/de\/shop\/toscano\/#breadcrumb\"},\"inLanguage\":\"de\",\"potentialAction\":[{\"@type\":\"ReadAction\",\"target\":[\"https:\/\/www.oliocentrica.it\/de\/shop\/toscano\/\"]}]},{\"@type\":\"ImageObject\",\"inLanguage\":\"de\",\"@id\":\"https:\/\/www.oliocentrica.it\/de\/shop\/toscano\/#primaryimage\",\"url\":\"https:\/\/www.oliocentrica.it\/wp-content\/uploads\/2021\/12\/oliocentrica-toscano-05L.jpg\",\"contentUrl\":\"https:\/\/www.oliocentrica.it\/wp-content\/uploads\/2021\/12\/oliocentrica-toscano-05L.jpg\",\"width\":800,\"height\":800},{\"@type\":\"BreadcrumbList\",\"@id\":\"https:\/\/www.oliocentrica.it\/de\/shop\/toscano\/#breadcrumb\",\"itemListElement\":[{\"@type\":\"ListItem\",\"position\":1,\"name\":\"Home\",\"item\":\"https:\/\/www.oliocentrica.it\/de\/\"},{\"@type\":\"ListItem\",\"position\":2,\"name\":\"Shop\",\"item\":\"https:\/\/www.oliocentrica.it\/de\/shop\/\"},{\"@type\":\"ListItem\",\"position\":3,\"name\":\"Toscano\"}]},{\"@type\":\"WebSite\",\"@id\":\"https:\/\/www.oliocentrica.it\/de\/#website\",\"url\":\"https:\/\/www.oliocentrica.it\/de\/\",\"name\":\"Oliocentrica\",\"description\":\"il filo d\u2019olio tra cibo e salute\",\"publisher\":{\"@id\":\"https:\/\/www.oliocentrica.it\/de\/#organization\"},\"potentialAction\":[{\"@type\":\"SearchAction\",\"target\":{\"@type\":\"EntryPoint\",\"urlTemplate\":\"https:\/\/www.oliocentrica.it\/de\/?s={search_term_string}\"},\"query-input\":{\"@type\":\"PropertyValueSpecification\",\"valueRequired\":true,\"valueName\":\"search_term_string\"}}],\"inLanguage\":\"de\"},{\"@type\":\"Organization\",\"@id\":\"https:\/\/www.oliocentrica.it\/de\/#organization\",\"name\":\"Oliocentrica Srls\",\"url\":\"https:\/\/www.oliocentrica.it\/de\/\",\"logo\":{\"@type\":\"ImageObject\",\"inLanguage\":\"de\",\"@id\":\"https:\/\/www.oliocentrica.it\/de\/#\/schema\/logo\/image\/\",\"url\":\"https:\/\/www.oliocentrica.it\/wp-content\/uploads\/2021\/05\/logo_oliocentrica-1.png\",\"contentUrl\":\"https:\/\/www.oliocentrica.it\/wp-content\/uploads\/2021\/05\/logo_oliocentrica-1.png\",\"width\":250,\"height\":81,\"caption\":\"Oliocentrica Srls\"},\"image\":{\"@id\":\"https:\/\/www.oliocentrica.it\/de\/#\/schema\/logo\/image\/\"},\"sameAs\":[\"https:\/\/www.facebook.com\/Oliocentrica\",\"https:\/\/www.instagram.com\/oliocentrica\"]}]}<\/script>\n<!-- \/ Yoast SEO plugin. -->","yoast_head_json":{"title":"Toscano - Oliocentrica","robots":{"index":"index","follow":"follow","max-snippet":"max-snippet:-1","max-image-preview":"max-image-preview:large","max-video-preview":"max-video-preview:-1"},"canonical":"https:\/\/www.oliocentrica.it\/de\/shop\/toscano\/","og_locale":"de_DE","og_type":"article","og_title":"Toscano - Oliocentrica","og_description":"Mittelfruchtig  Es ist ein natives Bio-Oliven\u00f6l extra, das aus ausgew\u00e4hlten Oliven unseres eigenen Anbaus der Sorten Leccino, Olivastra und Raggiolo gewonnen wird. Ein natives Oliven\u00f6l extra, das von der Toskana spricht, von rauen und harten Anbaub\u00f6den, wo die sengende Sommersonne und sehr wenig Regen die Oliven sehr langsam und unter extremen Bedingungen wachsen lassen. Es hat eine sehr helle goldgr\u00fcne Farbe. Bereits beim \u00d6ffnen des Verschlusses entfaltet dieses \u00d6l \u00fcberzeugende und sehr frische Aromen von aromatischen Kr\u00e4utern wie Salbei, Rosmarin und Farn. Starke Empfindungen kehren mit einem Hauch von Artischocke und Aubergine zum Gaumen zur\u00fcck. Im Abgang eine umh\u00fcllende \u00dcberraschung von Pfeffer, die den Geschmack mit einer intensiven w\u00fcrzigen Erinnerung hinterl\u00e4sst. Das ausgewogene Oliven\u00f6l extra vergine passt perfekt zu einer reichhaltigen K\u00fcche auf dem Grill, im Ofen, zu Braten und herzhaften Saucen.","og_url":"https:\/\/www.oliocentrica.it\/de\/shop\/toscano\/","og_site_name":"Oliocentrica","article_publisher":"https:\/\/www.facebook.com\/Oliocentrica","article_modified_time":"2023-10-24T16:43:46+00:00","og_image":[{"width":800,"height":800,"url":"https:\/\/www.oliocentrica.it\/wp-content\/uploads\/2021\/12\/oliocentrica-toscano-05L.jpg","type":"image\/jpeg"}],"twitter_card":"summary_large_image","twitter_misc":{"Gesch\u00e4tzte Lesezeit":"1\u00a0Minute"},"schema":{"@context":"https:\/\/schema.org","@graph":[{"@type":"WebPage","@id":"https:\/\/www.oliocentrica.it\/de\/shop\/toscano\/","url":"https:\/\/www.oliocentrica.it\/de\/shop\/toscano\/","name":"Toscano - Oliocentrica","isPartOf":{"@id":"https:\/\/www.oliocentrica.it\/de\/#website"},"primaryImageOfPage":{"@id":"https:\/\/www.oliocentrica.it\/de\/shop\/toscano\/#primaryimage"},"image":{"@id":"https:\/\/www.oliocentrica.it\/de\/shop\/toscano\/#primaryimage"},"thumbnailUrl":"https:\/\/www.oliocentrica.it\/wp-content\/uploads\/2021\/12\/oliocentrica-toscano-05L.jpg","datePublished":"2021-12-03T16:36:27+00:00","dateModified":"2023-10-24T16:43:46+00:00","breadcrumb":{"@id":"https:\/\/www.oliocentrica.it\/de\/shop\/toscano\/#breadcrumb"},"inLanguage":"de","potentialAction":[{"@type":"ReadAction","target":["https:\/\/www.oliocentrica.it\/de\/shop\/toscano\/"]}]},{"@type":"ImageObject","inLanguage":"de","@id":"https:\/\/www.oliocentrica.it\/de\/shop\/toscano\/#primaryimage","url":"https:\/\/www.oliocentrica.it\/wp-content\/uploads\/2021\/12\/oliocentrica-toscano-05L.jpg","contentUrl":"https:\/\/www.oliocentrica.it\/wp-content\/uploads\/2021\/12\/oliocentrica-toscano-05L.jpg","width":800,"height":800},{"@type":"BreadcrumbList","@id":"https:\/\/www.oliocentrica.it\/de\/shop\/toscano\/#breadcrumb","itemListElement":[{"@type":"ListItem","position":1,"name":"Home","item":"https:\/\/www.oliocentrica.it\/de\/"},{"@type":"ListItem","position":2,"name":"Shop","item":"https:\/\/www.oliocentrica.it\/de\/shop\/"},{"@type":"ListItem","position":3,"name":"Toscano"}]},{"@type":"WebSite","@id":"https:\/\/www.oliocentrica.it\/de\/#website","url":"https:\/\/www.oliocentrica.it\/de\/","name":"Oliocentrica","description":"il filo d\u2019olio tra cibo e salute","publisher":{"@id":"https:\/\/www.oliocentrica.it\/de\/#organization"},"potentialAction":[{"@type":"SearchAction","target":{"@type":"EntryPoint","urlTemplate":"https:\/\/www.oliocentrica.it\/de\/?s={search_term_string}"},"query-input":{"@type":"PropertyValueSpecification","valueRequired":true,"valueName":"search_term_string"}}],"inLanguage":"de"},{"@type":"Organization","@id":"https:\/\/www.oliocentrica.it\/de\/#organization","name":"Oliocentrica Srls","url":"https:\/\/www.oliocentrica.it\/de\/","logo":{"@type":"ImageObject","inLanguage":"de","@id":"https:\/\/www.oliocentrica.it\/de\/#\/schema\/logo\/image\/","url":"https:\/\/www.oliocentrica.it\/wp-content\/uploads\/2021\/05\/logo_oliocentrica-1.png","contentUrl":"https:\/\/www.oliocentrica.it\/wp-content\/uploads\/2021\/05\/logo_oliocentrica-1.png","width":250,"height":81,"caption":"Oliocentrica Srls"},"image":{"@id":"https:\/\/www.oliocentrica.it\/de\/#\/schema\/logo\/image\/"},"sameAs":["https:\/\/www.facebook.com\/Oliocentrica","https:\/\/www.instagram.com\/oliocentrica"]}]}},"brands":[{"id":268,"name":"Scovaventi","slug":"scovaventi"}],"_links":{"self":[{"href":"https:\/\/www.oliocentrica.it\/de\/wp-json\/wp\/v2\/product\/13016"}],"collection":[{"href":"https:\/\/www.oliocentrica.it\/de\/wp-json\/wp\/v2\/product"}],"about":[{"href":"https:\/\/www.oliocentrica.it\/de\/wp-json\/wp\/v2\/types\/product"}],"replies":[{"embeddable":true,"href":"https:\/\/www.oliocentrica.it\/de\/wp-json\/wp\/v2\/comments?post=13016"}],"wp:featuredmedia":[{"embeddable":true,"href":"https:\/\/www.oliocentrica.it\/de\/wp-json\/wp\/v2\/media\/13017"}],"wp:attachment":[{"href":"https:\/\/www.oliocentrica.it\/de\/wp-json\/wp\/v2\/media?parent=13016"}],"wp:term":[{"taxonomy":"pwb-brand","embeddable":true,"href":"https:\/\/www.oliocentrica.it\/de\/wp-json\/wp\/v2\/pwb-brand?post=13016"},{"taxonomy":"product_cat","embeddable":true,"href":"https:\/\/www.oliocentrica.it\/de\/wp-json\/wp\/v2\/product_cat?post=13016"},{"taxonomy":"product_tag","embeddable":true,"href":"https:\/\/www.oliocentrica.it\/de\/wp-json\/wp\/v2\/product_tag?post=13016"}],"curies":[{"name":"wp","href":"https:\/\/api.w.org\/{rel}","templated":true}]}}