{"id":12993,"date":"2021-12-08T16:00:56","date_gmt":"2021-12-08T15:00:56","guid":{"rendered":"https:\/\/www.oliocentrica.it\/shop\/gocce-di-territolio-nel-tagliere\/"},"modified":"2023-10-25T20:18:49","modified_gmt":"2023-10-25T18:18:49","slug":"gocce-di-territolio-nel-tagliere","status":"publish","type":"product","link":"https:\/\/www.oliocentrica.it\/de\/shop\/gocce-di-territolio-nel-tagliere\/","title":{"rendered":"Gocce di Territolio nel tagliere"},"content":{"rendered":"<p><strong><em>Ein eleganter, hochwertiger, stabiler Karton, der enth\u00e4lt:<\/em><\/strong><\/p>\n<p>1 Dose 0,75 l natives Oliven\u00f6l extra von: <strong>Territolio Origini<\/strong> <a href=\"https:\/\/www.oliocentrica.it\/de\/shop\/territolio-origini\/\"><em>mehr lesen<\/em><\/a> &#8211; Leicht \/ mittelfruchtig: Mischung aus Itrana, Leccino, Frantoio &#8211; <strong>Oliocentrica<\/strong> <a href=\"https:\/\/www.oliocentrica.it\/de\/oliocentrica\/\"><em>mehr lesen<\/em><\/a><br \/>\nProbieren Sie es mit\u2026 extrem vielseitig, es ist perfekt f\u00fcr Sommer- und Wintergerichte. Gibt das Beste von sich mit Panzanella, Meeresfr\u00fcchtesalaten und B\u00fcffelmozzarella, angereichert mit einem frischen Basilikumblatt<\/p>\n<p>n.1 Schneidebrett aus Olivenholz, geeignet f\u00fcr den Kontakt mit Lebensmitteln, behandelt mit Oliven\u00f6l<br \/>\n<em>Unterschiede in Form und Gr\u00f6\u00dfe sind die Garantie f\u00fcr Handwerkskunst<\/em><\/p>\n<p>n.1 Keramikschale (Abmessungen 6,5 x 6,5 cm), ein k\u00fcnstlerisches Produkt, das von Hand hergestellt und bemalt wurde und zum Aufbewahren und Aufbewahren von nativem Oliven\u00f6l extra geeignet ist, da es mit ungiftigen Mischungen und Farben hergestellt wird, frei von Schwermetallen, geeignet f\u00fcr den Kontakt mit Lebensmitteln<\/p>\n","protected":false},"excerpt":{"rendered":"<p>Ein natives Oliven\u00f6l extra mit intensiven Aromen von Tomaten, geschnittenem Salat und aromatischen Kr\u00e4utern.<br \/>\nEin eleganter Geschmack mit ausgewogenen Bitter- und Gew\u00fcrznoten und harmonischen Ankl\u00e4ngen von Salat und Mandel.<br \/>\nOlivenkampagne: 2023\/2024<\/p>\n<p>Die Leidenschaft f\u00fcr den tausendj\u00e4hrigen Olivenbaum hat uns zu den besten Holzhandwerkern gef\u00fchrt, die mit K\u00f6nnen und K\u00f6nnen ein Schneidebrett geschaffen haben, das die Essenz des Olivenbaums respektiert.<\/p>\n<p>Die tropfenf\u00f6rmige Oliocentrica-Keramik verschmilzt perfekt mit dem Holz und ist bereit, die Intensit\u00e4t eines guten nativen Oliven\u00f6ls extra aufzunehmen.<\/p>\n<p><em>Um G\u00e4ste zu \u00fcberraschen und Ihren Aperitif zu versch\u00f6nern<\/em><\/p>\n","protected":false},"featured_media":12994,"comment_status":"closed","ping_status":"closed","template":"","meta":[],"pwb-brand":[253],"product_cat":[248,252],"product_tag":[],"acf":[],"yoast_head":"<!-- This site is optimized with the Yoast SEO plugin v24.5 - https:\/\/yoast.com\/wordpress\/plugins\/seo\/ -->\n<title>Gocce di Territolio nel tagliere - Oliocentrica<\/title>\n<meta name=\"robots\" content=\"index, follow, max-snippet:-1, max-image-preview:large, max-video-preview:-1\" \/>\n<link rel=\"canonical\" href=\"https:\/\/www.oliocentrica.it\/de\/shop\/gocce-di-territolio-nel-tagliere\/\" \/>\n<meta property=\"og:locale\" content=\"de_DE\" \/>\n<meta property=\"og:type\" content=\"article\" \/>\n<meta property=\"og:title\" content=\"Gocce di Territolio nel tagliere - Oliocentrica\" \/>\n<meta property=\"og:description\" content=\"Ein natives Oliven\u00f6l extra mit intensiven Aromen von Tomaten, geschnittenem Salat und aromatischen Kr\u00e4utern. Ein eleganter Geschmack mit ausgewogenen Bitter- und Gew\u00fcrznoten und harmonischen Ankl\u00e4ngen von Salat und Mandel. Olivenkampagne: 2023\/2024  Die Leidenschaft f\u00fcr den tausendj\u00e4hrigen Olivenbaum hat uns zu den besten Holzhandwerkern gef\u00fchrt, die mit K\u00f6nnen und K\u00f6nnen ein Schneidebrett geschaffen haben, das die Essenz des Olivenbaums respektiert.  Die tropfenf\u00f6rmige Oliocentrica-Keramik verschmilzt perfekt mit dem Holz und ist bereit, die Intensit\u00e4t eines guten nativen Oliven\u00f6ls extra aufzunehmen.  Um G\u00e4ste zu \u00fcberraschen und Ihren Aperitif zu versch\u00f6nern\" \/>\n<meta property=\"og:url\" content=\"https:\/\/www.oliocentrica.it\/de\/shop\/gocce-di-territolio-nel-tagliere\/\" \/>\n<meta property=\"og:site_name\" content=\"Oliocentrica\" \/>\n<meta property=\"article:publisher\" content=\"https:\/\/www.facebook.com\/Oliocentrica\" \/>\n<meta property=\"article:modified_time\" content=\"2023-10-25T18:18:49+00:00\" \/>\n<meta property=\"og:image\" content=\"https:\/\/www.oliocentrica.it\/wp-content\/uploads\/2021\/12\/oliocentrica-gocce-di-territolio-nel-tagliere-1.jpg\" \/>\n\t<meta property=\"og:image:width\" content=\"800\" \/>\n\t<meta property=\"og:image:height\" content=\"800\" \/>\n\t<meta property=\"og:image:type\" content=\"image\/jpeg\" \/>\n<meta name=\"twitter:card\" content=\"summary_large_image\" \/>\n<meta name=\"twitter:label1\" content=\"Gesch\u00e4tzte Lesezeit\" \/>\n\t<meta name=\"twitter:data1\" content=\"1\u00a0Minute\" \/>\n<script type=\"application\/ld+json\" class=\"yoast-schema-graph\">{\"@context\":\"https:\/\/schema.org\",\"@graph\":[{\"@type\":\"WebPage\",\"@id\":\"https:\/\/www.oliocentrica.it\/de\/shop\/gocce-di-territolio-nel-tagliere\/\",\"url\":\"https:\/\/www.oliocentrica.it\/de\/shop\/gocce-di-territolio-nel-tagliere\/\",\"name\":\"Gocce di Territolio nel tagliere - Oliocentrica\",\"isPartOf\":{\"@id\":\"https:\/\/www.oliocentrica.it\/de\/#website\"},\"primaryImageOfPage\":{\"@id\":\"https:\/\/www.oliocentrica.it\/de\/shop\/gocce-di-territolio-nel-tagliere\/#primaryimage\"},\"image\":{\"@id\":\"https:\/\/www.oliocentrica.it\/de\/shop\/gocce-di-territolio-nel-tagliere\/#primaryimage\"},\"thumbnailUrl\":\"https:\/\/www.oliocentrica.it\/wp-content\/uploads\/2021\/12\/oliocentrica-gocce-di-territolio-nel-tagliere-1.jpg\",\"datePublished\":\"2021-12-08T15:00:56+00:00\",\"dateModified\":\"2023-10-25T18:18:49+00:00\",\"breadcrumb\":{\"@id\":\"https:\/\/www.oliocentrica.it\/de\/shop\/gocce-di-territolio-nel-tagliere\/#breadcrumb\"},\"inLanguage\":\"de\",\"potentialAction\":[{\"@type\":\"ReadAction\",\"target\":[\"https:\/\/www.oliocentrica.it\/de\/shop\/gocce-di-territolio-nel-tagliere\/\"]}]},{\"@type\":\"ImageObject\",\"inLanguage\":\"de\",\"@id\":\"https:\/\/www.oliocentrica.it\/de\/shop\/gocce-di-territolio-nel-tagliere\/#primaryimage\",\"url\":\"https:\/\/www.oliocentrica.it\/wp-content\/uploads\/2021\/12\/oliocentrica-gocce-di-territolio-nel-tagliere-1.jpg\",\"contentUrl\":\"https:\/\/www.oliocentrica.it\/wp-content\/uploads\/2021\/12\/oliocentrica-gocce-di-territolio-nel-tagliere-1.jpg\",\"width\":800,\"height\":800},{\"@type\":\"BreadcrumbList\",\"@id\":\"https:\/\/www.oliocentrica.it\/de\/shop\/gocce-di-territolio-nel-tagliere\/#breadcrumb\",\"itemListElement\":[{\"@type\":\"ListItem\",\"position\":1,\"name\":\"Home\",\"item\":\"https:\/\/www.oliocentrica.it\/de\/\"},{\"@type\":\"ListItem\",\"position\":2,\"name\":\"Shop\",\"item\":\"https:\/\/www.oliocentrica.it\/de\/shop\/\"},{\"@type\":\"ListItem\",\"position\":3,\"name\":\"Gocce di Territolio nel tagliere\"}]},{\"@type\":\"WebSite\",\"@id\":\"https:\/\/www.oliocentrica.it\/de\/#website\",\"url\":\"https:\/\/www.oliocentrica.it\/de\/\",\"name\":\"Oliocentrica\",\"description\":\"il filo d\u2019olio tra cibo e salute\",\"publisher\":{\"@id\":\"https:\/\/www.oliocentrica.it\/de\/#organization\"},\"potentialAction\":[{\"@type\":\"SearchAction\",\"target\":{\"@type\":\"EntryPoint\",\"urlTemplate\":\"https:\/\/www.oliocentrica.it\/de\/?s={search_term_string}\"},\"query-input\":{\"@type\":\"PropertyValueSpecification\",\"valueRequired\":true,\"valueName\":\"search_term_string\"}}],\"inLanguage\":\"de\"},{\"@type\":\"Organization\",\"@id\":\"https:\/\/www.oliocentrica.it\/de\/#organization\",\"name\":\"Oliocentrica Srls\",\"url\":\"https:\/\/www.oliocentrica.it\/de\/\",\"logo\":{\"@type\":\"ImageObject\",\"inLanguage\":\"de\",\"@id\":\"https:\/\/www.oliocentrica.it\/de\/#\/schema\/logo\/image\/\",\"url\":\"https:\/\/www.oliocentrica.it\/wp-content\/uploads\/2021\/05\/logo_oliocentrica-1.png\",\"contentUrl\":\"https:\/\/www.oliocentrica.it\/wp-content\/uploads\/2021\/05\/logo_oliocentrica-1.png\",\"width\":250,\"height\":81,\"caption\":\"Oliocentrica Srls\"},\"image\":{\"@id\":\"https:\/\/www.oliocentrica.it\/de\/#\/schema\/logo\/image\/\"},\"sameAs\":[\"https:\/\/www.facebook.com\/Oliocentrica\",\"https:\/\/www.instagram.com\/oliocentrica\"]}]}<\/script>\n<!-- \/ Yoast SEO plugin. -->","yoast_head_json":{"title":"Gocce di Territolio nel tagliere - Oliocentrica","robots":{"index":"index","follow":"follow","max-snippet":"max-snippet:-1","max-image-preview":"max-image-preview:large","max-video-preview":"max-video-preview:-1"},"canonical":"https:\/\/www.oliocentrica.it\/de\/shop\/gocce-di-territolio-nel-tagliere\/","og_locale":"de_DE","og_type":"article","og_title":"Gocce di Territolio nel tagliere - Oliocentrica","og_description":"Ein natives Oliven\u00f6l extra mit intensiven Aromen von Tomaten, geschnittenem Salat und aromatischen Kr\u00e4utern. Ein eleganter Geschmack mit ausgewogenen Bitter- und Gew\u00fcrznoten und harmonischen Ankl\u00e4ngen von Salat und Mandel. Olivenkampagne: 2023\/2024  Die Leidenschaft f\u00fcr den tausendj\u00e4hrigen Olivenbaum hat uns zu den besten Holzhandwerkern gef\u00fchrt, die mit K\u00f6nnen und K\u00f6nnen ein Schneidebrett geschaffen haben, das die Essenz des Olivenbaums respektiert.  Die tropfenf\u00f6rmige Oliocentrica-Keramik verschmilzt perfekt mit dem Holz und ist bereit, die Intensit\u00e4t eines guten nativen Oliven\u00f6ls extra aufzunehmen.  Um G\u00e4ste zu \u00fcberraschen und Ihren Aperitif zu versch\u00f6nern","og_url":"https:\/\/www.oliocentrica.it\/de\/shop\/gocce-di-territolio-nel-tagliere\/","og_site_name":"Oliocentrica","article_publisher":"https:\/\/www.facebook.com\/Oliocentrica","article_modified_time":"2023-10-25T18:18:49+00:00","og_image":[{"width":800,"height":800,"url":"https:\/\/www.oliocentrica.it\/wp-content\/uploads\/2021\/12\/oliocentrica-gocce-di-territolio-nel-tagliere-1.jpg","type":"image\/jpeg"}],"twitter_card":"summary_large_image","twitter_misc":{"Gesch\u00e4tzte Lesezeit":"1\u00a0Minute"},"schema":{"@context":"https:\/\/schema.org","@graph":[{"@type":"WebPage","@id":"https:\/\/www.oliocentrica.it\/de\/shop\/gocce-di-territolio-nel-tagliere\/","url":"https:\/\/www.oliocentrica.it\/de\/shop\/gocce-di-territolio-nel-tagliere\/","name":"Gocce di Territolio nel tagliere - Oliocentrica","isPartOf":{"@id":"https:\/\/www.oliocentrica.it\/de\/#website"},"primaryImageOfPage":{"@id":"https:\/\/www.oliocentrica.it\/de\/shop\/gocce-di-territolio-nel-tagliere\/#primaryimage"},"image":{"@id":"https:\/\/www.oliocentrica.it\/de\/shop\/gocce-di-territolio-nel-tagliere\/#primaryimage"},"thumbnailUrl":"https:\/\/www.oliocentrica.it\/wp-content\/uploads\/2021\/12\/oliocentrica-gocce-di-territolio-nel-tagliere-1.jpg","datePublished":"2021-12-08T15:00:56+00:00","dateModified":"2023-10-25T18:18:49+00:00","breadcrumb":{"@id":"https:\/\/www.oliocentrica.it\/de\/shop\/gocce-di-territolio-nel-tagliere\/#breadcrumb"},"inLanguage":"de","potentialAction":[{"@type":"ReadAction","target":["https:\/\/www.oliocentrica.it\/de\/shop\/gocce-di-territolio-nel-tagliere\/"]}]},{"@type":"ImageObject","inLanguage":"de","@id":"https:\/\/www.oliocentrica.it\/de\/shop\/gocce-di-territolio-nel-tagliere\/#primaryimage","url":"https:\/\/www.oliocentrica.it\/wp-content\/uploads\/2021\/12\/oliocentrica-gocce-di-territolio-nel-tagliere-1.jpg","contentUrl":"https:\/\/www.oliocentrica.it\/wp-content\/uploads\/2021\/12\/oliocentrica-gocce-di-territolio-nel-tagliere-1.jpg","width":800,"height":800},{"@type":"BreadcrumbList","@id":"https:\/\/www.oliocentrica.it\/de\/shop\/gocce-di-territolio-nel-tagliere\/#breadcrumb","itemListElement":[{"@type":"ListItem","position":1,"name":"Home","item":"https:\/\/www.oliocentrica.it\/de\/"},{"@type":"ListItem","position":2,"name":"Shop","item":"https:\/\/www.oliocentrica.it\/de\/shop\/"},{"@type":"ListItem","position":3,"name":"Gocce di Territolio nel tagliere"}]},{"@type":"WebSite","@id":"https:\/\/www.oliocentrica.it\/de\/#website","url":"https:\/\/www.oliocentrica.it\/de\/","name":"Oliocentrica","description":"il filo d\u2019olio tra cibo e salute","publisher":{"@id":"https:\/\/www.oliocentrica.it\/de\/#organization"},"potentialAction":[{"@type":"SearchAction","target":{"@type":"EntryPoint","urlTemplate":"https:\/\/www.oliocentrica.it\/de\/?s={search_term_string}"},"query-input":{"@type":"PropertyValueSpecification","valueRequired":true,"valueName":"search_term_string"}}],"inLanguage":"de"},{"@type":"Organization","@id":"https:\/\/www.oliocentrica.it\/de\/#organization","name":"Oliocentrica Srls","url":"https:\/\/www.oliocentrica.it\/de\/","logo":{"@type":"ImageObject","inLanguage":"de","@id":"https:\/\/www.oliocentrica.it\/de\/#\/schema\/logo\/image\/","url":"https:\/\/www.oliocentrica.it\/wp-content\/uploads\/2021\/05\/logo_oliocentrica-1.png","contentUrl":"https:\/\/www.oliocentrica.it\/wp-content\/uploads\/2021\/05\/logo_oliocentrica-1.png","width":250,"height":81,"caption":"Oliocentrica Srls"},"image":{"@id":"https:\/\/www.oliocentrica.it\/de\/#\/schema\/logo\/image\/"},"sameAs":["https:\/\/www.facebook.com\/Oliocentrica","https:\/\/www.instagram.com\/oliocentrica"]}]}},"brands":[{"id":253,"name":"Oliocentrica","slug":"oliocentrica"}],"_links":{"self":[{"href":"https:\/\/www.oliocentrica.it\/de\/wp-json\/wp\/v2\/product\/12993"}],"collection":[{"href":"https:\/\/www.oliocentrica.it\/de\/wp-json\/wp\/v2\/product"}],"about":[{"href":"https:\/\/www.oliocentrica.it\/de\/wp-json\/wp\/v2\/types\/product"}],"replies":[{"embeddable":true,"href":"https:\/\/www.oliocentrica.it\/de\/wp-json\/wp\/v2\/comments?post=12993"}],"wp:featuredmedia":[{"embeddable":true,"href":"https:\/\/www.oliocentrica.it\/de\/wp-json\/wp\/v2\/media\/12994"}],"wp:attachment":[{"href":"https:\/\/www.oliocentrica.it\/de\/wp-json\/wp\/v2\/media?parent=12993"}],"wp:term":[{"taxonomy":"pwb-brand","embeddable":true,"href":"https:\/\/www.oliocentrica.it\/de\/wp-json\/wp\/v2\/pwb-brand?post=12993"},{"taxonomy":"product_cat","embeddable":true,"href":"https:\/\/www.oliocentrica.it\/de\/wp-json\/wp\/v2\/product_cat?post=12993"},{"taxonomy":"product_tag","embeddable":true,"href":"https:\/\/www.oliocentrica.it\/de\/wp-json\/wp\/v2\/product_tag?post=12993"}],"curies":[{"name":"wp","href":"https:\/\/api.w.org\/{rel}","templated":true}]}}