{"id":12987,"date":"2021-12-08T18:58:33","date_gmt":"2021-12-08T17:58:33","guid":{"rendered":"https:\/\/www.oliocentrica.it\/shop\/oliven-verkostungsset\/"},"modified":"2023-10-24T18:24:08","modified_gmt":"2023-10-24T16:24:08","slug":"oliven-verkostungsset","status":"publish","type":"product","link":"https:\/\/www.oliocentrica.it\/de\/shop\/oliven-verkostungsset\/","title":{"rendered":"Oliven-Verkostungsset"},"content":{"rendered":"<p><strong><em>Eine elegante, hochwertige und stabile Kartonschachtel mit 5 Produkten:<\/em><\/strong><\/p>\n<p>n.1 Glas gr\u00fcne Oliven von 315 g von: <strong>Bella di Cerignola<\/strong> <a href=\"https:\/\/www.oliocentrica.it\/de\/shop\/bella-di-cerignola\/\"><em>mehr lesen<\/em><\/a> &#8211; gr\u00fcne Oliven der Sorte Bella di Cerignola &#8211; <strong>Francesco Gabriele<\/strong> <a href=\"https:\/\/www.oliocentrica.it\/de\/lernen-wir-sie-kennen\/francesco-gabriele\/\"><em>mehr lesen<\/em><\/a><br \/>\n<em>La Bella di Cerignola ist k\u00f6stlich als Snack und perfekt in einer gemischten Vorspeise aus Meer und Bergen<\/em><\/p>\n<p>1 Glas 600 g gr\u00fcne Oliven von: <strong>Verde<\/strong> <a href=\"https:\/\/www.oliocentrica.it\/de\/shop\/verde\/\"><em>mehr lesen<\/em><\/a> &#8211; Itrana Sorte gr\u00fcne Oliven &#8211; <strong>Oliocentrica<\/strong> <a href=\"https:\/\/www.oliocentrica.it\/de\/oliocentrica\/\"><em>mehr lesen<\/em><\/a><br \/>\n<em>Ideal f\u00fcr einen Aperitif, perfekt f\u00fcr einen Snack und entsteint bereichern Sie Ihre Salate<\/em><\/p>\n<p>n.1 320-g-Glas zerknitterte schwarze Oliven von: <strong>Zerknitterte schwarze Oliven<\/strong> <a href=\"https:\/\/www.oliocentrica.it\/de\/shop\/gefaltete-schwarze-oliven-in-nativem-olivenol-extra\/\"><em>mehr lesen<\/em><\/a> &#8211; getrocknete schwarze Oliven &#8211; <strong>Oliocentrica <\/strong><a href=\"https:\/\/www.oliocentrica.it\/de\/oliocentrica\/\"><em>mehr lesen<\/em><\/a><br \/>\n<em>Ideal f\u00fcr einen Aperitif, perfekt f\u00fcr einen Snack und entsteint bereichern Sie Ihre Salate<\/em><\/p>\n<p>Nr. 1 Olivenhalter aus Keramik (Ma\u00dfe 17 x 17 x 3 cm) mit L\u00f6chern f\u00fcr Holzst\u00e4bchen. Ein von Hand hergestelltes und bemaltes k\u00fcnstlerisches Produkt, geeignet f\u00fcr die Aufnahme von Oliven, da es mit ungiftigen Mischungen und Farben hergestellt wird, frei von Schwermetallen, geeignet f\u00fcr den Kontakt mit Lebensmitteln<\/p>\n<p>1 Packung vorverpackte Holzzahnstocher<\/p>\n","protected":false},"excerpt":{"rendered":"<p><em>Steigen Sie aus der Box und beziehen Sie Ihre G\u00e4ste in eine Olivenverkostung ein!<\/em><br \/>\nOrdnen Sie die Oliven nach Typ abwechselnd in der Spirale an und stecken Sie die Holzst\u00e4bchen in die entsprechenden L\u00f6cher in der Keramik, damit Ihre G\u00e4ste eine echte italienische Exzellenz frei genie\u00dfen k\u00f6nnen!<\/p>\n<p><strong><a href=\"https:\/\/www.oliocentrica.it\/de\/shop\/bella-di-cerignola\/\">Bella di Cerignola<\/a> &#8211; Oliven in Salzlake &#8211; <a href=\"https:\/\/www.oliocentrica.it\/de\/lernen-wir-sie-kennen\/francesco-gabriele\/\">Francesco Gabriele<\/a><br \/>\n<a href=\"https:\/\/www.oliocentrica.it\/de\/shop\/verde\/\">Verde<\/a> &#8211; Oliven in Salzlake &#8211; <a href=\"https:\/\/www.oliocentrica.it\/de\/oliocentrica\/\">Oliocentrica<\/a><br \/>\n<a href=\"https:\/\/www.oliocentrica.it\/de\/shop\/gefaltete-schwarze-oliven-in-nativem-olivenol-extra\/\">Faltige schwarze Oliven<\/a> &#8211; getrocknete schwarze Oliven &#8211; <a href=\"https:\/\/www.oliocentrica.it\/de\/oliocentrica\/\">Oliocentrica<\/a><br \/>\n<a href=\"https:\/\/www.oliocentrica.it\/de\/shop\/oliocentrico-portaolive\/\">Oliocentrico<\/a> &#8211; Olivenhalter aus Keramik &#8211; <a href=\"https:\/\/www.oliocentrica.it\/de\/oliocentrica\/\">Oliocentrica<\/a><\/strong><\/p>\n","protected":false},"featured_media":16178,"comment_status":"closed","ping_status":"closed","template":"","meta":[],"pwb-brand":[253],"product_cat":[248,259],"product_tag":[],"acf":[],"yoast_head":"<!-- This site is optimized with the Yoast SEO plugin v24.5 - https:\/\/yoast.com\/wordpress\/plugins\/seo\/ -->\n<title>Oliven-Verkostungsset - Oliocentrica<\/title>\n<meta name=\"robots\" content=\"index, follow, max-snippet:-1, max-image-preview:large, max-video-preview:-1\" \/>\n<link rel=\"canonical\" href=\"https:\/\/www.oliocentrica.it\/de\/shop\/oliven-verkostungsset\/\" \/>\n<meta property=\"og:locale\" content=\"de_DE\" \/>\n<meta property=\"og:type\" content=\"article\" \/>\n<meta property=\"og:title\" content=\"Oliven-Verkostungsset - Oliocentrica\" \/>\n<meta property=\"og:description\" content=\"Steigen Sie aus der Box und beziehen Sie Ihre G\u00e4ste in eine Olivenverkostung ein! Ordnen Sie die Oliven nach Typ abwechselnd in der Spirale an und stecken Sie die Holzst\u00e4bchen in die entsprechenden L\u00f6cher in der Keramik, damit Ihre G\u00e4ste eine echte italienische Exzellenz frei genie\u00dfen k\u00f6nnen!  Bella di Cerignola - Oliven in Salzlake - Francesco Gabriele Verde - Oliven in Salzlake - Oliocentrica Faltige schwarze Oliven - getrocknete schwarze Oliven - Oliocentrica Oliocentrico - Olivenhalter aus Keramik - Oliocentrica\" \/>\n<meta property=\"og:url\" content=\"https:\/\/www.oliocentrica.it\/de\/shop\/oliven-verkostungsset\/\" \/>\n<meta property=\"og:site_name\" content=\"Oliocentrica\" \/>\n<meta property=\"article:publisher\" content=\"https:\/\/www.facebook.com\/Oliocentrica\" \/>\n<meta property=\"article:modified_time\" content=\"2023-10-24T16:24:08+00:00\" \/>\n<meta property=\"og:image\" content=\"https:\/\/www.oliocentrica.it\/wp-content\/uploads\/2021\/12\/degustazione-olive.jpg\" \/>\n\t<meta property=\"og:image:width\" content=\"800\" \/>\n\t<meta property=\"og:image:height\" content=\"800\" \/>\n\t<meta property=\"og:image:type\" content=\"image\/jpeg\" \/>\n<meta name=\"twitter:card\" content=\"summary_large_image\" \/>\n<meta name=\"twitter:label1\" content=\"Gesch\u00e4tzte Lesezeit\" \/>\n\t<meta name=\"twitter:data1\" content=\"1\u00a0Minute\" \/>\n<script type=\"application\/ld+json\" class=\"yoast-schema-graph\">{\"@context\":\"https:\/\/schema.org\",\"@graph\":[{\"@type\":\"WebPage\",\"@id\":\"https:\/\/www.oliocentrica.it\/de\/shop\/oliven-verkostungsset\/\",\"url\":\"https:\/\/www.oliocentrica.it\/de\/shop\/oliven-verkostungsset\/\",\"name\":\"Oliven-Verkostungsset - Oliocentrica\",\"isPartOf\":{\"@id\":\"https:\/\/www.oliocentrica.it\/de\/#website\"},\"primaryImageOfPage\":{\"@id\":\"https:\/\/www.oliocentrica.it\/de\/shop\/oliven-verkostungsset\/#primaryimage\"},\"image\":{\"@id\":\"https:\/\/www.oliocentrica.it\/de\/shop\/oliven-verkostungsset\/#primaryimage\"},\"thumbnailUrl\":\"https:\/\/www.oliocentrica.it\/wp-content\/uploads\/2021\/12\/degustazione-olive.jpg\",\"datePublished\":\"2021-12-08T17:58:33+00:00\",\"dateModified\":\"2023-10-24T16:24:08+00:00\",\"breadcrumb\":{\"@id\":\"https:\/\/www.oliocentrica.it\/de\/shop\/oliven-verkostungsset\/#breadcrumb\"},\"inLanguage\":\"de\",\"potentialAction\":[{\"@type\":\"ReadAction\",\"target\":[\"https:\/\/www.oliocentrica.it\/de\/shop\/oliven-verkostungsset\/\"]}]},{\"@type\":\"ImageObject\",\"inLanguage\":\"de\",\"@id\":\"https:\/\/www.oliocentrica.it\/de\/shop\/oliven-verkostungsset\/#primaryimage\",\"url\":\"https:\/\/www.oliocentrica.it\/wp-content\/uploads\/2021\/12\/degustazione-olive.jpg\",\"contentUrl\":\"https:\/\/www.oliocentrica.it\/wp-content\/uploads\/2021\/12\/degustazione-olive.jpg\",\"width\":800,\"height\":800,\"caption\":\"kit degustazione olive\"},{\"@type\":\"BreadcrumbList\",\"@id\":\"https:\/\/www.oliocentrica.it\/de\/shop\/oliven-verkostungsset\/#breadcrumb\",\"itemListElement\":[{\"@type\":\"ListItem\",\"position\":1,\"name\":\"Home\",\"item\":\"https:\/\/www.oliocentrica.it\/de\/\"},{\"@type\":\"ListItem\",\"position\":2,\"name\":\"Shop\",\"item\":\"https:\/\/www.oliocentrica.it\/de\/shop\/\"},{\"@type\":\"ListItem\",\"position\":3,\"name\":\"Oliven-Verkostungsset\"}]},{\"@type\":\"WebSite\",\"@id\":\"https:\/\/www.oliocentrica.it\/de\/#website\",\"url\":\"https:\/\/www.oliocentrica.it\/de\/\",\"name\":\"Oliocentrica\",\"description\":\"il filo d\u2019olio tra cibo e salute\",\"publisher\":{\"@id\":\"https:\/\/www.oliocentrica.it\/de\/#organization\"},\"potentialAction\":[{\"@type\":\"SearchAction\",\"target\":{\"@type\":\"EntryPoint\",\"urlTemplate\":\"https:\/\/www.oliocentrica.it\/de\/?s={search_term_string}\"},\"query-input\":{\"@type\":\"PropertyValueSpecification\",\"valueRequired\":true,\"valueName\":\"search_term_string\"}}],\"inLanguage\":\"de\"},{\"@type\":\"Organization\",\"@id\":\"https:\/\/www.oliocentrica.it\/de\/#organization\",\"name\":\"Oliocentrica Srls\",\"url\":\"https:\/\/www.oliocentrica.it\/de\/\",\"logo\":{\"@type\":\"ImageObject\",\"inLanguage\":\"de\",\"@id\":\"https:\/\/www.oliocentrica.it\/de\/#\/schema\/logo\/image\/\",\"url\":\"https:\/\/www.oliocentrica.it\/wp-content\/uploads\/2021\/05\/logo_oliocentrica-1.png\",\"contentUrl\":\"https:\/\/www.oliocentrica.it\/wp-content\/uploads\/2021\/05\/logo_oliocentrica-1.png\",\"width\":250,\"height\":81,\"caption\":\"Oliocentrica Srls\"},\"image\":{\"@id\":\"https:\/\/www.oliocentrica.it\/de\/#\/schema\/logo\/image\/\"},\"sameAs\":[\"https:\/\/www.facebook.com\/Oliocentrica\",\"https:\/\/www.instagram.com\/oliocentrica\"]}]}<\/script>\n<!-- \/ Yoast SEO plugin. -->","yoast_head_json":{"title":"Oliven-Verkostungsset - Oliocentrica","robots":{"index":"index","follow":"follow","max-snippet":"max-snippet:-1","max-image-preview":"max-image-preview:large","max-video-preview":"max-video-preview:-1"},"canonical":"https:\/\/www.oliocentrica.it\/de\/shop\/oliven-verkostungsset\/","og_locale":"de_DE","og_type":"article","og_title":"Oliven-Verkostungsset - Oliocentrica","og_description":"Steigen Sie aus der Box und beziehen Sie Ihre G\u00e4ste in eine Olivenverkostung ein! Ordnen Sie die Oliven nach Typ abwechselnd in der Spirale an und stecken Sie die Holzst\u00e4bchen in die entsprechenden L\u00f6cher in der Keramik, damit Ihre G\u00e4ste eine echte italienische Exzellenz frei genie\u00dfen k\u00f6nnen!  Bella di Cerignola - Oliven in Salzlake - Francesco Gabriele Verde - Oliven in Salzlake - Oliocentrica Faltige schwarze Oliven - getrocknete schwarze Oliven - Oliocentrica Oliocentrico - Olivenhalter aus Keramik - Oliocentrica","og_url":"https:\/\/www.oliocentrica.it\/de\/shop\/oliven-verkostungsset\/","og_site_name":"Oliocentrica","article_publisher":"https:\/\/www.facebook.com\/Oliocentrica","article_modified_time":"2023-10-24T16:24:08+00:00","og_image":[{"width":800,"height":800,"url":"https:\/\/www.oliocentrica.it\/wp-content\/uploads\/2021\/12\/degustazione-olive.jpg","type":"image\/jpeg"}],"twitter_card":"summary_large_image","twitter_misc":{"Gesch\u00e4tzte Lesezeit":"1\u00a0Minute"},"schema":{"@context":"https:\/\/schema.org","@graph":[{"@type":"WebPage","@id":"https:\/\/www.oliocentrica.it\/de\/shop\/oliven-verkostungsset\/","url":"https:\/\/www.oliocentrica.it\/de\/shop\/oliven-verkostungsset\/","name":"Oliven-Verkostungsset - Oliocentrica","isPartOf":{"@id":"https:\/\/www.oliocentrica.it\/de\/#website"},"primaryImageOfPage":{"@id":"https:\/\/www.oliocentrica.it\/de\/shop\/oliven-verkostungsset\/#primaryimage"},"image":{"@id":"https:\/\/www.oliocentrica.it\/de\/shop\/oliven-verkostungsset\/#primaryimage"},"thumbnailUrl":"https:\/\/www.oliocentrica.it\/wp-content\/uploads\/2021\/12\/degustazione-olive.jpg","datePublished":"2021-12-08T17:58:33+00:00","dateModified":"2023-10-24T16:24:08+00:00","breadcrumb":{"@id":"https:\/\/www.oliocentrica.it\/de\/shop\/oliven-verkostungsset\/#breadcrumb"},"inLanguage":"de","potentialAction":[{"@type":"ReadAction","target":["https:\/\/www.oliocentrica.it\/de\/shop\/oliven-verkostungsset\/"]}]},{"@type":"ImageObject","inLanguage":"de","@id":"https:\/\/www.oliocentrica.it\/de\/shop\/oliven-verkostungsset\/#primaryimage","url":"https:\/\/www.oliocentrica.it\/wp-content\/uploads\/2021\/12\/degustazione-olive.jpg","contentUrl":"https:\/\/www.oliocentrica.it\/wp-content\/uploads\/2021\/12\/degustazione-olive.jpg","width":800,"height":800,"caption":"kit degustazione olive"},{"@type":"BreadcrumbList","@id":"https:\/\/www.oliocentrica.it\/de\/shop\/oliven-verkostungsset\/#breadcrumb","itemListElement":[{"@type":"ListItem","position":1,"name":"Home","item":"https:\/\/www.oliocentrica.it\/de\/"},{"@type":"ListItem","position":2,"name":"Shop","item":"https:\/\/www.oliocentrica.it\/de\/shop\/"},{"@type":"ListItem","position":3,"name":"Oliven-Verkostungsset"}]},{"@type":"WebSite","@id":"https:\/\/www.oliocentrica.it\/de\/#website","url":"https:\/\/www.oliocentrica.it\/de\/","name":"Oliocentrica","description":"il filo d\u2019olio tra cibo e salute","publisher":{"@id":"https:\/\/www.oliocentrica.it\/de\/#organization"},"potentialAction":[{"@type":"SearchAction","target":{"@type":"EntryPoint","urlTemplate":"https:\/\/www.oliocentrica.it\/de\/?s={search_term_string}"},"query-input":{"@type":"PropertyValueSpecification","valueRequired":true,"valueName":"search_term_string"}}],"inLanguage":"de"},{"@type":"Organization","@id":"https:\/\/www.oliocentrica.it\/de\/#organization","name":"Oliocentrica Srls","url":"https:\/\/www.oliocentrica.it\/de\/","logo":{"@type":"ImageObject","inLanguage":"de","@id":"https:\/\/www.oliocentrica.it\/de\/#\/schema\/logo\/image\/","url":"https:\/\/www.oliocentrica.it\/wp-content\/uploads\/2021\/05\/logo_oliocentrica-1.png","contentUrl":"https:\/\/www.oliocentrica.it\/wp-content\/uploads\/2021\/05\/logo_oliocentrica-1.png","width":250,"height":81,"caption":"Oliocentrica Srls"},"image":{"@id":"https:\/\/www.oliocentrica.it\/de\/#\/schema\/logo\/image\/"},"sameAs":["https:\/\/www.facebook.com\/Oliocentrica","https:\/\/www.instagram.com\/oliocentrica"]}]}},"brands":[{"id":253,"name":"Oliocentrica","slug":"oliocentrica"}],"_links":{"self":[{"href":"https:\/\/www.oliocentrica.it\/de\/wp-json\/wp\/v2\/product\/12987"}],"collection":[{"href":"https:\/\/www.oliocentrica.it\/de\/wp-json\/wp\/v2\/product"}],"about":[{"href":"https:\/\/www.oliocentrica.it\/de\/wp-json\/wp\/v2\/types\/product"}],"replies":[{"embeddable":true,"href":"https:\/\/www.oliocentrica.it\/de\/wp-json\/wp\/v2\/comments?post=12987"}],"wp:featuredmedia":[{"embeddable":true,"href":"https:\/\/www.oliocentrica.it\/de\/wp-json\/wp\/v2\/media\/16178"}],"wp:attachment":[{"href":"https:\/\/www.oliocentrica.it\/de\/wp-json\/wp\/v2\/media?parent=12987"}],"wp:term":[{"taxonomy":"pwb-brand","embeddable":true,"href":"https:\/\/www.oliocentrica.it\/de\/wp-json\/wp\/v2\/pwb-brand?post=12987"},{"taxonomy":"product_cat","embeddable":true,"href":"https:\/\/www.oliocentrica.it\/de\/wp-json\/wp\/v2\/product_cat?post=12987"},{"taxonomy":"product_tag","embeddable":true,"href":"https:\/\/www.oliocentrica.it\/de\/wp-json\/wp\/v2\/product_tag?post=12987"}],"curies":[{"name":"wp","href":"https:\/\/api.w.org\/{rel}","templated":true}]}}