{"id":12984,"date":"2022-01-25T13:15:12","date_gmt":"2022-01-25T12:15:12","guid":{"rendered":"https:\/\/www.oliocentrica.it\/shop\/leccino-bio-2\/"},"modified":"2023-10-25T20:14:35","modified_gmt":"2023-10-25T18:14:35","slug":"leccino-bio-2","status":"publish","type":"product","link":"https:\/\/www.oliocentrica.it\/de\/shop\/leccino-bio-2\/","title":{"rendered":"Leccino Bio"},"content":{"rendered":"<p><strong><em>Leicht fruchtig<\/em><\/strong><\/p>\n<p><strong>Duft<\/strong>: Noten von Artischocken, gr\u00fcnen Mandeln und aromatischen Kr\u00e4utern<\/p>\n<p><strong>Geschmack<\/strong>: w\u00fcrzige und bittere Noten von leichter Intensit\u00e4t, mit einem Nachgeschmack von gr\u00fcnen Mandeln<\/p>\n<p><strong>Probieren Sie ihn zu\u2026<\/strong> wei\u00dfem Fleisch, Fisch-Couscous, gegrilltem Gem\u00fcse und trockenen Desserts. Empfohlen f\u00fcr die Herstellung von nativem Oliven\u00f6l extra und Essig<\/p>\n<p><strong>Geografisches Gebiet und Gebiet<\/strong>: Ascoli Piceno &#8211; Monti Sibillini 400 m s.l.m &#8211; Marken<\/p>\n<p><strong>Olivenkampagne<\/strong>: 2023\/2024<\/p>\n<p><strong>Gr\u00f6\u00dfen<\/strong>: 0,50L<\/p>\n<p><strong>Sortenrein aus Olivensorten<\/strong>: Leccino<\/p>\n<p><strong>Produktionsmethode<\/strong>: moderne Extraktionstechniken, kontinuierlicher \/ kalter Zyklus<\/p>\n<p><strong>Konservierungsmethode<\/strong>: in einer Umgebung mit kontrollierter Temperatur<br \/>\n_______________________________________<\/p>\n<p><em>Zertifizierungen:<\/em><\/p>\n<p><strong>Biologisch<\/strong><br \/>\n_______________________________________<br \/>\n<em>Weitere Informationen gelten f\u00fcr alle unsere nativen Oliven\u00f6le extra<\/em><\/p>\n<p><strong>Zutaten<\/strong>: 100 % italienische Oliven, im richtigen Reifegrad geerntet und in Italien mit mechanischen Verfahren gepresst<br \/>\n<strong>Lagerung<\/strong>: fern von Licht, W\u00e4rmequellen, schlechten Ger\u00fcchen und in hermetisch verschlossenen Flaschen. Denken Sie daran, dass natives Oliven\u00f6l extra der Feind von Licht, Hitze und Luft ist<br \/>\n<strong>Frist<\/strong>: innerhalb von 18 Monaten ab dem Datum der Abf\u00fcllung (Frist, innerhalb derer Sie von den N\u00e4hrwerten des nativen Oliven\u00f6ls extra profitieren k\u00f6nnen)<br \/>\n<strong>Verwendung<\/strong>: t\u00e4glich roh oder zum kurzen Garen bei moderaten Temperaturen<\/p>\n","protected":false},"excerpt":{"rendered":"<p><strong><em>Leicht fruchtig<\/em><\/strong><\/p>\n<p>\u00dcber tausend Olivenb\u00e4ume an den H\u00e4ngen der H\u00fcgel der Marken, nur wenige Kilometer von Ascoli Piceno und dem Meer von San Benedetto del Tronto entfernt, das ist Tenuta Centotorri. Auf 400 Metern \u00fcber dem Meeresspiegel, an einem Punkt, an dem die warme und brackige Sommerluft der Adria auf die kalte Winterluft der Sibillini-Berge trifft, wird das native Oliven\u00f6l extra aus der Sorte Leccino ausschlie\u00dflich mit biologischen Methoden angebaut. Eine Rebsorte mit einem zarten, aber entscheidenden Geschmack, mit Aromen, die an ein Fr\u00fchlingspicknick erinnern. Ideal, um einen Teller mit gegrilltem Gem\u00fcse der Saison zu vervollst\u00e4ndigen, ausgezeichnet zu Fischgerichten.<\/p>\n<p><em>Zertifizierungen: IT BIO-004 op.38506 &#8211; op.34849 konform mit den Anforderungen von Reg. CE 834\/07 und Reg. CE 889\/08<\/em><\/p>\n<p><strong>Olivenkampagne: 2023\/2024<\/strong><\/p>\n","protected":false},"featured_media":8933,"comment_status":"closed","ping_status":"closed","template":"","meta":[],"pwb-brand":[266],"product_cat":[252],"product_tag":[],"acf":[],"yoast_head":"<!-- This site is optimized with the Yoast SEO plugin v24.5 - https:\/\/yoast.com\/wordpress\/plugins\/seo\/ -->\n<title>Leccino Bio - Oliocentrica<\/title>\n<meta name=\"robots\" content=\"index, follow, max-snippet:-1, max-image-preview:large, max-video-preview:-1\" \/>\n<link rel=\"canonical\" href=\"https:\/\/www.oliocentrica.it\/de\/shop\/leccino-bio-2\/\" \/>\n<meta property=\"og:locale\" content=\"de_DE\" \/>\n<meta property=\"og:type\" content=\"article\" \/>\n<meta property=\"og:title\" content=\"Leccino Bio - Oliocentrica\" \/>\n<meta property=\"og:description\" content=\"Leicht fruchtig  \u00dcber tausend Olivenb\u00e4ume an den H\u00e4ngen der H\u00fcgel der Marken, nur wenige Kilometer von Ascoli Piceno und dem Meer von San Benedetto del Tronto entfernt, das ist Tenuta Centotorri. Auf 400 Metern \u00fcber dem Meeresspiegel, an einem Punkt, an dem die warme und brackige Sommerluft der Adria auf die kalte Winterluft der Sibillini-Berge trifft, wird das native Oliven\u00f6l extra aus der Sorte Leccino ausschlie\u00dflich mit biologischen Methoden angebaut. Eine Rebsorte mit einem zarten, aber entscheidenden Geschmack, mit Aromen, die an ein Fr\u00fchlingspicknick erinnern. Ideal, um einen Teller mit gegrilltem Gem\u00fcse der Saison zu vervollst\u00e4ndigen, ausgezeichnet zu Fischgerichten.  Zertifizierungen: IT BIO-004 op.38506 - op.34849 konform mit den Anforderungen von Reg. CE 834\/07 und Reg. CE 889\/08  Olivenkampagne: 2023\/2024\" \/>\n<meta property=\"og:url\" content=\"https:\/\/www.oliocentrica.it\/de\/shop\/leccino-bio-2\/\" \/>\n<meta property=\"og:site_name\" content=\"Oliocentrica\" \/>\n<meta property=\"article:publisher\" content=\"https:\/\/www.facebook.com\/Oliocentrica\" \/>\n<meta property=\"article:modified_time\" content=\"2023-10-25T18:14:35+00:00\" \/>\n<meta property=\"og:image\" content=\"https:\/\/www.oliocentrica.it\/wp-content\/uploads\/2022\/01\/leccino-tenuta-100-torri.jpg\" \/>\n\t<meta property=\"og:image:width\" content=\"800\" \/>\n\t<meta property=\"og:image:height\" content=\"800\" \/>\n\t<meta property=\"og:image:type\" content=\"image\/jpeg\" \/>\n<meta name=\"twitter:card\" content=\"summary_large_image\" \/>\n<meta name=\"twitter:label1\" content=\"Gesch\u00e4tzte Lesezeit\" \/>\n\t<meta name=\"twitter:data1\" content=\"1\u00a0Minute\" \/>\n<script type=\"application\/ld+json\" class=\"yoast-schema-graph\">{\"@context\":\"https:\/\/schema.org\",\"@graph\":[{\"@type\":\"WebPage\",\"@id\":\"https:\/\/www.oliocentrica.it\/de\/shop\/leccino-bio-2\/\",\"url\":\"https:\/\/www.oliocentrica.it\/de\/shop\/leccino-bio-2\/\",\"name\":\"Leccino Bio - Oliocentrica\",\"isPartOf\":{\"@id\":\"https:\/\/www.oliocentrica.it\/de\/#website\"},\"primaryImageOfPage\":{\"@id\":\"https:\/\/www.oliocentrica.it\/de\/shop\/leccino-bio-2\/#primaryimage\"},\"image\":{\"@id\":\"https:\/\/www.oliocentrica.it\/de\/shop\/leccino-bio-2\/#primaryimage\"},\"thumbnailUrl\":\"https:\/\/www.oliocentrica.it\/wp-content\/uploads\/2022\/01\/leccino-tenuta-100-torri.jpg\",\"datePublished\":\"2022-01-25T12:15:12+00:00\",\"dateModified\":\"2023-10-25T18:14:35+00:00\",\"breadcrumb\":{\"@id\":\"https:\/\/www.oliocentrica.it\/de\/shop\/leccino-bio-2\/#breadcrumb\"},\"inLanguage\":\"de\",\"potentialAction\":[{\"@type\":\"ReadAction\",\"target\":[\"https:\/\/www.oliocentrica.it\/de\/shop\/leccino-bio-2\/\"]}]},{\"@type\":\"ImageObject\",\"inLanguage\":\"de\",\"@id\":\"https:\/\/www.oliocentrica.it\/de\/shop\/leccino-bio-2\/#primaryimage\",\"url\":\"https:\/\/www.oliocentrica.it\/wp-content\/uploads\/2022\/01\/leccino-tenuta-100-torri.jpg\",\"contentUrl\":\"https:\/\/www.oliocentrica.it\/wp-content\/uploads\/2022\/01\/leccino-tenuta-100-torri.jpg\",\"width\":800,\"height\":800},{\"@type\":\"BreadcrumbList\",\"@id\":\"https:\/\/www.oliocentrica.it\/de\/shop\/leccino-bio-2\/#breadcrumb\",\"itemListElement\":[{\"@type\":\"ListItem\",\"position\":1,\"name\":\"Home\",\"item\":\"https:\/\/www.oliocentrica.it\/de\/\"},{\"@type\":\"ListItem\",\"position\":2,\"name\":\"Shop\",\"item\":\"https:\/\/www.oliocentrica.it\/de\/shop\/\"},{\"@type\":\"ListItem\",\"position\":3,\"name\":\"Leccino Bio\"}]},{\"@type\":\"WebSite\",\"@id\":\"https:\/\/www.oliocentrica.it\/de\/#website\",\"url\":\"https:\/\/www.oliocentrica.it\/de\/\",\"name\":\"Oliocentrica\",\"description\":\"il filo d\u2019olio tra cibo e salute\",\"publisher\":{\"@id\":\"https:\/\/www.oliocentrica.it\/de\/#organization\"},\"potentialAction\":[{\"@type\":\"SearchAction\",\"target\":{\"@type\":\"EntryPoint\",\"urlTemplate\":\"https:\/\/www.oliocentrica.it\/de\/?s={search_term_string}\"},\"query-input\":{\"@type\":\"PropertyValueSpecification\",\"valueRequired\":true,\"valueName\":\"search_term_string\"}}],\"inLanguage\":\"de\"},{\"@type\":\"Organization\",\"@id\":\"https:\/\/www.oliocentrica.it\/de\/#organization\",\"name\":\"Oliocentrica Srls\",\"url\":\"https:\/\/www.oliocentrica.it\/de\/\",\"logo\":{\"@type\":\"ImageObject\",\"inLanguage\":\"de\",\"@id\":\"https:\/\/www.oliocentrica.it\/de\/#\/schema\/logo\/image\/\",\"url\":\"https:\/\/www.oliocentrica.it\/wp-content\/uploads\/2021\/05\/logo_oliocentrica-1.png\",\"contentUrl\":\"https:\/\/www.oliocentrica.it\/wp-content\/uploads\/2021\/05\/logo_oliocentrica-1.png\",\"width\":250,\"height\":81,\"caption\":\"Oliocentrica Srls\"},\"image\":{\"@id\":\"https:\/\/www.oliocentrica.it\/de\/#\/schema\/logo\/image\/\"},\"sameAs\":[\"https:\/\/www.facebook.com\/Oliocentrica\",\"https:\/\/www.instagram.com\/oliocentrica\"]}]}<\/script>\n<!-- \/ Yoast SEO plugin. -->","yoast_head_json":{"title":"Leccino Bio - Oliocentrica","robots":{"index":"index","follow":"follow","max-snippet":"max-snippet:-1","max-image-preview":"max-image-preview:large","max-video-preview":"max-video-preview:-1"},"canonical":"https:\/\/www.oliocentrica.it\/de\/shop\/leccino-bio-2\/","og_locale":"de_DE","og_type":"article","og_title":"Leccino Bio - Oliocentrica","og_description":"Leicht fruchtig  \u00dcber tausend Olivenb\u00e4ume an den H\u00e4ngen der H\u00fcgel der Marken, nur wenige Kilometer von Ascoli Piceno und dem Meer von San Benedetto del Tronto entfernt, das ist Tenuta Centotorri. Auf 400 Metern \u00fcber dem Meeresspiegel, an einem Punkt, an dem die warme und brackige Sommerluft der Adria auf die kalte Winterluft der Sibillini-Berge trifft, wird das native Oliven\u00f6l extra aus der Sorte Leccino ausschlie\u00dflich mit biologischen Methoden angebaut. Eine Rebsorte mit einem zarten, aber entscheidenden Geschmack, mit Aromen, die an ein Fr\u00fchlingspicknick erinnern. Ideal, um einen Teller mit gegrilltem Gem\u00fcse der Saison zu vervollst\u00e4ndigen, ausgezeichnet zu Fischgerichten.  Zertifizierungen: IT BIO-004 op.38506 - op.34849 konform mit den Anforderungen von Reg. CE 834\/07 und Reg. CE 889\/08  Olivenkampagne: 2023\/2024","og_url":"https:\/\/www.oliocentrica.it\/de\/shop\/leccino-bio-2\/","og_site_name":"Oliocentrica","article_publisher":"https:\/\/www.facebook.com\/Oliocentrica","article_modified_time":"2023-10-25T18:14:35+00:00","og_image":[{"width":800,"height":800,"url":"https:\/\/www.oliocentrica.it\/wp-content\/uploads\/2022\/01\/leccino-tenuta-100-torri.jpg","type":"image\/jpeg"}],"twitter_card":"summary_large_image","twitter_misc":{"Gesch\u00e4tzte Lesezeit":"1\u00a0Minute"},"schema":{"@context":"https:\/\/schema.org","@graph":[{"@type":"WebPage","@id":"https:\/\/www.oliocentrica.it\/de\/shop\/leccino-bio-2\/","url":"https:\/\/www.oliocentrica.it\/de\/shop\/leccino-bio-2\/","name":"Leccino Bio - Oliocentrica","isPartOf":{"@id":"https:\/\/www.oliocentrica.it\/de\/#website"},"primaryImageOfPage":{"@id":"https:\/\/www.oliocentrica.it\/de\/shop\/leccino-bio-2\/#primaryimage"},"image":{"@id":"https:\/\/www.oliocentrica.it\/de\/shop\/leccino-bio-2\/#primaryimage"},"thumbnailUrl":"https:\/\/www.oliocentrica.it\/wp-content\/uploads\/2022\/01\/leccino-tenuta-100-torri.jpg","datePublished":"2022-01-25T12:15:12+00:00","dateModified":"2023-10-25T18:14:35+00:00","breadcrumb":{"@id":"https:\/\/www.oliocentrica.it\/de\/shop\/leccino-bio-2\/#breadcrumb"},"inLanguage":"de","potentialAction":[{"@type":"ReadAction","target":["https:\/\/www.oliocentrica.it\/de\/shop\/leccino-bio-2\/"]}]},{"@type":"ImageObject","inLanguage":"de","@id":"https:\/\/www.oliocentrica.it\/de\/shop\/leccino-bio-2\/#primaryimage","url":"https:\/\/www.oliocentrica.it\/wp-content\/uploads\/2022\/01\/leccino-tenuta-100-torri.jpg","contentUrl":"https:\/\/www.oliocentrica.it\/wp-content\/uploads\/2022\/01\/leccino-tenuta-100-torri.jpg","width":800,"height":800},{"@type":"BreadcrumbList","@id":"https:\/\/www.oliocentrica.it\/de\/shop\/leccino-bio-2\/#breadcrumb","itemListElement":[{"@type":"ListItem","position":1,"name":"Home","item":"https:\/\/www.oliocentrica.it\/de\/"},{"@type":"ListItem","position":2,"name":"Shop","item":"https:\/\/www.oliocentrica.it\/de\/shop\/"},{"@type":"ListItem","position":3,"name":"Leccino Bio"}]},{"@type":"WebSite","@id":"https:\/\/www.oliocentrica.it\/de\/#website","url":"https:\/\/www.oliocentrica.it\/de\/","name":"Oliocentrica","description":"il filo d\u2019olio tra cibo e salute","publisher":{"@id":"https:\/\/www.oliocentrica.it\/de\/#organization"},"potentialAction":[{"@type":"SearchAction","target":{"@type":"EntryPoint","urlTemplate":"https:\/\/www.oliocentrica.it\/de\/?s={search_term_string}"},"query-input":{"@type":"PropertyValueSpecification","valueRequired":true,"valueName":"search_term_string"}}],"inLanguage":"de"},{"@type":"Organization","@id":"https:\/\/www.oliocentrica.it\/de\/#organization","name":"Oliocentrica Srls","url":"https:\/\/www.oliocentrica.it\/de\/","logo":{"@type":"ImageObject","inLanguage":"de","@id":"https:\/\/www.oliocentrica.it\/de\/#\/schema\/logo\/image\/","url":"https:\/\/www.oliocentrica.it\/wp-content\/uploads\/2021\/05\/logo_oliocentrica-1.png","contentUrl":"https:\/\/www.oliocentrica.it\/wp-content\/uploads\/2021\/05\/logo_oliocentrica-1.png","width":250,"height":81,"caption":"Oliocentrica Srls"},"image":{"@id":"https:\/\/www.oliocentrica.it\/de\/#\/schema\/logo\/image\/"},"sameAs":["https:\/\/www.facebook.com\/Oliocentrica","https:\/\/www.instagram.com\/oliocentrica"]}]}},"brands":[{"id":266,"name":"Tenuta 100 Torri","slug":"tenuta-100-torri"}],"_links":{"self":[{"href":"https:\/\/www.oliocentrica.it\/de\/wp-json\/wp\/v2\/product\/12984"}],"collection":[{"href":"https:\/\/www.oliocentrica.it\/de\/wp-json\/wp\/v2\/product"}],"about":[{"href":"https:\/\/www.oliocentrica.it\/de\/wp-json\/wp\/v2\/types\/product"}],"replies":[{"embeddable":true,"href":"https:\/\/www.oliocentrica.it\/de\/wp-json\/wp\/v2\/comments?post=12984"}],"wp:featuredmedia":[{"embeddable":true,"href":"https:\/\/www.oliocentrica.it\/de\/wp-json\/wp\/v2\/media\/8933"}],"wp:attachment":[{"href":"https:\/\/www.oliocentrica.it\/de\/wp-json\/wp\/v2\/media?parent=12984"}],"wp:term":[{"taxonomy":"pwb-brand","embeddable":true,"href":"https:\/\/www.oliocentrica.it\/de\/wp-json\/wp\/v2\/pwb-brand?post=12984"},{"taxonomy":"product_cat","embeddable":true,"href":"https:\/\/www.oliocentrica.it\/de\/wp-json\/wp\/v2\/product_cat?post=12984"},{"taxonomy":"product_tag","embeddable":true,"href":"https:\/\/www.oliocentrica.it\/de\/wp-json\/wp\/v2\/product_tag?post=12984"}],"curies":[{"name":"wp","href":"https:\/\/api.w.org\/{rel}","templated":true}]}}