{"id":12983,"date":"2022-01-27T11:18:00","date_gmt":"2022-01-27T10:18:00","guid":{"rendered":"https:\/\/www.oliocentrica.it\/shop\/biancolilla-bio\/"},"modified":"2023-11-09T12:52:20","modified_gmt":"2023-11-09T11:52:20","slug":"biancolilla-bio","status":"publish","type":"product","link":"https:\/\/www.oliocentrica.it\/de\/shop\/biancolilla-bio\/","title":{"rendered":"Biancolilla Bio"},"content":{"rendered":"<p><strong><em>Leicht \/ Mittelfruchtig<\/em><\/strong><\/p>\n<p><strong>Duft<\/strong>: Kr\u00e4uternoten mit ausgepr\u00e4gten Noten von Artischocke, Tomate und gr\u00fcner Mandel<\/p>\n<p><strong>Geschmack<\/strong>: bitter und w\u00fcrzig in perfekter Harmonie<\/p>\n<p><strong>Probieren Sie es mit\u2026<\/strong> Fleisch- oder Fischcarpaccio, ged\u00e4mpften Zubereitungen, Saucen, Eiscreme oder Hefeteigdesserts<\/p>\n<p><strong>Geografisches Gebiet und Territorium:<\/strong> T\u00e4ler von Trapani &#8211; Zwischen Trapani und Marsala<\/p>\n<p><strong>Olivenkampagne<\/strong>: 2023\/2024<\/p>\n<p><strong>Gr\u00f6\u00dfen<\/strong>: 0,50 l<\/p>\n<p><strong>Sortenrein aus Oliva<\/strong>: Biancolilla<\/p>\n<p><strong>Produktionsmethode<\/strong>: Brecher im kontinuierlichen Zyklus (2 \u00bd Phasen), ausgestattet mit einem Zahnscheibenbrecher und Stickstoffsystemen, um ohne Sauerstoff zu arbeiten<\/p>\n<p><strong>Aufbewahrungsmethode<\/strong>: Edelstahlbeh\u00e4lter bei kontrollierter Temperatur<br \/>\n_______________________________________<\/p>\n<p><em>Auszeichnungen<\/em><\/p>\n<p><strong>Flos Olei 98\/100<\/strong><\/p>\n<p><strong>Drei Bl\u00e4tter von Guida Oli Gambero Rosso<\/strong><\/p>\n<p><strong>Slow-Food-Leitfaden<\/strong><br \/>\n_______________________________________<\/p>\n<p><em>Weitere Informationen gelten f\u00fcr alle unsere nativen Oliven\u00f6le extra<\/em><\/p>\n<p><strong>Zutaten:<\/strong> 100 % italienische Oliven, im richtigen Reifegrad geerntet und in Italien mit mechanischen Verfahren gepresst<br \/>\n<strong>Lagerung<\/strong>: fern von Licht, W\u00e4rmequellen, schlechten Ger\u00fcchen und in hermetisch verschlossenen Flaschen. Denken Sie daran, dass natives Oliven\u00f6l extra der Feind von Licht, Hitze und Luft ist<br \/>\n<strong>Frist<\/strong>: innerhalb von 18 Monaten ab dem Datum der Abf\u00fcllung (Frist, innerhalb derer Sie von den N\u00e4hrwerten des nativen Oliven\u00f6ls extra profitieren k\u00f6nnen)<br \/>\n<strong>Verwendung<\/strong>: t\u00e4glich roh oder zum kurzen Garen bei moderaten Temperaturen<\/p>\n","protected":false},"excerpt":{"rendered":"<p><em><strong>Leicht \/ mittel fruchtig<\/strong><\/em><\/p>\n<p>Die Familie Titone hat der menschlichen Gesundheit schon immer besondere Aufmerksamkeit geschenkt. Es ist kein Zufall, dass sie seit Generationen Apotheker mit einer Leidenschaft f\u00fcr den Olivenanbau und die Landwirtschaft sind.<br \/>\nBiancolilla Biologico ist ein natives Oliven\u00f6l extra, das die tausendj\u00e4hrigen Aromen Siziliens zwischen Trapani und Marsala in sich tr\u00e4gt, eine Sorte, die sich f\u00fcr delikate Gerichte, Fleisch und Fisch sowie f\u00fcr die Zubereitung von Saucen und Sauerteigdesserts eignet.<\/p>\n<p><em><strong>Zertifizierungen<\/strong>: Alle Stufen der \u00f6kologischen Produktion sind kontrolliert und zertifiziert gem\u00e4\u00df EG-Verordnung 834\/2007 und EG-Verordnung 889\/2008, das Unternehmen folgt den USDA &#8211; NOP-Standards, die in den USA angewendet werden, der CCPB-Pr\u00fcfungsstelle von Bologna. Entspricht den Normen UNI EN ISO 9001: 2008, Normen zum Schutz von Qualit\u00e4t und Umwelt, CSQA-Pr\u00fcfstelle. Mitgliedschaft im Dualen System Deutschland.<\/em><\/p>\n<p><strong>Olivenkampagne: 2023\/2024<\/strong><\/p>\n","protected":false},"featured_media":9236,"comment_status":"closed","ping_status":"closed","template":"","meta":[],"pwb-brand":[303],"product_cat":[252],"product_tag":[],"acf":[],"yoast_head":"<!-- This site is optimized with the Yoast SEO plugin v24.5 - https:\/\/yoast.com\/wordpress\/plugins\/seo\/ -->\n<title>Biancolilla Bio - Oliocentrica<\/title>\n<meta name=\"robots\" content=\"index, follow, max-snippet:-1, max-image-preview:large, max-video-preview:-1\" \/>\n<link rel=\"canonical\" href=\"https:\/\/www.oliocentrica.it\/de\/shop\/biancolilla-bio\/\" \/>\n<meta property=\"og:locale\" content=\"de_DE\" \/>\n<meta property=\"og:type\" content=\"article\" \/>\n<meta property=\"og:title\" content=\"Biancolilla Bio - Oliocentrica\" \/>\n<meta property=\"og:description\" content=\"Leicht \/ mittel fruchtig  Die Familie Titone hat der menschlichen Gesundheit schon immer besondere Aufmerksamkeit geschenkt. Es ist kein Zufall, dass sie seit Generationen Apotheker mit einer Leidenschaft f\u00fcr den Olivenanbau und die Landwirtschaft sind. Biancolilla Biologico ist ein natives Oliven\u00f6l extra, das die tausendj\u00e4hrigen Aromen Siziliens zwischen Trapani und Marsala in sich tr\u00e4gt, eine Sorte, die sich f\u00fcr delikate Gerichte, Fleisch und Fisch sowie f\u00fcr die Zubereitung von Saucen und Sauerteigdesserts eignet.  Zertifizierungen: Alle Stufen der \u00f6kologischen Produktion sind kontrolliert und zertifiziert gem\u00e4\u00df EG-Verordnung 834\/2007 und EG-Verordnung 889\/2008, das Unternehmen folgt den USDA - NOP-Standards, die in den USA angewendet werden, der CCPB-Pr\u00fcfungsstelle von Bologna. Entspricht den Normen UNI EN ISO 9001: 2008, Normen zum Schutz von Qualit\u00e4t und Umwelt, CSQA-Pr\u00fcfstelle. Mitgliedschaft im Dualen System Deutschland.  Olivenkampagne: 2023\/2024\" \/>\n<meta property=\"og:url\" content=\"https:\/\/www.oliocentrica.it\/de\/shop\/biancolilla-bio\/\" \/>\n<meta property=\"og:site_name\" content=\"Oliocentrica\" \/>\n<meta property=\"article:publisher\" content=\"https:\/\/www.facebook.com\/Oliocentrica\" \/>\n<meta property=\"article:modified_time\" content=\"2023-11-09T11:52:20+00:00\" \/>\n<meta property=\"og:image\" content=\"https:\/\/www.oliocentrica.it\/wp-content\/uploads\/2022\/01\/titone-biancolilla.jpg\" \/>\n\t<meta property=\"og:image:width\" content=\"800\" \/>\n\t<meta property=\"og:image:height\" content=\"800\" \/>\n\t<meta property=\"og:image:type\" content=\"image\/jpeg\" \/>\n<meta name=\"twitter:card\" content=\"summary_large_image\" \/>\n<meta name=\"twitter:label1\" content=\"Gesch\u00e4tzte Lesezeit\" \/>\n\t<meta name=\"twitter:data1\" content=\"1\u00a0Minute\" \/>\n<script type=\"application\/ld+json\" class=\"yoast-schema-graph\">{\"@context\":\"https:\/\/schema.org\",\"@graph\":[{\"@type\":\"WebPage\",\"@id\":\"https:\/\/www.oliocentrica.it\/de\/shop\/biancolilla-bio\/\",\"url\":\"https:\/\/www.oliocentrica.it\/de\/shop\/biancolilla-bio\/\",\"name\":\"Biancolilla Bio - Oliocentrica\",\"isPartOf\":{\"@id\":\"https:\/\/www.oliocentrica.it\/de\/#website\"},\"primaryImageOfPage\":{\"@id\":\"https:\/\/www.oliocentrica.it\/de\/shop\/biancolilla-bio\/#primaryimage\"},\"image\":{\"@id\":\"https:\/\/www.oliocentrica.it\/de\/shop\/biancolilla-bio\/#primaryimage\"},\"thumbnailUrl\":\"https:\/\/www.oliocentrica.it\/wp-content\/uploads\/2022\/01\/titone-biancolilla.jpg\",\"datePublished\":\"2022-01-27T10:18:00+00:00\",\"dateModified\":\"2023-11-09T11:52:20+00:00\",\"breadcrumb\":{\"@id\":\"https:\/\/www.oliocentrica.it\/de\/shop\/biancolilla-bio\/#breadcrumb\"},\"inLanguage\":\"de\",\"potentialAction\":[{\"@type\":\"ReadAction\",\"target\":[\"https:\/\/www.oliocentrica.it\/de\/shop\/biancolilla-bio\/\"]}]},{\"@type\":\"ImageObject\",\"inLanguage\":\"de\",\"@id\":\"https:\/\/www.oliocentrica.it\/de\/shop\/biancolilla-bio\/#primaryimage\",\"url\":\"https:\/\/www.oliocentrica.it\/wp-content\/uploads\/2022\/01\/titone-biancolilla.jpg\",\"contentUrl\":\"https:\/\/www.oliocentrica.it\/wp-content\/uploads\/2022\/01\/titone-biancolilla.jpg\",\"width\":800,\"height\":800},{\"@type\":\"BreadcrumbList\",\"@id\":\"https:\/\/www.oliocentrica.it\/de\/shop\/biancolilla-bio\/#breadcrumb\",\"itemListElement\":[{\"@type\":\"ListItem\",\"position\":1,\"name\":\"Home\",\"item\":\"https:\/\/www.oliocentrica.it\/de\/\"},{\"@type\":\"ListItem\",\"position\":2,\"name\":\"Shop\",\"item\":\"https:\/\/www.oliocentrica.it\/de\/shop\/\"},{\"@type\":\"ListItem\",\"position\":3,\"name\":\"Biancolilla Bio\"}]},{\"@type\":\"WebSite\",\"@id\":\"https:\/\/www.oliocentrica.it\/de\/#website\",\"url\":\"https:\/\/www.oliocentrica.it\/de\/\",\"name\":\"Oliocentrica\",\"description\":\"il filo d\u2019olio tra cibo e salute\",\"publisher\":{\"@id\":\"https:\/\/www.oliocentrica.it\/de\/#organization\"},\"potentialAction\":[{\"@type\":\"SearchAction\",\"target\":{\"@type\":\"EntryPoint\",\"urlTemplate\":\"https:\/\/www.oliocentrica.it\/de\/?s={search_term_string}\"},\"query-input\":{\"@type\":\"PropertyValueSpecification\",\"valueRequired\":true,\"valueName\":\"search_term_string\"}}],\"inLanguage\":\"de\"},{\"@type\":\"Organization\",\"@id\":\"https:\/\/www.oliocentrica.it\/de\/#organization\",\"name\":\"Oliocentrica Srls\",\"url\":\"https:\/\/www.oliocentrica.it\/de\/\",\"logo\":{\"@type\":\"ImageObject\",\"inLanguage\":\"de\",\"@id\":\"https:\/\/www.oliocentrica.it\/de\/#\/schema\/logo\/image\/\",\"url\":\"https:\/\/www.oliocentrica.it\/wp-content\/uploads\/2021\/05\/logo_oliocentrica-1.png\",\"contentUrl\":\"https:\/\/www.oliocentrica.it\/wp-content\/uploads\/2021\/05\/logo_oliocentrica-1.png\",\"width\":250,\"height\":81,\"caption\":\"Oliocentrica Srls\"},\"image\":{\"@id\":\"https:\/\/www.oliocentrica.it\/de\/#\/schema\/logo\/image\/\"},\"sameAs\":[\"https:\/\/www.facebook.com\/Oliocentrica\",\"https:\/\/www.instagram.com\/oliocentrica\"]}]}<\/script>\n<!-- \/ Yoast SEO plugin. -->","yoast_head_json":{"title":"Biancolilla Bio - Oliocentrica","robots":{"index":"index","follow":"follow","max-snippet":"max-snippet:-1","max-image-preview":"max-image-preview:large","max-video-preview":"max-video-preview:-1"},"canonical":"https:\/\/www.oliocentrica.it\/de\/shop\/biancolilla-bio\/","og_locale":"de_DE","og_type":"article","og_title":"Biancolilla Bio - Oliocentrica","og_description":"Leicht \/ mittel fruchtig  Die Familie Titone hat der menschlichen Gesundheit schon immer besondere Aufmerksamkeit geschenkt. Es ist kein Zufall, dass sie seit Generationen Apotheker mit einer Leidenschaft f\u00fcr den Olivenanbau und die Landwirtschaft sind. Biancolilla Biologico ist ein natives Oliven\u00f6l extra, das die tausendj\u00e4hrigen Aromen Siziliens zwischen Trapani und Marsala in sich tr\u00e4gt, eine Sorte, die sich f\u00fcr delikate Gerichte, Fleisch und Fisch sowie f\u00fcr die Zubereitung von Saucen und Sauerteigdesserts eignet.  Zertifizierungen: Alle Stufen der \u00f6kologischen Produktion sind kontrolliert und zertifiziert gem\u00e4\u00df EG-Verordnung 834\/2007 und EG-Verordnung 889\/2008, das Unternehmen folgt den USDA - NOP-Standards, die in den USA angewendet werden, der CCPB-Pr\u00fcfungsstelle von Bologna. Entspricht den Normen UNI EN ISO 9001: 2008, Normen zum Schutz von Qualit\u00e4t und Umwelt, CSQA-Pr\u00fcfstelle. Mitgliedschaft im Dualen System Deutschland.  Olivenkampagne: 2023\/2024","og_url":"https:\/\/www.oliocentrica.it\/de\/shop\/biancolilla-bio\/","og_site_name":"Oliocentrica","article_publisher":"https:\/\/www.facebook.com\/Oliocentrica","article_modified_time":"2023-11-09T11:52:20+00:00","og_image":[{"width":800,"height":800,"url":"https:\/\/www.oliocentrica.it\/wp-content\/uploads\/2022\/01\/titone-biancolilla.jpg","type":"image\/jpeg"}],"twitter_card":"summary_large_image","twitter_misc":{"Gesch\u00e4tzte Lesezeit":"1\u00a0Minute"},"schema":{"@context":"https:\/\/schema.org","@graph":[{"@type":"WebPage","@id":"https:\/\/www.oliocentrica.it\/de\/shop\/biancolilla-bio\/","url":"https:\/\/www.oliocentrica.it\/de\/shop\/biancolilla-bio\/","name":"Biancolilla Bio - Oliocentrica","isPartOf":{"@id":"https:\/\/www.oliocentrica.it\/de\/#website"},"primaryImageOfPage":{"@id":"https:\/\/www.oliocentrica.it\/de\/shop\/biancolilla-bio\/#primaryimage"},"image":{"@id":"https:\/\/www.oliocentrica.it\/de\/shop\/biancolilla-bio\/#primaryimage"},"thumbnailUrl":"https:\/\/www.oliocentrica.it\/wp-content\/uploads\/2022\/01\/titone-biancolilla.jpg","datePublished":"2022-01-27T10:18:00+00:00","dateModified":"2023-11-09T11:52:20+00:00","breadcrumb":{"@id":"https:\/\/www.oliocentrica.it\/de\/shop\/biancolilla-bio\/#breadcrumb"},"inLanguage":"de","potentialAction":[{"@type":"ReadAction","target":["https:\/\/www.oliocentrica.it\/de\/shop\/biancolilla-bio\/"]}]},{"@type":"ImageObject","inLanguage":"de","@id":"https:\/\/www.oliocentrica.it\/de\/shop\/biancolilla-bio\/#primaryimage","url":"https:\/\/www.oliocentrica.it\/wp-content\/uploads\/2022\/01\/titone-biancolilla.jpg","contentUrl":"https:\/\/www.oliocentrica.it\/wp-content\/uploads\/2022\/01\/titone-biancolilla.jpg","width":800,"height":800},{"@type":"BreadcrumbList","@id":"https:\/\/www.oliocentrica.it\/de\/shop\/biancolilla-bio\/#breadcrumb","itemListElement":[{"@type":"ListItem","position":1,"name":"Home","item":"https:\/\/www.oliocentrica.it\/de\/"},{"@type":"ListItem","position":2,"name":"Shop","item":"https:\/\/www.oliocentrica.it\/de\/shop\/"},{"@type":"ListItem","position":3,"name":"Biancolilla Bio"}]},{"@type":"WebSite","@id":"https:\/\/www.oliocentrica.it\/de\/#website","url":"https:\/\/www.oliocentrica.it\/de\/","name":"Oliocentrica","description":"il filo d\u2019olio tra cibo e salute","publisher":{"@id":"https:\/\/www.oliocentrica.it\/de\/#organization"},"potentialAction":[{"@type":"SearchAction","target":{"@type":"EntryPoint","urlTemplate":"https:\/\/www.oliocentrica.it\/de\/?s={search_term_string}"},"query-input":{"@type":"PropertyValueSpecification","valueRequired":true,"valueName":"search_term_string"}}],"inLanguage":"de"},{"@type":"Organization","@id":"https:\/\/www.oliocentrica.it\/de\/#organization","name":"Oliocentrica Srls","url":"https:\/\/www.oliocentrica.it\/de\/","logo":{"@type":"ImageObject","inLanguage":"de","@id":"https:\/\/www.oliocentrica.it\/de\/#\/schema\/logo\/image\/","url":"https:\/\/www.oliocentrica.it\/wp-content\/uploads\/2021\/05\/logo_oliocentrica-1.png","contentUrl":"https:\/\/www.oliocentrica.it\/wp-content\/uploads\/2021\/05\/logo_oliocentrica-1.png","width":250,"height":81,"caption":"Oliocentrica Srls"},"image":{"@id":"https:\/\/www.oliocentrica.it\/de\/#\/schema\/logo\/image\/"},"sameAs":["https:\/\/www.facebook.com\/Oliocentrica","https:\/\/www.instagram.com\/oliocentrica"]}]}},"brands":[{"id":303,"name":"Titone","slug":"titone"}],"_links":{"self":[{"href":"https:\/\/www.oliocentrica.it\/de\/wp-json\/wp\/v2\/product\/12983"}],"collection":[{"href":"https:\/\/www.oliocentrica.it\/de\/wp-json\/wp\/v2\/product"}],"about":[{"href":"https:\/\/www.oliocentrica.it\/de\/wp-json\/wp\/v2\/types\/product"}],"replies":[{"embeddable":true,"href":"https:\/\/www.oliocentrica.it\/de\/wp-json\/wp\/v2\/comments?post=12983"}],"wp:featuredmedia":[{"embeddable":true,"href":"https:\/\/www.oliocentrica.it\/de\/wp-json\/wp\/v2\/media\/9236"}],"wp:attachment":[{"href":"https:\/\/www.oliocentrica.it\/de\/wp-json\/wp\/v2\/media?parent=12983"}],"wp:term":[{"taxonomy":"pwb-brand","embeddable":true,"href":"https:\/\/www.oliocentrica.it\/de\/wp-json\/wp\/v2\/pwb-brand?post=12983"},{"taxonomy":"product_cat","embeddable":true,"href":"https:\/\/www.oliocentrica.it\/de\/wp-json\/wp\/v2\/product_cat?post=12983"},{"taxonomy":"product_tag","embeddable":true,"href":"https:\/\/www.oliocentrica.it\/de\/wp-json\/wp\/v2\/product_tag?post=12983"}],"curies":[{"name":"wp","href":"https:\/\/api.w.org\/{rel}","templated":true}]}}