{"id":12979,"date":"2022-01-31T14:16:39","date_gmt":"2022-01-31T13:16:39","guid":{"rendered":"https:\/\/www.oliocentrica.it\/shop\/akazienhonig-fosso-del-mangano\/"},"modified":"2023-10-24T12:52:26","modified_gmt":"2023-10-24T10:52:26","slug":"akazienhonig-fosso-del-mangano","status":"publish","type":"product","link":"https:\/\/www.oliocentrica.it\/de\/shop\/akazienhonig-fosso-del-mangano\/","title":{"rendered":"Akazienhonig Fosso del Mangano"},"content":{"rendered":"<p><strong>Zutaten<\/strong>: Akazienhonig (Robinia Pseudoacacia)<\/p>\n<p><strong>Anwendung<\/strong>: als S\u00fc\u00dfungsmittel in Hei\u00df- und Kaltgetr\u00e4nken, zur Zubereitung von Desserts; als t\u00e4glich verzehrtes Lebensmittel in Kombination mit Brot, Zwieback, Trockenkeksen, Joghurt, M\u00fcsli. Hervorragende Zutat f\u00fcr die Zubereitung von Gerichten auf Fischbasis und passend zu Blauschimmelk\u00e4se wie Gorgonzola, Provolone und Pecorino Romano<\/p>\n<p><strong>Geografisches Gebiet und Gebiet<\/strong>: Latina &#8211; Latium<\/p>\n<p><strong>Formate<\/strong>: Glasgef\u00e4\u00df &#8211; 320 g<\/p>\n<p><strong>Eigenschaften<\/strong>: antiseptisch und entz\u00fcndungshemmend, ein nat\u00fcrliches Heilmittel bei Husten, Schnupfen und Halsschmerzen. Reich an Antioxidantien, bek\u00e4mpft es freie Radikale. Honig ist eine wertvolle Energiequelle, n\u00fctzlich f\u00fcr Sportler, Kinder, Schwangere, Genesende und \u00e4ltere Menschen<\/p>\n<p><strong>Aufbewahrungsmethode<\/strong>: K\u00fchl und trocken lagern, fern von Licht- und W\u00e4rmequellen<\/p>\n","protected":false},"excerpt":{"rendered":"<p>Api Latina f\u00f6rdert die im letzten Jahrzehnt vor allem in Gro\u00dfst\u00e4dten weit verbreitete st\u00e4dtische Imkerei, die zu einem Instrument der Umwelt- und Ern\u00e4hrungserziehung geworden ist: St\u00e4dte bieten zahlreiche Nektarquellen, die nicht mit Pestiziden und Herbiziden behandelt werden und vor allem Nektar und Pollen garantieren f\u00fcr Bienen \u00fcber einen sehr langen Zeitraum durch ganzj\u00e4hrig verd\u00fcnnte Bl\u00fcten.<\/p>\n<p>Die Wette von Marco und Gastone, Gr\u00fcnder von Api Latina, umfasst auch die Au\u00dfenbezirke der Stadt. Mehrere Bienenst\u00f6cke wurden in einem stadtnahen Gebiet von Latina platziert, wo ein alter Urbarmachungsgraben, ges\u00e4umt von Hunderten von Akazienb\u00e4umen (Robinia Pseudoacacia), sehr duftende Knospen bietet, aus denen ein gro\u00dfz\u00fcgiger 100% Akazienhonig gewonnen wird.<\/p>\n<p>Blasse strohgelbe Farbe, die Nase ist von schwacher Intensit\u00e4t, leicht blumig, erinnert an den Duft von Robinienbl\u00fcten, neuem Wachs, Papier und gekochten Birnen. Im Mund ist er sehr s\u00fc\u00df, aber immer noch zart, nicht sehr aromatisch und typisch Vanille und Dragee. Als S\u00fc\u00dfungsmittel oder in Kombination mit allt\u00e4glichen Speisen ist Fosso del Mangano Akazienhonig eine hervorragende Zutat f\u00fcr die Zubereitung von Gerichten auf Fischbasis und passt hervorragend zu Blauschimmelk\u00e4se wie Gorgonzola, Provolone und Pecorino Romano.<\/p>\n","protected":false},"featured_media":9334,"comment_status":"closed","ping_status":"closed","template":"","meta":[],"pwb-brand":[263],"product_cat":[249],"product_tag":[],"acf":[],"yoast_head":"<!-- This site is optimized with the Yoast SEO plugin v24.5 - https:\/\/yoast.com\/wordpress\/plugins\/seo\/ -->\n<title>Akazienhonig Fosso del Mangano - Oliocentrica<\/title>\n<meta name=\"robots\" content=\"index, follow, max-snippet:-1, max-image-preview:large, max-video-preview:-1\" \/>\n<link rel=\"canonical\" href=\"https:\/\/www.oliocentrica.it\/de\/shop\/akazienhonig-fosso-del-mangano\/\" \/>\n<meta property=\"og:locale\" content=\"de_DE\" \/>\n<meta property=\"og:type\" content=\"article\" \/>\n<meta property=\"og:title\" content=\"Akazienhonig Fosso del Mangano - Oliocentrica\" \/>\n<meta property=\"og:description\" content=\"Api Latina f\u00f6rdert die im letzten Jahrzehnt vor allem in Gro\u00dfst\u00e4dten weit verbreitete st\u00e4dtische Imkerei, die zu einem Instrument der Umwelt- und Ern\u00e4hrungserziehung geworden ist: St\u00e4dte bieten zahlreiche Nektarquellen, die nicht mit Pestiziden und Herbiziden behandelt werden und vor allem Nektar und Pollen garantieren f\u00fcr Bienen \u00fcber einen sehr langen Zeitraum durch ganzj\u00e4hrig verd\u00fcnnte Bl\u00fcten.  Die Wette von Marco und Gastone, Gr\u00fcnder von Api Latina, umfasst auch die Au\u00dfenbezirke der Stadt. Mehrere Bienenst\u00f6cke wurden in einem stadtnahen Gebiet von Latina platziert, wo ein alter Urbarmachungsgraben, ges\u00e4umt von Hunderten von Akazienb\u00e4umen (Robinia Pseudoacacia), sehr duftende Knospen bietet, aus denen ein gro\u00dfz\u00fcgiger 100% Akazienhonig gewonnen wird.  Blasse strohgelbe Farbe, die Nase ist von schwacher Intensit\u00e4t, leicht blumig, erinnert an den Duft von Robinienbl\u00fcten, neuem Wachs, Papier und gekochten Birnen. Im Mund ist er sehr s\u00fc\u00df, aber immer noch zart, nicht sehr aromatisch und typisch Vanille und Dragee. Als S\u00fc\u00dfungsmittel oder in Kombination mit allt\u00e4glichen Speisen ist Fosso del Mangano Akazienhonig eine hervorragende Zutat f\u00fcr die Zubereitung von Gerichten auf Fischbasis und passt hervorragend zu Blauschimmelk\u00e4se wie Gorgonzola, Provolone und Pecorino Romano.\" \/>\n<meta property=\"og:url\" content=\"https:\/\/www.oliocentrica.it\/de\/shop\/akazienhonig-fosso-del-mangano\/\" \/>\n<meta property=\"og:site_name\" content=\"Oliocentrica\" \/>\n<meta property=\"article:publisher\" content=\"https:\/\/www.facebook.com\/Oliocentrica\" \/>\n<meta property=\"article:modified_time\" content=\"2023-10-24T10:52:26+00:00\" \/>\n<meta property=\"og:image\" content=\"https:\/\/www.oliocentrica.it\/wp-content\/uploads\/2022\/01\/api-latina-miele-di-acacia.jpg\" \/>\n\t<meta property=\"og:image:width\" content=\"800\" \/>\n\t<meta property=\"og:image:height\" content=\"800\" \/>\n\t<meta property=\"og:image:type\" content=\"image\/jpeg\" \/>\n<meta name=\"twitter:card\" content=\"summary_large_image\" \/>\n<meta name=\"twitter:label1\" content=\"Gesch\u00e4tzte Lesezeit\" \/>\n\t<meta name=\"twitter:data1\" content=\"1\u00a0Minute\" \/>\n<script type=\"application\/ld+json\" class=\"yoast-schema-graph\">{\"@context\":\"https:\/\/schema.org\",\"@graph\":[{\"@type\":\"WebPage\",\"@id\":\"https:\/\/www.oliocentrica.it\/de\/shop\/akazienhonig-fosso-del-mangano\/\",\"url\":\"https:\/\/www.oliocentrica.it\/de\/shop\/akazienhonig-fosso-del-mangano\/\",\"name\":\"Akazienhonig Fosso del Mangano - Oliocentrica\",\"isPartOf\":{\"@id\":\"https:\/\/www.oliocentrica.it\/de\/#website\"},\"primaryImageOfPage\":{\"@id\":\"https:\/\/www.oliocentrica.it\/de\/shop\/akazienhonig-fosso-del-mangano\/#primaryimage\"},\"image\":{\"@id\":\"https:\/\/www.oliocentrica.it\/de\/shop\/akazienhonig-fosso-del-mangano\/#primaryimage\"},\"thumbnailUrl\":\"https:\/\/www.oliocentrica.it\/wp-content\/uploads\/2022\/01\/api-latina-miele-di-acacia.jpg\",\"datePublished\":\"2022-01-31T13:16:39+00:00\",\"dateModified\":\"2023-10-24T10:52:26+00:00\",\"breadcrumb\":{\"@id\":\"https:\/\/www.oliocentrica.it\/de\/shop\/akazienhonig-fosso-del-mangano\/#breadcrumb\"},\"inLanguage\":\"de\",\"potentialAction\":[{\"@type\":\"ReadAction\",\"target\":[\"https:\/\/www.oliocentrica.it\/de\/shop\/akazienhonig-fosso-del-mangano\/\"]}]},{\"@type\":\"ImageObject\",\"inLanguage\":\"de\",\"@id\":\"https:\/\/www.oliocentrica.it\/de\/shop\/akazienhonig-fosso-del-mangano\/#primaryimage\",\"url\":\"https:\/\/www.oliocentrica.it\/wp-content\/uploads\/2022\/01\/api-latina-miele-di-acacia.jpg\",\"contentUrl\":\"https:\/\/www.oliocentrica.it\/wp-content\/uploads\/2022\/01\/api-latina-miele-di-acacia.jpg\",\"width\":800,\"height\":800},{\"@type\":\"BreadcrumbList\",\"@id\":\"https:\/\/www.oliocentrica.it\/de\/shop\/akazienhonig-fosso-del-mangano\/#breadcrumb\",\"itemListElement\":[{\"@type\":\"ListItem\",\"position\":1,\"name\":\"Home\",\"item\":\"https:\/\/www.oliocentrica.it\/de\/\"},{\"@type\":\"ListItem\",\"position\":2,\"name\":\"Shop\",\"item\":\"https:\/\/www.oliocentrica.it\/de\/shop\/\"},{\"@type\":\"ListItem\",\"position\":3,\"name\":\"Akazienhonig Fosso del Mangano\"}]},{\"@type\":\"WebSite\",\"@id\":\"https:\/\/www.oliocentrica.it\/de\/#website\",\"url\":\"https:\/\/www.oliocentrica.it\/de\/\",\"name\":\"Oliocentrica\",\"description\":\"il filo d\u2019olio tra cibo e salute\",\"publisher\":{\"@id\":\"https:\/\/www.oliocentrica.it\/de\/#organization\"},\"potentialAction\":[{\"@type\":\"SearchAction\",\"target\":{\"@type\":\"EntryPoint\",\"urlTemplate\":\"https:\/\/www.oliocentrica.it\/de\/?s={search_term_string}\"},\"query-input\":{\"@type\":\"PropertyValueSpecification\",\"valueRequired\":true,\"valueName\":\"search_term_string\"}}],\"inLanguage\":\"de\"},{\"@type\":\"Organization\",\"@id\":\"https:\/\/www.oliocentrica.it\/de\/#organization\",\"name\":\"Oliocentrica Srls\",\"url\":\"https:\/\/www.oliocentrica.it\/de\/\",\"logo\":{\"@type\":\"ImageObject\",\"inLanguage\":\"de\",\"@id\":\"https:\/\/www.oliocentrica.it\/de\/#\/schema\/logo\/image\/\",\"url\":\"https:\/\/www.oliocentrica.it\/wp-content\/uploads\/2021\/05\/logo_oliocentrica-1.png\",\"contentUrl\":\"https:\/\/www.oliocentrica.it\/wp-content\/uploads\/2021\/05\/logo_oliocentrica-1.png\",\"width\":250,\"height\":81,\"caption\":\"Oliocentrica Srls\"},\"image\":{\"@id\":\"https:\/\/www.oliocentrica.it\/de\/#\/schema\/logo\/image\/\"},\"sameAs\":[\"https:\/\/www.facebook.com\/Oliocentrica\",\"https:\/\/www.instagram.com\/oliocentrica\"]}]}<\/script>\n<!-- \/ Yoast SEO plugin. -->","yoast_head_json":{"title":"Akazienhonig Fosso del Mangano - Oliocentrica","robots":{"index":"index","follow":"follow","max-snippet":"max-snippet:-1","max-image-preview":"max-image-preview:large","max-video-preview":"max-video-preview:-1"},"canonical":"https:\/\/www.oliocentrica.it\/de\/shop\/akazienhonig-fosso-del-mangano\/","og_locale":"de_DE","og_type":"article","og_title":"Akazienhonig Fosso del Mangano - Oliocentrica","og_description":"Api Latina f\u00f6rdert die im letzten Jahrzehnt vor allem in Gro\u00dfst\u00e4dten weit verbreitete st\u00e4dtische Imkerei, die zu einem Instrument der Umwelt- und Ern\u00e4hrungserziehung geworden ist: St\u00e4dte bieten zahlreiche Nektarquellen, die nicht mit Pestiziden und Herbiziden behandelt werden und vor allem Nektar und Pollen garantieren f\u00fcr Bienen \u00fcber einen sehr langen Zeitraum durch ganzj\u00e4hrig verd\u00fcnnte Bl\u00fcten.  Die Wette von Marco und Gastone, Gr\u00fcnder von Api Latina, umfasst auch die Au\u00dfenbezirke der Stadt. Mehrere Bienenst\u00f6cke wurden in einem stadtnahen Gebiet von Latina platziert, wo ein alter Urbarmachungsgraben, ges\u00e4umt von Hunderten von Akazienb\u00e4umen (Robinia Pseudoacacia), sehr duftende Knospen bietet, aus denen ein gro\u00dfz\u00fcgiger 100% Akazienhonig gewonnen wird.  Blasse strohgelbe Farbe, die Nase ist von schwacher Intensit\u00e4t, leicht blumig, erinnert an den Duft von Robinienbl\u00fcten, neuem Wachs, Papier und gekochten Birnen. Im Mund ist er sehr s\u00fc\u00df, aber immer noch zart, nicht sehr aromatisch und typisch Vanille und Dragee. Als S\u00fc\u00dfungsmittel oder in Kombination mit allt\u00e4glichen Speisen ist Fosso del Mangano Akazienhonig eine hervorragende Zutat f\u00fcr die Zubereitung von Gerichten auf Fischbasis und passt hervorragend zu Blauschimmelk\u00e4se wie Gorgonzola, Provolone und Pecorino Romano.","og_url":"https:\/\/www.oliocentrica.it\/de\/shop\/akazienhonig-fosso-del-mangano\/","og_site_name":"Oliocentrica","article_publisher":"https:\/\/www.facebook.com\/Oliocentrica","article_modified_time":"2023-10-24T10:52:26+00:00","og_image":[{"width":800,"height":800,"url":"https:\/\/www.oliocentrica.it\/wp-content\/uploads\/2022\/01\/api-latina-miele-di-acacia.jpg","type":"image\/jpeg"}],"twitter_card":"summary_large_image","twitter_misc":{"Gesch\u00e4tzte Lesezeit":"1\u00a0Minute"},"schema":{"@context":"https:\/\/schema.org","@graph":[{"@type":"WebPage","@id":"https:\/\/www.oliocentrica.it\/de\/shop\/akazienhonig-fosso-del-mangano\/","url":"https:\/\/www.oliocentrica.it\/de\/shop\/akazienhonig-fosso-del-mangano\/","name":"Akazienhonig Fosso del Mangano - Oliocentrica","isPartOf":{"@id":"https:\/\/www.oliocentrica.it\/de\/#website"},"primaryImageOfPage":{"@id":"https:\/\/www.oliocentrica.it\/de\/shop\/akazienhonig-fosso-del-mangano\/#primaryimage"},"image":{"@id":"https:\/\/www.oliocentrica.it\/de\/shop\/akazienhonig-fosso-del-mangano\/#primaryimage"},"thumbnailUrl":"https:\/\/www.oliocentrica.it\/wp-content\/uploads\/2022\/01\/api-latina-miele-di-acacia.jpg","datePublished":"2022-01-31T13:16:39+00:00","dateModified":"2023-10-24T10:52:26+00:00","breadcrumb":{"@id":"https:\/\/www.oliocentrica.it\/de\/shop\/akazienhonig-fosso-del-mangano\/#breadcrumb"},"inLanguage":"de","potentialAction":[{"@type":"ReadAction","target":["https:\/\/www.oliocentrica.it\/de\/shop\/akazienhonig-fosso-del-mangano\/"]}]},{"@type":"ImageObject","inLanguage":"de","@id":"https:\/\/www.oliocentrica.it\/de\/shop\/akazienhonig-fosso-del-mangano\/#primaryimage","url":"https:\/\/www.oliocentrica.it\/wp-content\/uploads\/2022\/01\/api-latina-miele-di-acacia.jpg","contentUrl":"https:\/\/www.oliocentrica.it\/wp-content\/uploads\/2022\/01\/api-latina-miele-di-acacia.jpg","width":800,"height":800},{"@type":"BreadcrumbList","@id":"https:\/\/www.oliocentrica.it\/de\/shop\/akazienhonig-fosso-del-mangano\/#breadcrumb","itemListElement":[{"@type":"ListItem","position":1,"name":"Home","item":"https:\/\/www.oliocentrica.it\/de\/"},{"@type":"ListItem","position":2,"name":"Shop","item":"https:\/\/www.oliocentrica.it\/de\/shop\/"},{"@type":"ListItem","position":3,"name":"Akazienhonig Fosso del Mangano"}]},{"@type":"WebSite","@id":"https:\/\/www.oliocentrica.it\/de\/#website","url":"https:\/\/www.oliocentrica.it\/de\/","name":"Oliocentrica","description":"il filo d\u2019olio tra cibo e salute","publisher":{"@id":"https:\/\/www.oliocentrica.it\/de\/#organization"},"potentialAction":[{"@type":"SearchAction","target":{"@type":"EntryPoint","urlTemplate":"https:\/\/www.oliocentrica.it\/de\/?s={search_term_string}"},"query-input":{"@type":"PropertyValueSpecification","valueRequired":true,"valueName":"search_term_string"}}],"inLanguage":"de"},{"@type":"Organization","@id":"https:\/\/www.oliocentrica.it\/de\/#organization","name":"Oliocentrica Srls","url":"https:\/\/www.oliocentrica.it\/de\/","logo":{"@type":"ImageObject","inLanguage":"de","@id":"https:\/\/www.oliocentrica.it\/de\/#\/schema\/logo\/image\/","url":"https:\/\/www.oliocentrica.it\/wp-content\/uploads\/2021\/05\/logo_oliocentrica-1.png","contentUrl":"https:\/\/www.oliocentrica.it\/wp-content\/uploads\/2021\/05\/logo_oliocentrica-1.png","width":250,"height":81,"caption":"Oliocentrica Srls"},"image":{"@id":"https:\/\/www.oliocentrica.it\/de\/#\/schema\/logo\/image\/"},"sameAs":["https:\/\/www.facebook.com\/Oliocentrica","https:\/\/www.instagram.com\/oliocentrica"]}]}},"brands":[{"id":263,"name":"Api Latina","slug":"api-latina"}],"_links":{"self":[{"href":"https:\/\/www.oliocentrica.it\/de\/wp-json\/wp\/v2\/product\/12979"}],"collection":[{"href":"https:\/\/www.oliocentrica.it\/de\/wp-json\/wp\/v2\/product"}],"about":[{"href":"https:\/\/www.oliocentrica.it\/de\/wp-json\/wp\/v2\/types\/product"}],"replies":[{"embeddable":true,"href":"https:\/\/www.oliocentrica.it\/de\/wp-json\/wp\/v2\/comments?post=12979"}],"wp:featuredmedia":[{"embeddable":true,"href":"https:\/\/www.oliocentrica.it\/de\/wp-json\/wp\/v2\/media\/9334"}],"wp:attachment":[{"href":"https:\/\/www.oliocentrica.it\/de\/wp-json\/wp\/v2\/media?parent=12979"}],"wp:term":[{"taxonomy":"pwb-brand","embeddable":true,"href":"https:\/\/www.oliocentrica.it\/de\/wp-json\/wp\/v2\/pwb-brand?post=12979"},{"taxonomy":"product_cat","embeddable":true,"href":"https:\/\/www.oliocentrica.it\/de\/wp-json\/wp\/v2\/product_cat?post=12979"},{"taxonomy":"product_tag","embeddable":true,"href":"https:\/\/www.oliocentrica.it\/de\/wp-json\/wp\/v2\/product_tag?post=12979"}],"curies":[{"name":"wp","href":"https:\/\/api.w.org\/{rel}","templated":true}]}}