{"id":12971,"date":"2022-02-06T17:40:03","date_gmt":"2022-02-06T16:40:03","guid":{"rendered":"https:\/\/www.oliocentrica.it\/shop\/artischockenherz-in-nativem-olivenol-extra\/"},"modified":"2023-11-03T16:36:53","modified_gmt":"2023-11-03T15:36:53","slug":"artischockenherz-in-nativem-olivenol-extra","status":"publish","type":"product","link":"https:\/\/www.oliocentrica.it\/de\/shop\/artischockenherz-in-nativem-olivenol-extra\/","title":{"rendered":"Artischockenherz in nativem Oliven\u00f6l extra"},"content":{"rendered":"<p><strong>Zutaten<\/strong>: Artischocken 65 %, natives Oliven\u00f6l extra (italienischer Herkunft) 34 %, Salz, Chili, Petersilie, Weinessig. Enth\u00e4lt Spuren von Sulfiten<\/p>\n<p><strong>Lagerung<\/strong>: K\u00fchl und trocken lagern, fern von Licht- und W\u00e4rmequellen. Nach dem \u00d6ffnen im K\u00fchlschrank bei + 4 \u00b0 lagern, das Kristallisationsph\u00e4nomen von nativem Oliven\u00f6l extra ist ein nat\u00fcrliches Ph\u00e4nomen, wenn es bei niedrigen Temperaturen aufbewahrt wird<\/p>\n<p><strong>Verpackung<\/strong>: 320 g Glas<\/p>\n","protected":false},"excerpt":{"rendered":"<p>Das Gem\u00fcse der Marke Oliocentrica in nativem Oliven\u00f6l extra stammt aus der pontinischen Landschaft und tr\u00e4gt alle Aromen dieses reichen Gebiets in sich. Das native Oliven\u00f6l extra und das streng ausgew\u00e4hlte Gem\u00fcse werden in einem Labor von lokaler Exzellenz verarbeitet und verpackt. Ein Produkt f\u00fcr jeden Anlass, das keine Jahreszeiten kennt. In einer Vorspeise, auf einem Schneidebrett als Aperitif, beim Abendessen oder Mittagessen als Beilage, die Verwendung, die Sie bevorzugen, bleibt Ihnen \u00fcberlassen. Ein Vorschlag: Natives Oliven\u00f6l extra ist ein wesentlicher Bestandteil des Produkts; Verwenden Sie es f\u00fcr Ihre Vorbereitungen.<\/p>\n","protected":false},"featured_media":9870,"comment_status":"open","ping_status":"closed","template":"","meta":[],"pwb-brand":[253],"product_cat":[257],"product_tag":[],"acf":[],"yoast_head":"<!-- This site is optimized with the Yoast SEO plugin v24.5 - https:\/\/yoast.com\/wordpress\/plugins\/seo\/ -->\n<title>Artischockenherz in nativem Oliven\u00f6l extra - Oliocentrica<\/title>\n<meta name=\"robots\" content=\"index, follow, max-snippet:-1, max-image-preview:large, max-video-preview:-1\" \/>\n<link rel=\"canonical\" href=\"https:\/\/www.oliocentrica.it\/de\/shop\/artischockenherz-in-nativem-olivenol-extra\/\" \/>\n<meta property=\"og:locale\" content=\"de_DE\" \/>\n<meta property=\"og:type\" content=\"article\" \/>\n<meta property=\"og:title\" content=\"Artischockenherz in nativem Oliven\u00f6l extra - Oliocentrica\" \/>\n<meta property=\"og:description\" content=\"Das Gem\u00fcse der Marke Oliocentrica in nativem Oliven\u00f6l extra stammt aus der pontinischen Landschaft und tr\u00e4gt alle Aromen dieses reichen Gebiets in sich. Das native Oliven\u00f6l extra und das streng ausgew\u00e4hlte Gem\u00fcse werden in einem Labor von lokaler Exzellenz verarbeitet und verpackt. Ein Produkt f\u00fcr jeden Anlass, das keine Jahreszeiten kennt. In einer Vorspeise, auf einem Schneidebrett als Aperitif, beim Abendessen oder Mittagessen als Beilage, die Verwendung, die Sie bevorzugen, bleibt Ihnen \u00fcberlassen. Ein Vorschlag: Natives Oliven\u00f6l extra ist ein wesentlicher Bestandteil des Produkts; Verwenden Sie es f\u00fcr Ihre Vorbereitungen.\" \/>\n<meta property=\"og:url\" content=\"https:\/\/www.oliocentrica.it\/de\/shop\/artischockenherz-in-nativem-olivenol-extra\/\" \/>\n<meta property=\"og:site_name\" content=\"Oliocentrica\" \/>\n<meta property=\"article:publisher\" content=\"https:\/\/www.facebook.com\/Oliocentrica\" \/>\n<meta property=\"article:modified_time\" content=\"2023-11-03T15:36:53+00:00\" \/>\n<meta property=\"og:image\" content=\"https:\/\/www.oliocentrica.it\/wp-content\/uploads\/2022\/02\/oliocentrica-cuor-di-carciofo.jpg\" \/>\n\t<meta property=\"og:image:width\" content=\"800\" \/>\n\t<meta property=\"og:image:height\" content=\"800\" \/>\n\t<meta property=\"og:image:type\" content=\"image\/jpeg\" \/>\n<meta name=\"twitter:card\" content=\"summary_large_image\" \/>\n<script type=\"application\/ld+json\" class=\"yoast-schema-graph\">{\"@context\":\"https:\/\/schema.org\",\"@graph\":[{\"@type\":\"WebPage\",\"@id\":\"https:\/\/www.oliocentrica.it\/de\/shop\/artischockenherz-in-nativem-olivenol-extra\/\",\"url\":\"https:\/\/www.oliocentrica.it\/de\/shop\/artischockenherz-in-nativem-olivenol-extra\/\",\"name\":\"Artischockenherz in nativem Oliven\u00f6l extra - Oliocentrica\",\"isPartOf\":{\"@id\":\"https:\/\/www.oliocentrica.it\/de\/#website\"},\"primaryImageOfPage\":{\"@id\":\"https:\/\/www.oliocentrica.it\/de\/shop\/artischockenherz-in-nativem-olivenol-extra\/#primaryimage\"},\"image\":{\"@id\":\"https:\/\/www.oliocentrica.it\/de\/shop\/artischockenherz-in-nativem-olivenol-extra\/#primaryimage\"},\"thumbnailUrl\":\"https:\/\/www.oliocentrica.it\/wp-content\/uploads\/2022\/02\/oliocentrica-cuor-di-carciofo.jpg\",\"datePublished\":\"2022-02-06T16:40:03+00:00\",\"dateModified\":\"2023-11-03T15:36:53+00:00\",\"breadcrumb\":{\"@id\":\"https:\/\/www.oliocentrica.it\/de\/shop\/artischockenherz-in-nativem-olivenol-extra\/#breadcrumb\"},\"inLanguage\":\"de\",\"potentialAction\":[{\"@type\":\"ReadAction\",\"target\":[\"https:\/\/www.oliocentrica.it\/de\/shop\/artischockenherz-in-nativem-olivenol-extra\/\"]}]},{\"@type\":\"ImageObject\",\"inLanguage\":\"de\",\"@id\":\"https:\/\/www.oliocentrica.it\/de\/shop\/artischockenherz-in-nativem-olivenol-extra\/#primaryimage\",\"url\":\"https:\/\/www.oliocentrica.it\/wp-content\/uploads\/2022\/02\/oliocentrica-cuor-di-carciofo.jpg\",\"contentUrl\":\"https:\/\/www.oliocentrica.it\/wp-content\/uploads\/2022\/02\/oliocentrica-cuor-di-carciofo.jpg\",\"width\":800,\"height\":800},{\"@type\":\"BreadcrumbList\",\"@id\":\"https:\/\/www.oliocentrica.it\/de\/shop\/artischockenherz-in-nativem-olivenol-extra\/#breadcrumb\",\"itemListElement\":[{\"@type\":\"ListItem\",\"position\":1,\"name\":\"Home\",\"item\":\"https:\/\/www.oliocentrica.it\/de\/\"},{\"@type\":\"ListItem\",\"position\":2,\"name\":\"Shop\",\"item\":\"https:\/\/www.oliocentrica.it\/de\/shop\/\"},{\"@type\":\"ListItem\",\"position\":3,\"name\":\"Artischockenherz in nativem Oliven\u00f6l extra\"}]},{\"@type\":\"WebSite\",\"@id\":\"https:\/\/www.oliocentrica.it\/de\/#website\",\"url\":\"https:\/\/www.oliocentrica.it\/de\/\",\"name\":\"Oliocentrica\",\"description\":\"il filo d\u2019olio tra cibo e salute\",\"publisher\":{\"@id\":\"https:\/\/www.oliocentrica.it\/de\/#organization\"},\"potentialAction\":[{\"@type\":\"SearchAction\",\"target\":{\"@type\":\"EntryPoint\",\"urlTemplate\":\"https:\/\/www.oliocentrica.it\/de\/?s={search_term_string}\"},\"query-input\":{\"@type\":\"PropertyValueSpecification\",\"valueRequired\":true,\"valueName\":\"search_term_string\"}}],\"inLanguage\":\"de\"},{\"@type\":\"Organization\",\"@id\":\"https:\/\/www.oliocentrica.it\/de\/#organization\",\"name\":\"Oliocentrica Srls\",\"url\":\"https:\/\/www.oliocentrica.it\/de\/\",\"logo\":{\"@type\":\"ImageObject\",\"inLanguage\":\"de\",\"@id\":\"https:\/\/www.oliocentrica.it\/de\/#\/schema\/logo\/image\/\",\"url\":\"https:\/\/www.oliocentrica.it\/wp-content\/uploads\/2021\/05\/logo_oliocentrica-1.png\",\"contentUrl\":\"https:\/\/www.oliocentrica.it\/wp-content\/uploads\/2021\/05\/logo_oliocentrica-1.png\",\"width\":250,\"height\":81,\"caption\":\"Oliocentrica Srls\"},\"image\":{\"@id\":\"https:\/\/www.oliocentrica.it\/de\/#\/schema\/logo\/image\/\"},\"sameAs\":[\"https:\/\/www.facebook.com\/Oliocentrica\",\"https:\/\/www.instagram.com\/oliocentrica\"]}]}<\/script>\n<!-- \/ Yoast SEO plugin. -->","yoast_head_json":{"title":"Artischockenherz in nativem Oliven\u00f6l extra - Oliocentrica","robots":{"index":"index","follow":"follow","max-snippet":"max-snippet:-1","max-image-preview":"max-image-preview:large","max-video-preview":"max-video-preview:-1"},"canonical":"https:\/\/www.oliocentrica.it\/de\/shop\/artischockenherz-in-nativem-olivenol-extra\/","og_locale":"de_DE","og_type":"article","og_title":"Artischockenherz in nativem Oliven\u00f6l extra - Oliocentrica","og_description":"Das Gem\u00fcse der Marke Oliocentrica in nativem Oliven\u00f6l extra stammt aus der pontinischen Landschaft und tr\u00e4gt alle Aromen dieses reichen Gebiets in sich. Das native Oliven\u00f6l extra und das streng ausgew\u00e4hlte Gem\u00fcse werden in einem Labor von lokaler Exzellenz verarbeitet und verpackt. Ein Produkt f\u00fcr jeden Anlass, das keine Jahreszeiten kennt. In einer Vorspeise, auf einem Schneidebrett als Aperitif, beim Abendessen oder Mittagessen als Beilage, die Verwendung, die Sie bevorzugen, bleibt Ihnen \u00fcberlassen. Ein Vorschlag: Natives Oliven\u00f6l extra ist ein wesentlicher Bestandteil des Produkts; Verwenden Sie es f\u00fcr Ihre Vorbereitungen.","og_url":"https:\/\/www.oliocentrica.it\/de\/shop\/artischockenherz-in-nativem-olivenol-extra\/","og_site_name":"Oliocentrica","article_publisher":"https:\/\/www.facebook.com\/Oliocentrica","article_modified_time":"2023-11-03T15:36:53+00:00","og_image":[{"width":800,"height":800,"url":"https:\/\/www.oliocentrica.it\/wp-content\/uploads\/2022\/02\/oliocentrica-cuor-di-carciofo.jpg","type":"image\/jpeg"}],"twitter_card":"summary_large_image","schema":{"@context":"https:\/\/schema.org","@graph":[{"@type":"WebPage","@id":"https:\/\/www.oliocentrica.it\/de\/shop\/artischockenherz-in-nativem-olivenol-extra\/","url":"https:\/\/www.oliocentrica.it\/de\/shop\/artischockenherz-in-nativem-olivenol-extra\/","name":"Artischockenherz in nativem Oliven\u00f6l extra - Oliocentrica","isPartOf":{"@id":"https:\/\/www.oliocentrica.it\/de\/#website"},"primaryImageOfPage":{"@id":"https:\/\/www.oliocentrica.it\/de\/shop\/artischockenherz-in-nativem-olivenol-extra\/#primaryimage"},"image":{"@id":"https:\/\/www.oliocentrica.it\/de\/shop\/artischockenherz-in-nativem-olivenol-extra\/#primaryimage"},"thumbnailUrl":"https:\/\/www.oliocentrica.it\/wp-content\/uploads\/2022\/02\/oliocentrica-cuor-di-carciofo.jpg","datePublished":"2022-02-06T16:40:03+00:00","dateModified":"2023-11-03T15:36:53+00:00","breadcrumb":{"@id":"https:\/\/www.oliocentrica.it\/de\/shop\/artischockenherz-in-nativem-olivenol-extra\/#breadcrumb"},"inLanguage":"de","potentialAction":[{"@type":"ReadAction","target":["https:\/\/www.oliocentrica.it\/de\/shop\/artischockenherz-in-nativem-olivenol-extra\/"]}]},{"@type":"ImageObject","inLanguage":"de","@id":"https:\/\/www.oliocentrica.it\/de\/shop\/artischockenherz-in-nativem-olivenol-extra\/#primaryimage","url":"https:\/\/www.oliocentrica.it\/wp-content\/uploads\/2022\/02\/oliocentrica-cuor-di-carciofo.jpg","contentUrl":"https:\/\/www.oliocentrica.it\/wp-content\/uploads\/2022\/02\/oliocentrica-cuor-di-carciofo.jpg","width":800,"height":800},{"@type":"BreadcrumbList","@id":"https:\/\/www.oliocentrica.it\/de\/shop\/artischockenherz-in-nativem-olivenol-extra\/#breadcrumb","itemListElement":[{"@type":"ListItem","position":1,"name":"Home","item":"https:\/\/www.oliocentrica.it\/de\/"},{"@type":"ListItem","position":2,"name":"Shop","item":"https:\/\/www.oliocentrica.it\/de\/shop\/"},{"@type":"ListItem","position":3,"name":"Artischockenherz in nativem Oliven\u00f6l extra"}]},{"@type":"WebSite","@id":"https:\/\/www.oliocentrica.it\/de\/#website","url":"https:\/\/www.oliocentrica.it\/de\/","name":"Oliocentrica","description":"il filo d\u2019olio tra cibo e salute","publisher":{"@id":"https:\/\/www.oliocentrica.it\/de\/#organization"},"potentialAction":[{"@type":"SearchAction","target":{"@type":"EntryPoint","urlTemplate":"https:\/\/www.oliocentrica.it\/de\/?s={search_term_string}"},"query-input":{"@type":"PropertyValueSpecification","valueRequired":true,"valueName":"search_term_string"}}],"inLanguage":"de"},{"@type":"Organization","@id":"https:\/\/www.oliocentrica.it\/de\/#organization","name":"Oliocentrica Srls","url":"https:\/\/www.oliocentrica.it\/de\/","logo":{"@type":"ImageObject","inLanguage":"de","@id":"https:\/\/www.oliocentrica.it\/de\/#\/schema\/logo\/image\/","url":"https:\/\/www.oliocentrica.it\/wp-content\/uploads\/2021\/05\/logo_oliocentrica-1.png","contentUrl":"https:\/\/www.oliocentrica.it\/wp-content\/uploads\/2021\/05\/logo_oliocentrica-1.png","width":250,"height":81,"caption":"Oliocentrica Srls"},"image":{"@id":"https:\/\/www.oliocentrica.it\/de\/#\/schema\/logo\/image\/"},"sameAs":["https:\/\/www.facebook.com\/Oliocentrica","https:\/\/www.instagram.com\/oliocentrica"]}]}},"brands":[{"id":253,"name":"Oliocentrica","slug":"oliocentrica"}],"_links":{"self":[{"href":"https:\/\/www.oliocentrica.it\/de\/wp-json\/wp\/v2\/product\/12971"}],"collection":[{"href":"https:\/\/www.oliocentrica.it\/de\/wp-json\/wp\/v2\/product"}],"about":[{"href":"https:\/\/www.oliocentrica.it\/de\/wp-json\/wp\/v2\/types\/product"}],"replies":[{"embeddable":true,"href":"https:\/\/www.oliocentrica.it\/de\/wp-json\/wp\/v2\/comments?post=12971"}],"wp:featuredmedia":[{"embeddable":true,"href":"https:\/\/www.oliocentrica.it\/de\/wp-json\/wp\/v2\/media\/9870"}],"wp:attachment":[{"href":"https:\/\/www.oliocentrica.it\/de\/wp-json\/wp\/v2\/media?parent=12971"}],"wp:term":[{"taxonomy":"pwb-brand","embeddable":true,"href":"https:\/\/www.oliocentrica.it\/de\/wp-json\/wp\/v2\/pwb-brand?post=12971"},{"taxonomy":"product_cat","embeddable":true,"href":"https:\/\/www.oliocentrica.it\/de\/wp-json\/wp\/v2\/product_cat?post=12971"},{"taxonomy":"product_tag","embeddable":true,"href":"https:\/\/www.oliocentrica.it\/de\/wp-json\/wp\/v2\/product_tag?post=12971"}],"curies":[{"name":"wp","href":"https:\/\/api.w.org\/{rel}","templated":true}]}}