{"id":12964,"date":"2022-02-06T18:09:39","date_gmt":"2022-02-06T17:09:39","guid":{"rendered":"https:\/\/www.oliocentrica.it\/shop\/broccoletti-pastete\/"},"modified":"2023-10-24T11:28:41","modified_gmt":"2023-10-24T09:28:41","slug":"broccoletti-pastete","status":"publish","type":"product","link":"https:\/\/www.oliocentrica.it\/de\/shop\/broccoletti-pastete\/","title":{"rendered":"Broccoletti-Pastete"},"content":{"rendered":"<p><strong>Zutaten<\/strong>: Broccoletti (italienischer Herkunft) 80 %, natives Oliven\u00f6l extra 19 %, Weinessig, Chilischote, Salz. Enth\u00e4lt Spuren von Sulfiten<\/p>\n<p><strong>Lagerung<\/strong>: K\u00fchl und trocken lagern, fern von Licht- und W\u00e4rmequellen. Nach dem \u00d6ffnen im K\u00fchlschrank aufbewahren und innerhalb von 6 Tagen aufbrauchen<\/p>\n<p><strong>Verpackung<\/strong>: 190-g-Glas<\/p>\n","protected":false},"excerpt":{"rendered":"<p>Die herzhaften Pasteten der Marke Oliocentrica verleihen jedem Gericht einzigartige Noten, die an die Aromen des Agro Pontino erinnern. Ausgew\u00e4hlte Rohstoffe, natives Oliven\u00f6l extra und Gew\u00fcrze sind das Geheimrezept f\u00fcr ein Qualit\u00e4tsprodukt, das in Ihrer K\u00fcche nicht fehlen darf.<br \/>\nIdeal f\u00fcr Canap\u00e9s und Croutons, zum W\u00fcrzen von ersten G\u00e4ngen oder zum Anreichern von Fleisch- oder Fischzubereitungen.<\/p>\n","protected":false},"featured_media":9874,"comment_status":"open","ping_status":"closed","template":"","meta":[],"pwb-brand":[253],"product_cat":[256],"product_tag":[],"acf":[],"yoast_head":"<!-- This site is optimized with the Yoast SEO plugin v24.5 - https:\/\/yoast.com\/wordpress\/plugins\/seo\/ -->\n<title>Broccoletti-Pastete - Oliocentrica<\/title>\n<meta name=\"robots\" content=\"index, follow, max-snippet:-1, max-image-preview:large, max-video-preview:-1\" \/>\n<link rel=\"canonical\" href=\"https:\/\/www.oliocentrica.it\/de\/shop\/broccoletti-pastete\/\" \/>\n<meta property=\"og:locale\" content=\"de_DE\" \/>\n<meta property=\"og:type\" content=\"article\" \/>\n<meta property=\"og:title\" content=\"Broccoletti-Pastete - Oliocentrica\" \/>\n<meta property=\"og:description\" content=\"Die herzhaften Pasteten der Marke Oliocentrica verleihen jedem Gericht einzigartige Noten, die an die Aromen des Agro Pontino erinnern. Ausgew\u00e4hlte Rohstoffe, natives Oliven\u00f6l extra und Gew\u00fcrze sind das Geheimrezept f\u00fcr ein Qualit\u00e4tsprodukt, das in Ihrer K\u00fcche nicht fehlen darf. Ideal f\u00fcr Canap\u00e9s und Croutons, zum W\u00fcrzen von ersten G\u00e4ngen oder zum Anreichern von Fleisch- oder Fischzubereitungen.\" \/>\n<meta property=\"og:url\" content=\"https:\/\/www.oliocentrica.it\/de\/shop\/broccoletti-pastete\/\" \/>\n<meta property=\"og:site_name\" content=\"Oliocentrica\" \/>\n<meta property=\"article:publisher\" content=\"https:\/\/www.facebook.com\/Oliocentrica\" \/>\n<meta property=\"article:modified_time\" content=\"2023-10-24T09:28:41+00:00\" \/>\n<meta property=\"og:image\" content=\"https:\/\/www.oliocentrica.it\/wp-content\/uploads\/2022\/02\/oliocentrica-pate-broccoletti.jpg\" \/>\n\t<meta property=\"og:image:width\" content=\"800\" \/>\n\t<meta property=\"og:image:height\" content=\"800\" \/>\n\t<meta property=\"og:image:type\" content=\"image\/jpeg\" \/>\n<meta name=\"twitter:card\" content=\"summary_large_image\" \/>\n<script type=\"application\/ld+json\" class=\"yoast-schema-graph\">{\"@context\":\"https:\/\/schema.org\",\"@graph\":[{\"@type\":\"WebPage\",\"@id\":\"https:\/\/www.oliocentrica.it\/de\/shop\/broccoletti-pastete\/\",\"url\":\"https:\/\/www.oliocentrica.it\/de\/shop\/broccoletti-pastete\/\",\"name\":\"Broccoletti-Pastete - Oliocentrica\",\"isPartOf\":{\"@id\":\"https:\/\/www.oliocentrica.it\/de\/#website\"},\"primaryImageOfPage\":{\"@id\":\"https:\/\/www.oliocentrica.it\/de\/shop\/broccoletti-pastete\/#primaryimage\"},\"image\":{\"@id\":\"https:\/\/www.oliocentrica.it\/de\/shop\/broccoletti-pastete\/#primaryimage\"},\"thumbnailUrl\":\"https:\/\/www.oliocentrica.it\/wp-content\/uploads\/2022\/02\/oliocentrica-pate-broccoletti.jpg\",\"datePublished\":\"2022-02-06T17:09:39+00:00\",\"dateModified\":\"2023-10-24T09:28:41+00:00\",\"breadcrumb\":{\"@id\":\"https:\/\/www.oliocentrica.it\/de\/shop\/broccoletti-pastete\/#breadcrumb\"},\"inLanguage\":\"de\",\"potentialAction\":[{\"@type\":\"ReadAction\",\"target\":[\"https:\/\/www.oliocentrica.it\/de\/shop\/broccoletti-pastete\/\"]}]},{\"@type\":\"ImageObject\",\"inLanguage\":\"de\",\"@id\":\"https:\/\/www.oliocentrica.it\/de\/shop\/broccoletti-pastete\/#primaryimage\",\"url\":\"https:\/\/www.oliocentrica.it\/wp-content\/uploads\/2022\/02\/oliocentrica-pate-broccoletti.jpg\",\"contentUrl\":\"https:\/\/www.oliocentrica.it\/wp-content\/uploads\/2022\/02\/oliocentrica-pate-broccoletti.jpg\",\"width\":800,\"height\":800},{\"@type\":\"BreadcrumbList\",\"@id\":\"https:\/\/www.oliocentrica.it\/de\/shop\/broccoletti-pastete\/#breadcrumb\",\"itemListElement\":[{\"@type\":\"ListItem\",\"position\":1,\"name\":\"Home\",\"item\":\"https:\/\/www.oliocentrica.it\/de\/\"},{\"@type\":\"ListItem\",\"position\":2,\"name\":\"Shop\",\"item\":\"https:\/\/www.oliocentrica.it\/de\/shop\/\"},{\"@type\":\"ListItem\",\"position\":3,\"name\":\"Broccoletti-Pastete\"}]},{\"@type\":\"WebSite\",\"@id\":\"https:\/\/www.oliocentrica.it\/de\/#website\",\"url\":\"https:\/\/www.oliocentrica.it\/de\/\",\"name\":\"Oliocentrica\",\"description\":\"il filo d\u2019olio tra cibo e salute\",\"publisher\":{\"@id\":\"https:\/\/www.oliocentrica.it\/de\/#organization\"},\"potentialAction\":[{\"@type\":\"SearchAction\",\"target\":{\"@type\":\"EntryPoint\",\"urlTemplate\":\"https:\/\/www.oliocentrica.it\/de\/?s={search_term_string}\"},\"query-input\":{\"@type\":\"PropertyValueSpecification\",\"valueRequired\":true,\"valueName\":\"search_term_string\"}}],\"inLanguage\":\"de\"},{\"@type\":\"Organization\",\"@id\":\"https:\/\/www.oliocentrica.it\/de\/#organization\",\"name\":\"Oliocentrica Srls\",\"url\":\"https:\/\/www.oliocentrica.it\/de\/\",\"logo\":{\"@type\":\"ImageObject\",\"inLanguage\":\"de\",\"@id\":\"https:\/\/www.oliocentrica.it\/de\/#\/schema\/logo\/image\/\",\"url\":\"https:\/\/www.oliocentrica.it\/wp-content\/uploads\/2021\/05\/logo_oliocentrica-1.png\",\"contentUrl\":\"https:\/\/www.oliocentrica.it\/wp-content\/uploads\/2021\/05\/logo_oliocentrica-1.png\",\"width\":250,\"height\":81,\"caption\":\"Oliocentrica Srls\"},\"image\":{\"@id\":\"https:\/\/www.oliocentrica.it\/de\/#\/schema\/logo\/image\/\"},\"sameAs\":[\"https:\/\/www.facebook.com\/Oliocentrica\",\"https:\/\/www.instagram.com\/oliocentrica\"]}]}<\/script>\n<!-- \/ Yoast SEO plugin. -->","yoast_head_json":{"title":"Broccoletti-Pastete - Oliocentrica","robots":{"index":"index","follow":"follow","max-snippet":"max-snippet:-1","max-image-preview":"max-image-preview:large","max-video-preview":"max-video-preview:-1"},"canonical":"https:\/\/www.oliocentrica.it\/de\/shop\/broccoletti-pastete\/","og_locale":"de_DE","og_type":"article","og_title":"Broccoletti-Pastete - Oliocentrica","og_description":"Die herzhaften Pasteten der Marke Oliocentrica verleihen jedem Gericht einzigartige Noten, die an die Aromen des Agro Pontino erinnern. Ausgew\u00e4hlte Rohstoffe, natives Oliven\u00f6l extra und Gew\u00fcrze sind das Geheimrezept f\u00fcr ein Qualit\u00e4tsprodukt, das in Ihrer K\u00fcche nicht fehlen darf. Ideal f\u00fcr Canap\u00e9s und Croutons, zum W\u00fcrzen von ersten G\u00e4ngen oder zum Anreichern von Fleisch- oder Fischzubereitungen.","og_url":"https:\/\/www.oliocentrica.it\/de\/shop\/broccoletti-pastete\/","og_site_name":"Oliocentrica","article_publisher":"https:\/\/www.facebook.com\/Oliocentrica","article_modified_time":"2023-10-24T09:28:41+00:00","og_image":[{"width":800,"height":800,"url":"https:\/\/www.oliocentrica.it\/wp-content\/uploads\/2022\/02\/oliocentrica-pate-broccoletti.jpg","type":"image\/jpeg"}],"twitter_card":"summary_large_image","schema":{"@context":"https:\/\/schema.org","@graph":[{"@type":"WebPage","@id":"https:\/\/www.oliocentrica.it\/de\/shop\/broccoletti-pastete\/","url":"https:\/\/www.oliocentrica.it\/de\/shop\/broccoletti-pastete\/","name":"Broccoletti-Pastete - Oliocentrica","isPartOf":{"@id":"https:\/\/www.oliocentrica.it\/de\/#website"},"primaryImageOfPage":{"@id":"https:\/\/www.oliocentrica.it\/de\/shop\/broccoletti-pastete\/#primaryimage"},"image":{"@id":"https:\/\/www.oliocentrica.it\/de\/shop\/broccoletti-pastete\/#primaryimage"},"thumbnailUrl":"https:\/\/www.oliocentrica.it\/wp-content\/uploads\/2022\/02\/oliocentrica-pate-broccoletti.jpg","datePublished":"2022-02-06T17:09:39+00:00","dateModified":"2023-10-24T09:28:41+00:00","breadcrumb":{"@id":"https:\/\/www.oliocentrica.it\/de\/shop\/broccoletti-pastete\/#breadcrumb"},"inLanguage":"de","potentialAction":[{"@type":"ReadAction","target":["https:\/\/www.oliocentrica.it\/de\/shop\/broccoletti-pastete\/"]}]},{"@type":"ImageObject","inLanguage":"de","@id":"https:\/\/www.oliocentrica.it\/de\/shop\/broccoletti-pastete\/#primaryimage","url":"https:\/\/www.oliocentrica.it\/wp-content\/uploads\/2022\/02\/oliocentrica-pate-broccoletti.jpg","contentUrl":"https:\/\/www.oliocentrica.it\/wp-content\/uploads\/2022\/02\/oliocentrica-pate-broccoletti.jpg","width":800,"height":800},{"@type":"BreadcrumbList","@id":"https:\/\/www.oliocentrica.it\/de\/shop\/broccoletti-pastete\/#breadcrumb","itemListElement":[{"@type":"ListItem","position":1,"name":"Home","item":"https:\/\/www.oliocentrica.it\/de\/"},{"@type":"ListItem","position":2,"name":"Shop","item":"https:\/\/www.oliocentrica.it\/de\/shop\/"},{"@type":"ListItem","position":3,"name":"Broccoletti-Pastete"}]},{"@type":"WebSite","@id":"https:\/\/www.oliocentrica.it\/de\/#website","url":"https:\/\/www.oliocentrica.it\/de\/","name":"Oliocentrica","description":"il filo d\u2019olio tra cibo e salute","publisher":{"@id":"https:\/\/www.oliocentrica.it\/de\/#organization"},"potentialAction":[{"@type":"SearchAction","target":{"@type":"EntryPoint","urlTemplate":"https:\/\/www.oliocentrica.it\/de\/?s={search_term_string}"},"query-input":{"@type":"PropertyValueSpecification","valueRequired":true,"valueName":"search_term_string"}}],"inLanguage":"de"},{"@type":"Organization","@id":"https:\/\/www.oliocentrica.it\/de\/#organization","name":"Oliocentrica Srls","url":"https:\/\/www.oliocentrica.it\/de\/","logo":{"@type":"ImageObject","inLanguage":"de","@id":"https:\/\/www.oliocentrica.it\/de\/#\/schema\/logo\/image\/","url":"https:\/\/www.oliocentrica.it\/wp-content\/uploads\/2021\/05\/logo_oliocentrica-1.png","contentUrl":"https:\/\/www.oliocentrica.it\/wp-content\/uploads\/2021\/05\/logo_oliocentrica-1.png","width":250,"height":81,"caption":"Oliocentrica Srls"},"image":{"@id":"https:\/\/www.oliocentrica.it\/de\/#\/schema\/logo\/image\/"},"sameAs":["https:\/\/www.facebook.com\/Oliocentrica","https:\/\/www.instagram.com\/oliocentrica"]}]}},"brands":[{"id":253,"name":"Oliocentrica","slug":"oliocentrica"}],"_links":{"self":[{"href":"https:\/\/www.oliocentrica.it\/de\/wp-json\/wp\/v2\/product\/12964"}],"collection":[{"href":"https:\/\/www.oliocentrica.it\/de\/wp-json\/wp\/v2\/product"}],"about":[{"href":"https:\/\/www.oliocentrica.it\/de\/wp-json\/wp\/v2\/types\/product"}],"replies":[{"embeddable":true,"href":"https:\/\/www.oliocentrica.it\/de\/wp-json\/wp\/v2\/comments?post=12964"}],"wp:featuredmedia":[{"embeddable":true,"href":"https:\/\/www.oliocentrica.it\/de\/wp-json\/wp\/v2\/media\/9874"}],"wp:attachment":[{"href":"https:\/\/www.oliocentrica.it\/de\/wp-json\/wp\/v2\/media?parent=12964"}],"wp:term":[{"taxonomy":"pwb-brand","embeddable":true,"href":"https:\/\/www.oliocentrica.it\/de\/wp-json\/wp\/v2\/pwb-brand?post=12964"},{"taxonomy":"product_cat","embeddable":true,"href":"https:\/\/www.oliocentrica.it\/de\/wp-json\/wp\/v2\/product_cat?post=12964"},{"taxonomy":"product_tag","embeddable":true,"href":"https:\/\/www.oliocentrica.it\/de\/wp-json\/wp\/v2\/product_tag?post=12964"}],"curies":[{"name":"wp","href":"https:\/\/api.w.org\/{rel}","templated":true}]}}