{"id":12962,"date":"2022-03-17T19:25:07","date_gmt":"2022-03-17T18:25:07","guid":{"rendered":"https:\/\/www.oliocentrica.it\/shop\/bio-tonseife-aus-nativem-olivenol-extra\/"},"modified":"2023-10-24T11:25:43","modified_gmt":"2023-10-24T09:25:43","slug":"bio-tonseife-aus-nativem-olivenol-extra","status":"publish","type":"product","link":"https:\/\/www.oliocentrica.it\/de\/shop\/bio-tonseife-aus-nativem-olivenol-extra\/","title":{"rendered":"Bio-Tonseife aus nativem Oliven\u00f6l extra"},"content":{"rendered":"<p><strong>WAS ES ENTH\u00c4LT<\/strong><br \/>\nDie Seife wird ausschlie\u00dflich mit Oliven\u00f6l (Sodium Olivate) ohne Palm- oder Kokos\u00f6l hergestellt.<br \/>\n&#8211; Enth\u00e4lt keine Farb- oder Konservierungsstoffe.<br \/>\n&#8211; ohne SODIUM LAURETH SULFATE \/ SODIUM LAURYL SULFATE<br \/>\n&#8211; ohne BOVINE SEGO (Natriumtalgat)<br \/>\n&#8211; ohne AMINE UND AMINO-DERIVATE (Cocamide DEA \/ MEA \/ TEA)<br \/>\n&#8211; ohne PEG, PPG und MINERAL\u00d6LE (Paraffinum liquidum)<br \/>\n&#8211; ohne SILIKON (Dimethicone, Cyclomethicone, Cyclopentasiloxane)<\/p>\n<p><strong>ZUTATEN<\/strong>: NATRIUMOLIVAT, SOLUM FULLONUM, COLOPHONIUM, ZITRONENS\u00c4URE<\/p>\n<p><strong>WIRKSTOFFE<\/strong>: Eigenschaften von nativem Oliven\u00f6l extra und gr\u00fcner Tonerde<\/p>\n<p><strong>GR\u00d6SSE<\/strong>: 100 g St\u00fcck<\/p>\n<p><strong>ANWENDUNG<\/strong>: Auf nasser Haut wie ein normales St\u00fcck Seife verwenden und absp\u00fclen, Einweichen vermeiden, da es keine Verdickungsmittel oder H\u00e4rter enth\u00e4lt.<\/p>\n","protected":false},"excerpt":{"rendered":"<p>Weiche und gereinigte Haut dank der remineralisierenden und antioxidativen Eigenschaften der gr\u00fcnen Tonerde.<br \/>\nGr\u00fcner Ton, der durch die Erosion von Gestein entsteht und aus sehr kleinen K\u00f6rnern besteht, enth\u00e4lt Silikate, Aluminium und Wasser. Neben seiner absorbierenden Wirkung hat es auch eine remineralisierende Wirkung dank der Anwesenheit von Mineralien wie Magnesium, Kalzium, Natrium, Kalium, Eisen und Aluminium, die durch Osmose in die K\u00f6rperzellen \u00fcbertragen werden. Gr\u00fcner Ton hat auch antioxidative Eigenschaften, da er in der Lage ist, freie Radikale zu binden, die f\u00fcr die Alterung verantwortlich sind, und schlie\u00dflich eine heilende und desinfizierende Wirkung auf Wunden aus\u00fcbt und die Blutgerinnung und Hautregeneration f\u00f6rdert. Ein wichtiger Inhaltsstoff, der sich in Kombination mit kaltverseifter Oliven\u00f6lseife extra vergine hervorragend zur Behandlung von fettiger, Misch- oder unreiner Haut eignet.<\/p>\n","protected":false},"featured_media":12350,"comment_status":"open","ping_status":"closed","template":"","meta":[],"pwb-brand":[255],"product_cat":[254],"product_tag":[],"acf":[],"yoast_head":"<!-- This site is optimized with the Yoast SEO plugin v24.5 - https:\/\/yoast.com\/wordpress\/plugins\/seo\/ -->\n<title>Bio-Tonseife aus nativem Oliven\u00f6l extra - Oliocentrica<\/title>\n<meta name=\"robots\" content=\"index, follow, max-snippet:-1, max-image-preview:large, max-video-preview:-1\" \/>\n<link rel=\"canonical\" href=\"https:\/\/www.oliocentrica.it\/de\/shop\/bio-tonseife-aus-nativem-olivenol-extra\/\" \/>\n<meta property=\"og:locale\" content=\"de_DE\" \/>\n<meta property=\"og:type\" content=\"article\" \/>\n<meta property=\"og:title\" content=\"Bio-Tonseife aus nativem Oliven\u00f6l extra - Oliocentrica\" \/>\n<meta property=\"og:description\" content=\"Weiche und gereinigte Haut dank der remineralisierenden und antioxidativen Eigenschaften der gr\u00fcnen Tonerde. Gr\u00fcner Ton, der durch die Erosion von Gestein entsteht und aus sehr kleinen K\u00f6rnern besteht, enth\u00e4lt Silikate, Aluminium und Wasser. Neben seiner absorbierenden Wirkung hat es auch eine remineralisierende Wirkung dank der Anwesenheit von Mineralien wie Magnesium, Kalzium, Natrium, Kalium, Eisen und Aluminium, die durch Osmose in die K\u00f6rperzellen \u00fcbertragen werden. Gr\u00fcner Ton hat auch antioxidative Eigenschaften, da er in der Lage ist, freie Radikale zu binden, die f\u00fcr die Alterung verantwortlich sind, und schlie\u00dflich eine heilende und desinfizierende Wirkung auf Wunden aus\u00fcbt und die Blutgerinnung und Hautregeneration f\u00f6rdert. Ein wichtiger Inhaltsstoff, der sich in Kombination mit kaltverseifter Oliven\u00f6lseife extra vergine hervorragend zur Behandlung von fettiger, Misch- oder unreiner Haut eignet.\" \/>\n<meta property=\"og:url\" content=\"https:\/\/www.oliocentrica.it\/de\/shop\/bio-tonseife-aus-nativem-olivenol-extra\/\" \/>\n<meta property=\"og:site_name\" content=\"Oliocentrica\" \/>\n<meta property=\"article:publisher\" content=\"https:\/\/www.facebook.com\/Oliocentrica\" \/>\n<meta property=\"article:modified_time\" content=\"2023-10-24T09:25:43+00:00\" \/>\n<meta property=\"og:image\" content=\"https:\/\/www.oliocentrica.it\/wp-content\/uploads\/2022\/03\/sapone-argilla.jpg\" \/>\n\t<meta property=\"og:image:width\" content=\"800\" \/>\n\t<meta property=\"og:image:height\" content=\"800\" \/>\n\t<meta property=\"og:image:type\" content=\"image\/jpeg\" \/>\n<meta name=\"twitter:card\" content=\"summary_large_image\" \/>\n<meta name=\"twitter:label1\" content=\"Gesch\u00e4tzte Lesezeit\" \/>\n\t<meta name=\"twitter:data1\" content=\"1\u00a0Minute\" \/>\n<script type=\"application\/ld+json\" class=\"yoast-schema-graph\">{\"@context\":\"https:\/\/schema.org\",\"@graph\":[{\"@type\":\"WebPage\",\"@id\":\"https:\/\/www.oliocentrica.it\/de\/shop\/bio-tonseife-aus-nativem-olivenol-extra\/\",\"url\":\"https:\/\/www.oliocentrica.it\/de\/shop\/bio-tonseife-aus-nativem-olivenol-extra\/\",\"name\":\"Bio-Tonseife aus nativem Oliven\u00f6l extra - Oliocentrica\",\"isPartOf\":{\"@id\":\"https:\/\/www.oliocentrica.it\/de\/#website\"},\"primaryImageOfPage\":{\"@id\":\"https:\/\/www.oliocentrica.it\/de\/shop\/bio-tonseife-aus-nativem-olivenol-extra\/#primaryimage\"},\"image\":{\"@id\":\"https:\/\/www.oliocentrica.it\/de\/shop\/bio-tonseife-aus-nativem-olivenol-extra\/#primaryimage\"},\"thumbnailUrl\":\"https:\/\/www.oliocentrica.it\/wp-content\/uploads\/2022\/03\/sapone-argilla.jpg\",\"datePublished\":\"2022-03-17T18:25:07+00:00\",\"dateModified\":\"2023-10-24T09:25:43+00:00\",\"breadcrumb\":{\"@id\":\"https:\/\/www.oliocentrica.it\/de\/shop\/bio-tonseife-aus-nativem-olivenol-extra\/#breadcrumb\"},\"inLanguage\":\"de\",\"potentialAction\":[{\"@type\":\"ReadAction\",\"target\":[\"https:\/\/www.oliocentrica.it\/de\/shop\/bio-tonseife-aus-nativem-olivenol-extra\/\"]}]},{\"@type\":\"ImageObject\",\"inLanguage\":\"de\",\"@id\":\"https:\/\/www.oliocentrica.it\/de\/shop\/bio-tonseife-aus-nativem-olivenol-extra\/#primaryimage\",\"url\":\"https:\/\/www.oliocentrica.it\/wp-content\/uploads\/2022\/03\/sapone-argilla.jpg\",\"contentUrl\":\"https:\/\/www.oliocentrica.it\/wp-content\/uploads\/2022\/03\/sapone-argilla.jpg\",\"width\":800,\"height\":800,\"caption\":\"saponetta di olio evo bio e argilla verde\"},{\"@type\":\"BreadcrumbList\",\"@id\":\"https:\/\/www.oliocentrica.it\/de\/shop\/bio-tonseife-aus-nativem-olivenol-extra\/#breadcrumb\",\"itemListElement\":[{\"@type\":\"ListItem\",\"position\":1,\"name\":\"Home\",\"item\":\"https:\/\/www.oliocentrica.it\/de\/\"},{\"@type\":\"ListItem\",\"position\":2,\"name\":\"Shop\",\"item\":\"https:\/\/www.oliocentrica.it\/de\/shop\/\"},{\"@type\":\"ListItem\",\"position\":3,\"name\":\"Bio-Tonseife aus nativem Oliven\u00f6l extra\"}]},{\"@type\":\"WebSite\",\"@id\":\"https:\/\/www.oliocentrica.it\/de\/#website\",\"url\":\"https:\/\/www.oliocentrica.it\/de\/\",\"name\":\"Oliocentrica\",\"description\":\"il filo d\u2019olio tra cibo e salute\",\"publisher\":{\"@id\":\"https:\/\/www.oliocentrica.it\/de\/#organization\"},\"potentialAction\":[{\"@type\":\"SearchAction\",\"target\":{\"@type\":\"EntryPoint\",\"urlTemplate\":\"https:\/\/www.oliocentrica.it\/de\/?s={search_term_string}\"},\"query-input\":{\"@type\":\"PropertyValueSpecification\",\"valueRequired\":true,\"valueName\":\"search_term_string\"}}],\"inLanguage\":\"de\"},{\"@type\":\"Organization\",\"@id\":\"https:\/\/www.oliocentrica.it\/de\/#organization\",\"name\":\"Oliocentrica Srls\",\"url\":\"https:\/\/www.oliocentrica.it\/de\/\",\"logo\":{\"@type\":\"ImageObject\",\"inLanguage\":\"de\",\"@id\":\"https:\/\/www.oliocentrica.it\/de\/#\/schema\/logo\/image\/\",\"url\":\"https:\/\/www.oliocentrica.it\/wp-content\/uploads\/2021\/05\/logo_oliocentrica-1.png\",\"contentUrl\":\"https:\/\/www.oliocentrica.it\/wp-content\/uploads\/2021\/05\/logo_oliocentrica-1.png\",\"width\":250,\"height\":81,\"caption\":\"Oliocentrica Srls\"},\"image\":{\"@id\":\"https:\/\/www.oliocentrica.it\/de\/#\/schema\/logo\/image\/\"},\"sameAs\":[\"https:\/\/www.facebook.com\/Oliocentrica\",\"https:\/\/www.instagram.com\/oliocentrica\"]}]}<\/script>\n<!-- \/ Yoast SEO plugin. -->","yoast_head_json":{"title":"Bio-Tonseife aus nativem Oliven\u00f6l extra - Oliocentrica","robots":{"index":"index","follow":"follow","max-snippet":"max-snippet:-1","max-image-preview":"max-image-preview:large","max-video-preview":"max-video-preview:-1"},"canonical":"https:\/\/www.oliocentrica.it\/de\/shop\/bio-tonseife-aus-nativem-olivenol-extra\/","og_locale":"de_DE","og_type":"article","og_title":"Bio-Tonseife aus nativem Oliven\u00f6l extra - Oliocentrica","og_description":"Weiche und gereinigte Haut dank der remineralisierenden und antioxidativen Eigenschaften der gr\u00fcnen Tonerde. Gr\u00fcner Ton, der durch die Erosion von Gestein entsteht und aus sehr kleinen K\u00f6rnern besteht, enth\u00e4lt Silikate, Aluminium und Wasser. Neben seiner absorbierenden Wirkung hat es auch eine remineralisierende Wirkung dank der Anwesenheit von Mineralien wie Magnesium, Kalzium, Natrium, Kalium, Eisen und Aluminium, die durch Osmose in die K\u00f6rperzellen \u00fcbertragen werden. Gr\u00fcner Ton hat auch antioxidative Eigenschaften, da er in der Lage ist, freie Radikale zu binden, die f\u00fcr die Alterung verantwortlich sind, und schlie\u00dflich eine heilende und desinfizierende Wirkung auf Wunden aus\u00fcbt und die Blutgerinnung und Hautregeneration f\u00f6rdert. Ein wichtiger Inhaltsstoff, der sich in Kombination mit kaltverseifter Oliven\u00f6lseife extra vergine hervorragend zur Behandlung von fettiger, Misch- oder unreiner Haut eignet.","og_url":"https:\/\/www.oliocentrica.it\/de\/shop\/bio-tonseife-aus-nativem-olivenol-extra\/","og_site_name":"Oliocentrica","article_publisher":"https:\/\/www.facebook.com\/Oliocentrica","article_modified_time":"2023-10-24T09:25:43+00:00","og_image":[{"width":800,"height":800,"url":"https:\/\/www.oliocentrica.it\/wp-content\/uploads\/2022\/03\/sapone-argilla.jpg","type":"image\/jpeg"}],"twitter_card":"summary_large_image","twitter_misc":{"Gesch\u00e4tzte Lesezeit":"1\u00a0Minute"},"schema":{"@context":"https:\/\/schema.org","@graph":[{"@type":"WebPage","@id":"https:\/\/www.oliocentrica.it\/de\/shop\/bio-tonseife-aus-nativem-olivenol-extra\/","url":"https:\/\/www.oliocentrica.it\/de\/shop\/bio-tonseife-aus-nativem-olivenol-extra\/","name":"Bio-Tonseife aus nativem Oliven\u00f6l extra - Oliocentrica","isPartOf":{"@id":"https:\/\/www.oliocentrica.it\/de\/#website"},"primaryImageOfPage":{"@id":"https:\/\/www.oliocentrica.it\/de\/shop\/bio-tonseife-aus-nativem-olivenol-extra\/#primaryimage"},"image":{"@id":"https:\/\/www.oliocentrica.it\/de\/shop\/bio-tonseife-aus-nativem-olivenol-extra\/#primaryimage"},"thumbnailUrl":"https:\/\/www.oliocentrica.it\/wp-content\/uploads\/2022\/03\/sapone-argilla.jpg","datePublished":"2022-03-17T18:25:07+00:00","dateModified":"2023-10-24T09:25:43+00:00","breadcrumb":{"@id":"https:\/\/www.oliocentrica.it\/de\/shop\/bio-tonseife-aus-nativem-olivenol-extra\/#breadcrumb"},"inLanguage":"de","potentialAction":[{"@type":"ReadAction","target":["https:\/\/www.oliocentrica.it\/de\/shop\/bio-tonseife-aus-nativem-olivenol-extra\/"]}]},{"@type":"ImageObject","inLanguage":"de","@id":"https:\/\/www.oliocentrica.it\/de\/shop\/bio-tonseife-aus-nativem-olivenol-extra\/#primaryimage","url":"https:\/\/www.oliocentrica.it\/wp-content\/uploads\/2022\/03\/sapone-argilla.jpg","contentUrl":"https:\/\/www.oliocentrica.it\/wp-content\/uploads\/2022\/03\/sapone-argilla.jpg","width":800,"height":800,"caption":"saponetta di olio evo bio e argilla verde"},{"@type":"BreadcrumbList","@id":"https:\/\/www.oliocentrica.it\/de\/shop\/bio-tonseife-aus-nativem-olivenol-extra\/#breadcrumb","itemListElement":[{"@type":"ListItem","position":1,"name":"Home","item":"https:\/\/www.oliocentrica.it\/de\/"},{"@type":"ListItem","position":2,"name":"Shop","item":"https:\/\/www.oliocentrica.it\/de\/shop\/"},{"@type":"ListItem","position":3,"name":"Bio-Tonseife aus nativem Oliven\u00f6l extra"}]},{"@type":"WebSite","@id":"https:\/\/www.oliocentrica.it\/de\/#website","url":"https:\/\/www.oliocentrica.it\/de\/","name":"Oliocentrica","description":"il filo d\u2019olio tra cibo e salute","publisher":{"@id":"https:\/\/www.oliocentrica.it\/de\/#organization"},"potentialAction":[{"@type":"SearchAction","target":{"@type":"EntryPoint","urlTemplate":"https:\/\/www.oliocentrica.it\/de\/?s={search_term_string}"},"query-input":{"@type":"PropertyValueSpecification","valueRequired":true,"valueName":"search_term_string"}}],"inLanguage":"de"},{"@type":"Organization","@id":"https:\/\/www.oliocentrica.it\/de\/#organization","name":"Oliocentrica Srls","url":"https:\/\/www.oliocentrica.it\/de\/","logo":{"@type":"ImageObject","inLanguage":"de","@id":"https:\/\/www.oliocentrica.it\/de\/#\/schema\/logo\/image\/","url":"https:\/\/www.oliocentrica.it\/wp-content\/uploads\/2021\/05\/logo_oliocentrica-1.png","contentUrl":"https:\/\/www.oliocentrica.it\/wp-content\/uploads\/2021\/05\/logo_oliocentrica-1.png","width":250,"height":81,"caption":"Oliocentrica Srls"},"image":{"@id":"https:\/\/www.oliocentrica.it\/de\/#\/schema\/logo\/image\/"},"sameAs":["https:\/\/www.facebook.com\/Oliocentrica","https:\/\/www.instagram.com\/oliocentrica"]}]}},"brands":[{"id":255,"name":"Extravergine","slug":"extravergine"}],"_links":{"self":[{"href":"https:\/\/www.oliocentrica.it\/de\/wp-json\/wp\/v2\/product\/12962"}],"collection":[{"href":"https:\/\/www.oliocentrica.it\/de\/wp-json\/wp\/v2\/product"}],"about":[{"href":"https:\/\/www.oliocentrica.it\/de\/wp-json\/wp\/v2\/types\/product"}],"replies":[{"embeddable":true,"href":"https:\/\/www.oliocentrica.it\/de\/wp-json\/wp\/v2\/comments?post=12962"}],"wp:featuredmedia":[{"embeddable":true,"href":"https:\/\/www.oliocentrica.it\/de\/wp-json\/wp\/v2\/media\/12350"}],"wp:attachment":[{"href":"https:\/\/www.oliocentrica.it\/de\/wp-json\/wp\/v2\/media?parent=12962"}],"wp:term":[{"taxonomy":"pwb-brand","embeddable":true,"href":"https:\/\/www.oliocentrica.it\/de\/wp-json\/wp\/v2\/pwb-brand?post=12962"},{"taxonomy":"product_cat","embeddable":true,"href":"https:\/\/www.oliocentrica.it\/de\/wp-json\/wp\/v2\/product_cat?post=12962"},{"taxonomy":"product_tag","embeddable":true,"href":"https:\/\/www.oliocentrica.it\/de\/wp-json\/wp\/v2\/product_tag?post=12962"}],"curies":[{"name":"wp","href":"https:\/\/api.w.org\/{rel}","templated":true}]}}