{"id":12961,"date":"2022-03-17T19:36:23","date_gmt":"2022-03-17T18:36:23","guid":{"rendered":"https:\/\/www.oliocentrica.it\/shop\/honig-aloe-seife-aus-nativem-bio-olivenol-extra\/"},"modified":"2023-10-24T11:24:08","modified_gmt":"2023-10-24T09:24:08","slug":"honig-aloe-seife-aus-nativem-bio-olivenol-extra","status":"publish","type":"product","link":"https:\/\/www.oliocentrica.it\/de\/shop\/honig-aloe-seife-aus-nativem-bio-olivenol-extra\/","title":{"rendered":"Honig-Aloe-Seife aus nativem Bio-Oliven\u00f6l extra"},"content":{"rendered":"<p><strong>WAS ES ENTH\u00c4LT<\/strong><br \/>\nDie Seife wird ausschlie\u00dflich mit extra nativem Oliven\u00f6l (Sodium Olivate) ohne Palm- oder Kokos\u00f6l hergestellt.<br \/>\n&#8211; Enth\u00e4lt keine Farb- oder Konservierungsstoffe.<br \/>\n&#8211; ohne SODIUM LAURETH SULFATE \/ SODIUM LAURYL SULFATE<br \/>\n&#8211; ohne BOVINE SEGO (Natriumtalgat)<br \/>\n&#8211; ohne AMINE UND AMINO-DERIVATE (Cocamide DEA \/ MEA \/ TEA)<br \/>\n&#8211; ohne PEG, PPG und MINERAL\u00d6LE (Paraffinum liquidum)<br \/>\n&#8211; ohne SILIKON (Dimethicone, Cyclomethicone, Cyclopentasiloxane)<\/p>\n<p><strong>ZUTATEN<\/strong>: NATRIUMOLIVAT, COLOPHONIUM, MEL, ALOE BARBADENSIS-BLATTEXTRAKT, ZITRONENS\u00c4URE<\/p>\n<p><strong>WIRKSTOFFE<\/strong>: Eigenschaften von nativem Oliven\u00f6l extra, Bio-Wildblumenhonig und Aloe-Extrakt<\/p>\n<p><strong>GR\u00d6SSE<\/strong>: 100 g St\u00fcck<\/p>\n<p><strong>ANWENDUNG<\/strong>: Auf nasser Haut wie ein normales St\u00fcck Seife verwenden und absp\u00fclen, Einweichen vermeiden, da es keine Verdickungsmittel oder H\u00e4rter enth\u00e4lt.<\/p>\n","protected":false},"excerpt":{"rendered":"<p>Gereinigte und mit Feuchtigkeit versorgte Haut dank der feuchtigkeitsspendenden, n\u00e4hrenden und beruhigenden Eigenschaften von Honig und Aloe.<br \/>\nAloe, reich an Mucopolysacchariden, hat eine bemerkenswerte F\u00e4higkeit, Wasser zu speichern, und ist daher wirksam bei der Behandlung von dehydrierter Haut. Es hat auch eine beruhigende Wirkung. Honig hat einen hohen Gehalt an Monosacchariden und Saccharose, wichtigen Mineralsalzen wie Natrium, Zink, Kalzium, Kalium und Vitaminen der Gruppen B, C, E und K. Er ist in der Lage, eine Schutzbarriere gegen \u00e4u\u00dfere Einfl\u00fcsse wie Wind und Smog aufzubauen , wirkt der Wirkung freier Radikale entgegen, erweist sich als hervorragendes Antioxidans und garantiert der Haut die richtige Menge an Feuchtigkeit und Lipiden, die bei trockener Haut erforderlich sind. Zwei wichtige Inhaltsstoffe, die es in Kombination mit der Seife aus kaltverseiftem Oliven\u00f6l extra vergine hervorragend f\u00fcr die t\u00e4gliche Reinigung der Gesichts- und K\u00f6rperhaut machen.<\/p>\n","protected":false},"featured_media":12346,"comment_status":"open","ping_status":"closed","template":"","meta":[],"pwb-brand":[255],"product_cat":[254],"product_tag":[],"acf":[],"yoast_head":"<!-- This site is optimized with the Yoast SEO plugin v24.5 - https:\/\/yoast.com\/wordpress\/plugins\/seo\/ -->\n<title>Honig-Aloe-Seife aus nativem Bio-Oliven\u00f6l extra - Oliocentrica<\/title>\n<meta name=\"robots\" content=\"index, follow, max-snippet:-1, max-image-preview:large, max-video-preview:-1\" \/>\n<link rel=\"canonical\" href=\"https:\/\/www.oliocentrica.it\/de\/shop\/honig-aloe-seife-aus-nativem-bio-olivenol-extra\/\" \/>\n<meta property=\"og:locale\" content=\"de_DE\" \/>\n<meta property=\"og:type\" content=\"article\" \/>\n<meta property=\"og:title\" content=\"Honig-Aloe-Seife aus nativem Bio-Oliven\u00f6l extra - Oliocentrica\" \/>\n<meta property=\"og:description\" content=\"Gereinigte und mit Feuchtigkeit versorgte Haut dank der feuchtigkeitsspendenden, n\u00e4hrenden und beruhigenden Eigenschaften von Honig und Aloe. Aloe, reich an Mucopolysacchariden, hat eine bemerkenswerte F\u00e4higkeit, Wasser zu speichern, und ist daher wirksam bei der Behandlung von dehydrierter Haut. Es hat auch eine beruhigende Wirkung. Honig hat einen hohen Gehalt an Monosacchariden und Saccharose, wichtigen Mineralsalzen wie Natrium, Zink, Kalzium, Kalium und Vitaminen der Gruppen B, C, E und K. Er ist in der Lage, eine Schutzbarriere gegen \u00e4u\u00dfere Einfl\u00fcsse wie Wind und Smog aufzubauen , wirkt der Wirkung freier Radikale entgegen, erweist sich als hervorragendes Antioxidans und garantiert der Haut die richtige Menge an Feuchtigkeit und Lipiden, die bei trockener Haut erforderlich sind. Zwei wichtige Inhaltsstoffe, die es in Kombination mit der Seife aus kaltverseiftem Oliven\u00f6l extra vergine hervorragend f\u00fcr die t\u00e4gliche Reinigung der Gesichts- und K\u00f6rperhaut machen.\" \/>\n<meta property=\"og:url\" content=\"https:\/\/www.oliocentrica.it\/de\/shop\/honig-aloe-seife-aus-nativem-bio-olivenol-extra\/\" \/>\n<meta property=\"og:site_name\" content=\"Oliocentrica\" \/>\n<meta property=\"article:publisher\" content=\"https:\/\/www.facebook.com\/Oliocentrica\" \/>\n<meta property=\"article:modified_time\" content=\"2023-10-24T09:24:08+00:00\" \/>\n<meta property=\"og:image\" content=\"https:\/\/www.oliocentrica.it\/wp-content\/uploads\/2022\/03\/sapone-miele-aloe.jpg\" \/>\n\t<meta property=\"og:image:width\" content=\"800\" \/>\n\t<meta property=\"og:image:height\" content=\"800\" \/>\n\t<meta property=\"og:image:type\" content=\"image\/jpeg\" \/>\n<meta name=\"twitter:card\" content=\"summary_large_image\" \/>\n<meta name=\"twitter:label1\" content=\"Gesch\u00e4tzte Lesezeit\" \/>\n\t<meta name=\"twitter:data1\" content=\"1\u00a0Minute\" \/>\n<script type=\"application\/ld+json\" class=\"yoast-schema-graph\">{\"@context\":\"https:\/\/schema.org\",\"@graph\":[{\"@type\":\"WebPage\",\"@id\":\"https:\/\/www.oliocentrica.it\/de\/shop\/honig-aloe-seife-aus-nativem-bio-olivenol-extra\/\",\"url\":\"https:\/\/www.oliocentrica.it\/de\/shop\/honig-aloe-seife-aus-nativem-bio-olivenol-extra\/\",\"name\":\"Honig-Aloe-Seife aus nativem Bio-Oliven\u00f6l extra - Oliocentrica\",\"isPartOf\":{\"@id\":\"https:\/\/www.oliocentrica.it\/de\/#website\"},\"primaryImageOfPage\":{\"@id\":\"https:\/\/www.oliocentrica.it\/de\/shop\/honig-aloe-seife-aus-nativem-bio-olivenol-extra\/#primaryimage\"},\"image\":{\"@id\":\"https:\/\/www.oliocentrica.it\/de\/shop\/honig-aloe-seife-aus-nativem-bio-olivenol-extra\/#primaryimage\"},\"thumbnailUrl\":\"https:\/\/www.oliocentrica.it\/wp-content\/uploads\/2022\/03\/sapone-miele-aloe.jpg\",\"datePublished\":\"2022-03-17T18:36:23+00:00\",\"dateModified\":\"2023-10-24T09:24:08+00:00\",\"breadcrumb\":{\"@id\":\"https:\/\/www.oliocentrica.it\/de\/shop\/honig-aloe-seife-aus-nativem-bio-olivenol-extra\/#breadcrumb\"},\"inLanguage\":\"de\",\"potentialAction\":[{\"@type\":\"ReadAction\",\"target\":[\"https:\/\/www.oliocentrica.it\/de\/shop\/honig-aloe-seife-aus-nativem-bio-olivenol-extra\/\"]}]},{\"@type\":\"ImageObject\",\"inLanguage\":\"de\",\"@id\":\"https:\/\/www.oliocentrica.it\/de\/shop\/honig-aloe-seife-aus-nativem-bio-olivenol-extra\/#primaryimage\",\"url\":\"https:\/\/www.oliocentrica.it\/wp-content\/uploads\/2022\/03\/sapone-miele-aloe.jpg\",\"contentUrl\":\"https:\/\/www.oliocentrica.it\/wp-content\/uploads\/2022\/03\/sapone-miele-aloe.jpg\",\"width\":800,\"height\":800,\"caption\":\"saponetta di olio evo bio e argilla verde\"},{\"@type\":\"BreadcrumbList\",\"@id\":\"https:\/\/www.oliocentrica.it\/de\/shop\/honig-aloe-seife-aus-nativem-bio-olivenol-extra\/#breadcrumb\",\"itemListElement\":[{\"@type\":\"ListItem\",\"position\":1,\"name\":\"Home\",\"item\":\"https:\/\/www.oliocentrica.it\/de\/\"},{\"@type\":\"ListItem\",\"position\":2,\"name\":\"Shop\",\"item\":\"https:\/\/www.oliocentrica.it\/de\/shop\/\"},{\"@type\":\"ListItem\",\"position\":3,\"name\":\"Honig-Aloe-Seife aus nativem Bio-Oliven\u00f6l extra\"}]},{\"@type\":\"WebSite\",\"@id\":\"https:\/\/www.oliocentrica.it\/de\/#website\",\"url\":\"https:\/\/www.oliocentrica.it\/de\/\",\"name\":\"Oliocentrica\",\"description\":\"il filo d\u2019olio tra cibo e salute\",\"publisher\":{\"@id\":\"https:\/\/www.oliocentrica.it\/de\/#organization\"},\"potentialAction\":[{\"@type\":\"SearchAction\",\"target\":{\"@type\":\"EntryPoint\",\"urlTemplate\":\"https:\/\/www.oliocentrica.it\/de\/?s={search_term_string}\"},\"query-input\":{\"@type\":\"PropertyValueSpecification\",\"valueRequired\":true,\"valueName\":\"search_term_string\"}}],\"inLanguage\":\"de\"},{\"@type\":\"Organization\",\"@id\":\"https:\/\/www.oliocentrica.it\/de\/#organization\",\"name\":\"Oliocentrica Srls\",\"url\":\"https:\/\/www.oliocentrica.it\/de\/\",\"logo\":{\"@type\":\"ImageObject\",\"inLanguage\":\"de\",\"@id\":\"https:\/\/www.oliocentrica.it\/de\/#\/schema\/logo\/image\/\",\"url\":\"https:\/\/www.oliocentrica.it\/wp-content\/uploads\/2021\/05\/logo_oliocentrica-1.png\",\"contentUrl\":\"https:\/\/www.oliocentrica.it\/wp-content\/uploads\/2021\/05\/logo_oliocentrica-1.png\",\"width\":250,\"height\":81,\"caption\":\"Oliocentrica Srls\"},\"image\":{\"@id\":\"https:\/\/www.oliocentrica.it\/de\/#\/schema\/logo\/image\/\"},\"sameAs\":[\"https:\/\/www.facebook.com\/Oliocentrica\",\"https:\/\/www.instagram.com\/oliocentrica\"]}]}<\/script>\n<!-- \/ Yoast SEO plugin. -->","yoast_head_json":{"title":"Honig-Aloe-Seife aus nativem Bio-Oliven\u00f6l extra - Oliocentrica","robots":{"index":"index","follow":"follow","max-snippet":"max-snippet:-1","max-image-preview":"max-image-preview:large","max-video-preview":"max-video-preview:-1"},"canonical":"https:\/\/www.oliocentrica.it\/de\/shop\/honig-aloe-seife-aus-nativem-bio-olivenol-extra\/","og_locale":"de_DE","og_type":"article","og_title":"Honig-Aloe-Seife aus nativem Bio-Oliven\u00f6l extra - Oliocentrica","og_description":"Gereinigte und mit Feuchtigkeit versorgte Haut dank der feuchtigkeitsspendenden, n\u00e4hrenden und beruhigenden Eigenschaften von Honig und Aloe. Aloe, reich an Mucopolysacchariden, hat eine bemerkenswerte F\u00e4higkeit, Wasser zu speichern, und ist daher wirksam bei der Behandlung von dehydrierter Haut. Es hat auch eine beruhigende Wirkung. Honig hat einen hohen Gehalt an Monosacchariden und Saccharose, wichtigen Mineralsalzen wie Natrium, Zink, Kalzium, Kalium und Vitaminen der Gruppen B, C, E und K. Er ist in der Lage, eine Schutzbarriere gegen \u00e4u\u00dfere Einfl\u00fcsse wie Wind und Smog aufzubauen , wirkt der Wirkung freier Radikale entgegen, erweist sich als hervorragendes Antioxidans und garantiert der Haut die richtige Menge an Feuchtigkeit und Lipiden, die bei trockener Haut erforderlich sind. Zwei wichtige Inhaltsstoffe, die es in Kombination mit der Seife aus kaltverseiftem Oliven\u00f6l extra vergine hervorragend f\u00fcr die t\u00e4gliche Reinigung der Gesichts- und K\u00f6rperhaut machen.","og_url":"https:\/\/www.oliocentrica.it\/de\/shop\/honig-aloe-seife-aus-nativem-bio-olivenol-extra\/","og_site_name":"Oliocentrica","article_publisher":"https:\/\/www.facebook.com\/Oliocentrica","article_modified_time":"2023-10-24T09:24:08+00:00","og_image":[{"width":800,"height":800,"url":"https:\/\/www.oliocentrica.it\/wp-content\/uploads\/2022\/03\/sapone-miele-aloe.jpg","type":"image\/jpeg"}],"twitter_card":"summary_large_image","twitter_misc":{"Gesch\u00e4tzte Lesezeit":"1\u00a0Minute"},"schema":{"@context":"https:\/\/schema.org","@graph":[{"@type":"WebPage","@id":"https:\/\/www.oliocentrica.it\/de\/shop\/honig-aloe-seife-aus-nativem-bio-olivenol-extra\/","url":"https:\/\/www.oliocentrica.it\/de\/shop\/honig-aloe-seife-aus-nativem-bio-olivenol-extra\/","name":"Honig-Aloe-Seife aus nativem Bio-Oliven\u00f6l extra - Oliocentrica","isPartOf":{"@id":"https:\/\/www.oliocentrica.it\/de\/#website"},"primaryImageOfPage":{"@id":"https:\/\/www.oliocentrica.it\/de\/shop\/honig-aloe-seife-aus-nativem-bio-olivenol-extra\/#primaryimage"},"image":{"@id":"https:\/\/www.oliocentrica.it\/de\/shop\/honig-aloe-seife-aus-nativem-bio-olivenol-extra\/#primaryimage"},"thumbnailUrl":"https:\/\/www.oliocentrica.it\/wp-content\/uploads\/2022\/03\/sapone-miele-aloe.jpg","datePublished":"2022-03-17T18:36:23+00:00","dateModified":"2023-10-24T09:24:08+00:00","breadcrumb":{"@id":"https:\/\/www.oliocentrica.it\/de\/shop\/honig-aloe-seife-aus-nativem-bio-olivenol-extra\/#breadcrumb"},"inLanguage":"de","potentialAction":[{"@type":"ReadAction","target":["https:\/\/www.oliocentrica.it\/de\/shop\/honig-aloe-seife-aus-nativem-bio-olivenol-extra\/"]}]},{"@type":"ImageObject","inLanguage":"de","@id":"https:\/\/www.oliocentrica.it\/de\/shop\/honig-aloe-seife-aus-nativem-bio-olivenol-extra\/#primaryimage","url":"https:\/\/www.oliocentrica.it\/wp-content\/uploads\/2022\/03\/sapone-miele-aloe.jpg","contentUrl":"https:\/\/www.oliocentrica.it\/wp-content\/uploads\/2022\/03\/sapone-miele-aloe.jpg","width":800,"height":800,"caption":"saponetta di olio evo bio e argilla verde"},{"@type":"BreadcrumbList","@id":"https:\/\/www.oliocentrica.it\/de\/shop\/honig-aloe-seife-aus-nativem-bio-olivenol-extra\/#breadcrumb","itemListElement":[{"@type":"ListItem","position":1,"name":"Home","item":"https:\/\/www.oliocentrica.it\/de\/"},{"@type":"ListItem","position":2,"name":"Shop","item":"https:\/\/www.oliocentrica.it\/de\/shop\/"},{"@type":"ListItem","position":3,"name":"Honig-Aloe-Seife aus nativem Bio-Oliven\u00f6l extra"}]},{"@type":"WebSite","@id":"https:\/\/www.oliocentrica.it\/de\/#website","url":"https:\/\/www.oliocentrica.it\/de\/","name":"Oliocentrica","description":"il filo d\u2019olio tra cibo e salute","publisher":{"@id":"https:\/\/www.oliocentrica.it\/de\/#organization"},"potentialAction":[{"@type":"SearchAction","target":{"@type":"EntryPoint","urlTemplate":"https:\/\/www.oliocentrica.it\/de\/?s={search_term_string}"},"query-input":{"@type":"PropertyValueSpecification","valueRequired":true,"valueName":"search_term_string"}}],"inLanguage":"de"},{"@type":"Organization","@id":"https:\/\/www.oliocentrica.it\/de\/#organization","name":"Oliocentrica Srls","url":"https:\/\/www.oliocentrica.it\/de\/","logo":{"@type":"ImageObject","inLanguage":"de","@id":"https:\/\/www.oliocentrica.it\/de\/#\/schema\/logo\/image\/","url":"https:\/\/www.oliocentrica.it\/wp-content\/uploads\/2021\/05\/logo_oliocentrica-1.png","contentUrl":"https:\/\/www.oliocentrica.it\/wp-content\/uploads\/2021\/05\/logo_oliocentrica-1.png","width":250,"height":81,"caption":"Oliocentrica Srls"},"image":{"@id":"https:\/\/www.oliocentrica.it\/de\/#\/schema\/logo\/image\/"},"sameAs":["https:\/\/www.facebook.com\/Oliocentrica","https:\/\/www.instagram.com\/oliocentrica"]}]}},"brands":[{"id":255,"name":"Extravergine","slug":"extravergine"}],"_links":{"self":[{"href":"https:\/\/www.oliocentrica.it\/de\/wp-json\/wp\/v2\/product\/12961"}],"collection":[{"href":"https:\/\/www.oliocentrica.it\/de\/wp-json\/wp\/v2\/product"}],"about":[{"href":"https:\/\/www.oliocentrica.it\/de\/wp-json\/wp\/v2\/types\/product"}],"replies":[{"embeddable":true,"href":"https:\/\/www.oliocentrica.it\/de\/wp-json\/wp\/v2\/comments?post=12961"}],"wp:featuredmedia":[{"embeddable":true,"href":"https:\/\/www.oliocentrica.it\/de\/wp-json\/wp\/v2\/media\/12346"}],"wp:attachment":[{"href":"https:\/\/www.oliocentrica.it\/de\/wp-json\/wp\/v2\/media?parent=12961"}],"wp:term":[{"taxonomy":"pwb-brand","embeddable":true,"href":"https:\/\/www.oliocentrica.it\/de\/wp-json\/wp\/v2\/pwb-brand?post=12961"},{"taxonomy":"product_cat","embeddable":true,"href":"https:\/\/www.oliocentrica.it\/de\/wp-json\/wp\/v2\/product_cat?post=12961"},{"taxonomy":"product_tag","embeddable":true,"href":"https:\/\/www.oliocentrica.it\/de\/wp-json\/wp\/v2\/product_tag?post=12961"}],"curies":[{"name":"wp","href":"https:\/\/api.w.org\/{rel}","templated":true}]}}