{"id":12960,"date":"2022-03-18T10:13:35","date_gmt":"2022-03-18T09:13:35","guid":{"rendered":"https:\/\/www.oliocentrica.it\/shop\/schonheit-im-laufe-der-zeit-naturkosmetik-set\/"},"modified":"2023-10-24T11:22:19","modified_gmt":"2023-10-24T09:22:19","slug":"schonheit-im-laufe-der-zeit-naturkosmetik-set","status":"publish","type":"product","link":"https:\/\/www.oliocentrica.it\/de\/shop\/schonheit-im-laufe-der-zeit-naturkosmetik-set\/","title":{"rendered":"Sch\u00f6nheit im Laufe der Zeit &#8211; Naturkosmetik-Set"},"content":{"rendered":"<p><strong><em>Ein eleganter, hochwertiger, stabiler Karton, der enth\u00e4lt:<\/em><\/strong><\/p>\n<p>1 Flasche mit 150 ml: <strong>Aetherna Fermatempo<\/strong> <a href=\"https:\/\/www.oliocentrica.it\/de\/shop\/aetherna-fermatempo\/\"><em>mehr lesen<\/em><\/a> &#8211; universelle Creme, die auf Gesicht, H\u00e4nden und K\u00f6rper verwendet werden kann, f\u00fcr Erwachsene, Kinder und auch f\u00fcr Personen mit empfindlicher, sehr trockener Haut und Neigung zu Dermatitis und Psoriasis<\/p>\n<p>1 Flasche 250 ml reines <strong>S\u00fc\u00dfmandel\u00f6l mit Orangenbl\u00fctenduft<\/strong> <a href=\"https:\/\/www.oliocentrica.it\/de\/shop\/susmandelol-mit-orangenblutenduft\/\"><em>weiterlesen<\/em><\/a> &#8211; S\u00fc\u00dfmandel\u00f6l wird durch Kaltpressung gewonnen, eine Methode, die es erm\u00f6glicht, alle Eigenschaften unver\u00e4ndert zu erhalten, und hat weichmachende, sch\u00fctzende, n\u00e4hrende und regenerierende Eigenschaften. Es ist reich an Fetts\u00e4uren, Vitaminen, Proteinen und Mineralsalzen, wird h\u00e4ufig in der Hautpflege verwendet und kann auch von Menschen mit besonders zarter und empfindlicher Haut sicher f\u00fcr Gesicht und K\u00f6rper verwendet werden. Angereichert mit Vitamin E beh\u00e4lt es seine Eigenschaften im Laufe der Zeit und ist ein ausgezeichneter Verb\u00fcndeter gegen freie Radikale<\/p>\n<p>1 <strong>Seife mit Honig und Aloe aus 100 g Bio-Oliven\u00f6l extra<\/strong> <a href=\"https:\/\/www.oliocentrica.it\/de\/shop\/honig-aloe-seife-aus-nativem-bio-olivenol-extra\/\"><em>mehr lesen<\/em><\/a> &#8211; Die Haut wird gereinigt und mit Feuchtigkeit versorgt dank der feuchtigkeitsspendenden, n\u00e4hrenden und beruhigenden Eigenschaften von Honig und Aloe<\/p>\n","protected":false},"excerpt":{"rendered":"<p>\u201eBeauty over time\u201c ist ein von Oliocentrica ausgew\u00e4hltes Naturkosmetik-Set f\u00fcr die Pflege und das Wohlbefinden von Gesicht, K\u00f6rper und Haar. Das Paket, eine hervorragende Geschenkidee, besteht aus:<br \/>\n<a href=\"https:\/\/www.oliocentrica.it\/de\/shop\/aetherna-fermatempo\/\">Aetherna Fermatempo &#8211; Gesichts-, Hand- und K\u00f6rpercreme mit nativem Oliven\u00f6l extra<\/a><br \/>\n<a href=\"https:\/\/www.oliocentrica.it\/de\/shop\/susmandelol-mit-orangenblutenduft\/\">S\u00fc\u00dfmandel\u00f6l mit Orangenbl\u00fctenduft &#8211; angezeigt, um das Problem der Hauttrockenheit zu l\u00f6sen<\/a><br \/>\n<a href=\"https:\/\/www.oliocentrica.it\/de\/shop\/honig-aloe-seife-aus-nativem-bio-olivenol-extra\/\">Seife mit Honig und Aloe aus nativem Oliven\u00f6l extra &#8211; f\u00fcr eine gereinigte und mit Feuchtigkeit versorgte Haut<\/a><\/p>\n","protected":false},"featured_media":16450,"comment_status":"open","ping_status":"closed","template":"","meta":[],"pwb-brand":[253],"product_cat":[248,254],"product_tag":[],"acf":[],"yoast_head":"<!-- This site is optimized with the Yoast SEO plugin v24.5 - https:\/\/yoast.com\/wordpress\/plugins\/seo\/ -->\n<title>Sch\u00f6nheit im Laufe der Zeit - Naturkosmetik-Set - Oliocentrica<\/title>\n<meta name=\"robots\" content=\"index, follow, max-snippet:-1, max-image-preview:large, max-video-preview:-1\" \/>\n<link rel=\"canonical\" href=\"https:\/\/www.oliocentrica.it\/de\/shop\/schonheit-im-laufe-der-zeit-naturkosmetik-set\/\" \/>\n<meta property=\"og:locale\" content=\"de_DE\" \/>\n<meta property=\"og:type\" content=\"article\" \/>\n<meta property=\"og:title\" content=\"Sch\u00f6nheit im Laufe der Zeit - Naturkosmetik-Set - Oliocentrica\" \/>\n<meta property=\"og:description\" content=\"\u201eBeauty over time\u201c ist ein von Oliocentrica ausgew\u00e4hltes Naturkosmetik-Set f\u00fcr die Pflege und das Wohlbefinden von Gesicht, K\u00f6rper und Haar. Das Paket, eine hervorragende Geschenkidee, besteht aus: Aetherna Fermatempo - Gesichts-, Hand- und K\u00f6rpercreme mit nativem Oliven\u00f6l extra S\u00fc\u00dfmandel\u00f6l mit Orangenbl\u00fctenduft - angezeigt, um das Problem der Hauttrockenheit zu l\u00f6sen Seife mit Honig und Aloe aus nativem Oliven\u00f6l extra - f\u00fcr eine gereinigte und mit Feuchtigkeit versorgte Haut\" \/>\n<meta property=\"og:url\" content=\"https:\/\/www.oliocentrica.it\/de\/shop\/schonheit-im-laufe-der-zeit-naturkosmetik-set\/\" \/>\n<meta property=\"og:site_name\" content=\"Oliocentrica\" \/>\n<meta property=\"article:publisher\" content=\"https:\/\/www.facebook.com\/Oliocentrica\" \/>\n<meta property=\"article:modified_time\" content=\"2023-10-24T09:22:19+00:00\" \/>\n<meta property=\"og:image\" content=\"https:\/\/www.oliocentrica.it\/wp-content\/uploads\/2022\/03\/cosmesi.jpg\" \/>\n\t<meta property=\"og:image:width\" content=\"800\" \/>\n\t<meta property=\"og:image:height\" content=\"800\" \/>\n\t<meta property=\"og:image:type\" content=\"image\/jpeg\" \/>\n<meta name=\"twitter:card\" content=\"summary_large_image\" \/>\n<meta name=\"twitter:label1\" content=\"Gesch\u00e4tzte Lesezeit\" \/>\n\t<meta name=\"twitter:data1\" content=\"1\u00a0Minute\" \/>\n<script type=\"application\/ld+json\" class=\"yoast-schema-graph\">{\"@context\":\"https:\/\/schema.org\",\"@graph\":[{\"@type\":\"WebPage\",\"@id\":\"https:\/\/www.oliocentrica.it\/de\/shop\/schonheit-im-laufe-der-zeit-naturkosmetik-set\/\",\"url\":\"https:\/\/www.oliocentrica.it\/de\/shop\/schonheit-im-laufe-der-zeit-naturkosmetik-set\/\",\"name\":\"Sch\u00f6nheit im Laufe der Zeit - Naturkosmetik-Set - Oliocentrica\",\"isPartOf\":{\"@id\":\"https:\/\/www.oliocentrica.it\/de\/#website\"},\"primaryImageOfPage\":{\"@id\":\"https:\/\/www.oliocentrica.it\/de\/shop\/schonheit-im-laufe-der-zeit-naturkosmetik-set\/#primaryimage\"},\"image\":{\"@id\":\"https:\/\/www.oliocentrica.it\/de\/shop\/schonheit-im-laufe-der-zeit-naturkosmetik-set\/#primaryimage\"},\"thumbnailUrl\":\"https:\/\/www.oliocentrica.it\/wp-content\/uploads\/2022\/03\/cosmesi.jpg\",\"datePublished\":\"2022-03-18T09:13:35+00:00\",\"dateModified\":\"2023-10-24T09:22:19+00:00\",\"breadcrumb\":{\"@id\":\"https:\/\/www.oliocentrica.it\/de\/shop\/schonheit-im-laufe-der-zeit-naturkosmetik-set\/#breadcrumb\"},\"inLanguage\":\"de\",\"potentialAction\":[{\"@type\":\"ReadAction\",\"target\":[\"https:\/\/www.oliocentrica.it\/de\/shop\/schonheit-im-laufe-der-zeit-naturkosmetik-set\/\"]}]},{\"@type\":\"ImageObject\",\"inLanguage\":\"de\",\"@id\":\"https:\/\/www.oliocentrica.it\/de\/shop\/schonheit-im-laufe-der-zeit-naturkosmetik-set\/#primaryimage\",\"url\":\"https:\/\/www.oliocentrica.it\/wp-content\/uploads\/2022\/03\/cosmesi.jpg\",\"contentUrl\":\"https:\/\/www.oliocentrica.it\/wp-content\/uploads\/2022\/03\/cosmesi.jpg\",\"width\":800,\"height\":800,\"caption\":\"Naturkosmetik-Set mit nativem Oliven\u00f6l extra\"},{\"@type\":\"BreadcrumbList\",\"@id\":\"https:\/\/www.oliocentrica.it\/de\/shop\/schonheit-im-laufe-der-zeit-naturkosmetik-set\/#breadcrumb\",\"itemListElement\":[{\"@type\":\"ListItem\",\"position\":1,\"name\":\"Home\",\"item\":\"https:\/\/www.oliocentrica.it\/de\/\"},{\"@type\":\"ListItem\",\"position\":2,\"name\":\"Shop\",\"item\":\"https:\/\/www.oliocentrica.it\/de\/shop\/\"},{\"@type\":\"ListItem\",\"position\":3,\"name\":\"Sch\u00f6nheit im Laufe der Zeit &#8211; Naturkosmetik-Set\"}]},{\"@type\":\"WebSite\",\"@id\":\"https:\/\/www.oliocentrica.it\/de\/#website\",\"url\":\"https:\/\/www.oliocentrica.it\/de\/\",\"name\":\"Oliocentrica\",\"description\":\"il filo d\u2019olio tra cibo e salute\",\"publisher\":{\"@id\":\"https:\/\/www.oliocentrica.it\/de\/#organization\"},\"potentialAction\":[{\"@type\":\"SearchAction\",\"target\":{\"@type\":\"EntryPoint\",\"urlTemplate\":\"https:\/\/www.oliocentrica.it\/de\/?s={search_term_string}\"},\"query-input\":{\"@type\":\"PropertyValueSpecification\",\"valueRequired\":true,\"valueName\":\"search_term_string\"}}],\"inLanguage\":\"de\"},{\"@type\":\"Organization\",\"@id\":\"https:\/\/www.oliocentrica.it\/de\/#organization\",\"name\":\"Oliocentrica Srls\",\"url\":\"https:\/\/www.oliocentrica.it\/de\/\",\"logo\":{\"@type\":\"ImageObject\",\"inLanguage\":\"de\",\"@id\":\"https:\/\/www.oliocentrica.it\/de\/#\/schema\/logo\/image\/\",\"url\":\"https:\/\/www.oliocentrica.it\/wp-content\/uploads\/2021\/05\/logo_oliocentrica-1.png\",\"contentUrl\":\"https:\/\/www.oliocentrica.it\/wp-content\/uploads\/2021\/05\/logo_oliocentrica-1.png\",\"width\":250,\"height\":81,\"caption\":\"Oliocentrica Srls\"},\"image\":{\"@id\":\"https:\/\/www.oliocentrica.it\/de\/#\/schema\/logo\/image\/\"},\"sameAs\":[\"https:\/\/www.facebook.com\/Oliocentrica\",\"https:\/\/www.instagram.com\/oliocentrica\"]}]}<\/script>\n<!-- \/ Yoast SEO plugin. -->","yoast_head_json":{"title":"Sch\u00f6nheit im Laufe der Zeit - Naturkosmetik-Set - Oliocentrica","robots":{"index":"index","follow":"follow","max-snippet":"max-snippet:-1","max-image-preview":"max-image-preview:large","max-video-preview":"max-video-preview:-1"},"canonical":"https:\/\/www.oliocentrica.it\/de\/shop\/schonheit-im-laufe-der-zeit-naturkosmetik-set\/","og_locale":"de_DE","og_type":"article","og_title":"Sch\u00f6nheit im Laufe der Zeit - Naturkosmetik-Set - Oliocentrica","og_description":"\u201eBeauty over time\u201c ist ein von Oliocentrica ausgew\u00e4hltes Naturkosmetik-Set f\u00fcr die Pflege und das Wohlbefinden von Gesicht, K\u00f6rper und Haar. Das Paket, eine hervorragende Geschenkidee, besteht aus: Aetherna Fermatempo - Gesichts-, Hand- und K\u00f6rpercreme mit nativem Oliven\u00f6l extra S\u00fc\u00dfmandel\u00f6l mit Orangenbl\u00fctenduft - angezeigt, um das Problem der Hauttrockenheit zu l\u00f6sen Seife mit Honig und Aloe aus nativem Oliven\u00f6l extra - f\u00fcr eine gereinigte und mit Feuchtigkeit versorgte Haut","og_url":"https:\/\/www.oliocentrica.it\/de\/shop\/schonheit-im-laufe-der-zeit-naturkosmetik-set\/","og_site_name":"Oliocentrica","article_publisher":"https:\/\/www.facebook.com\/Oliocentrica","article_modified_time":"2023-10-24T09:22:19+00:00","og_image":[{"width":800,"height":800,"url":"https:\/\/www.oliocentrica.it\/wp-content\/uploads\/2022\/03\/cosmesi.jpg","type":"image\/jpeg"}],"twitter_card":"summary_large_image","twitter_misc":{"Gesch\u00e4tzte Lesezeit":"1\u00a0Minute"},"schema":{"@context":"https:\/\/schema.org","@graph":[{"@type":"WebPage","@id":"https:\/\/www.oliocentrica.it\/de\/shop\/schonheit-im-laufe-der-zeit-naturkosmetik-set\/","url":"https:\/\/www.oliocentrica.it\/de\/shop\/schonheit-im-laufe-der-zeit-naturkosmetik-set\/","name":"Sch\u00f6nheit im Laufe der Zeit - Naturkosmetik-Set - Oliocentrica","isPartOf":{"@id":"https:\/\/www.oliocentrica.it\/de\/#website"},"primaryImageOfPage":{"@id":"https:\/\/www.oliocentrica.it\/de\/shop\/schonheit-im-laufe-der-zeit-naturkosmetik-set\/#primaryimage"},"image":{"@id":"https:\/\/www.oliocentrica.it\/de\/shop\/schonheit-im-laufe-der-zeit-naturkosmetik-set\/#primaryimage"},"thumbnailUrl":"https:\/\/www.oliocentrica.it\/wp-content\/uploads\/2022\/03\/cosmesi.jpg","datePublished":"2022-03-18T09:13:35+00:00","dateModified":"2023-10-24T09:22:19+00:00","breadcrumb":{"@id":"https:\/\/www.oliocentrica.it\/de\/shop\/schonheit-im-laufe-der-zeit-naturkosmetik-set\/#breadcrumb"},"inLanguage":"de","potentialAction":[{"@type":"ReadAction","target":["https:\/\/www.oliocentrica.it\/de\/shop\/schonheit-im-laufe-der-zeit-naturkosmetik-set\/"]}]},{"@type":"ImageObject","inLanguage":"de","@id":"https:\/\/www.oliocentrica.it\/de\/shop\/schonheit-im-laufe-der-zeit-naturkosmetik-set\/#primaryimage","url":"https:\/\/www.oliocentrica.it\/wp-content\/uploads\/2022\/03\/cosmesi.jpg","contentUrl":"https:\/\/www.oliocentrica.it\/wp-content\/uploads\/2022\/03\/cosmesi.jpg","width":800,"height":800,"caption":"Naturkosmetik-Set mit nativem Oliven\u00f6l extra"},{"@type":"BreadcrumbList","@id":"https:\/\/www.oliocentrica.it\/de\/shop\/schonheit-im-laufe-der-zeit-naturkosmetik-set\/#breadcrumb","itemListElement":[{"@type":"ListItem","position":1,"name":"Home","item":"https:\/\/www.oliocentrica.it\/de\/"},{"@type":"ListItem","position":2,"name":"Shop","item":"https:\/\/www.oliocentrica.it\/de\/shop\/"},{"@type":"ListItem","position":3,"name":"Sch\u00f6nheit im Laufe der Zeit &#8211; Naturkosmetik-Set"}]},{"@type":"WebSite","@id":"https:\/\/www.oliocentrica.it\/de\/#website","url":"https:\/\/www.oliocentrica.it\/de\/","name":"Oliocentrica","description":"il filo d\u2019olio tra cibo e salute","publisher":{"@id":"https:\/\/www.oliocentrica.it\/de\/#organization"},"potentialAction":[{"@type":"SearchAction","target":{"@type":"EntryPoint","urlTemplate":"https:\/\/www.oliocentrica.it\/de\/?s={search_term_string}"},"query-input":{"@type":"PropertyValueSpecification","valueRequired":true,"valueName":"search_term_string"}}],"inLanguage":"de"},{"@type":"Organization","@id":"https:\/\/www.oliocentrica.it\/de\/#organization","name":"Oliocentrica Srls","url":"https:\/\/www.oliocentrica.it\/de\/","logo":{"@type":"ImageObject","inLanguage":"de","@id":"https:\/\/www.oliocentrica.it\/de\/#\/schema\/logo\/image\/","url":"https:\/\/www.oliocentrica.it\/wp-content\/uploads\/2021\/05\/logo_oliocentrica-1.png","contentUrl":"https:\/\/www.oliocentrica.it\/wp-content\/uploads\/2021\/05\/logo_oliocentrica-1.png","width":250,"height":81,"caption":"Oliocentrica Srls"},"image":{"@id":"https:\/\/www.oliocentrica.it\/de\/#\/schema\/logo\/image\/"},"sameAs":["https:\/\/www.facebook.com\/Oliocentrica","https:\/\/www.instagram.com\/oliocentrica"]}]}},"brands":[{"id":253,"name":"Oliocentrica","slug":"oliocentrica"}],"_links":{"self":[{"href":"https:\/\/www.oliocentrica.it\/de\/wp-json\/wp\/v2\/product\/12960"}],"collection":[{"href":"https:\/\/www.oliocentrica.it\/de\/wp-json\/wp\/v2\/product"}],"about":[{"href":"https:\/\/www.oliocentrica.it\/de\/wp-json\/wp\/v2\/types\/product"}],"replies":[{"embeddable":true,"href":"https:\/\/www.oliocentrica.it\/de\/wp-json\/wp\/v2\/comments?post=12960"}],"wp:featuredmedia":[{"embeddable":true,"href":"https:\/\/www.oliocentrica.it\/de\/wp-json\/wp\/v2\/media\/16450"}],"wp:attachment":[{"href":"https:\/\/www.oliocentrica.it\/de\/wp-json\/wp\/v2\/media?parent=12960"}],"wp:term":[{"taxonomy":"pwb-brand","embeddable":true,"href":"https:\/\/www.oliocentrica.it\/de\/wp-json\/wp\/v2\/pwb-brand?post=12960"},{"taxonomy":"product_cat","embeddable":true,"href":"https:\/\/www.oliocentrica.it\/de\/wp-json\/wp\/v2\/product_cat?post=12960"},{"taxonomy":"product_tag","embeddable":true,"href":"https:\/\/www.oliocentrica.it\/de\/wp-json\/wp\/v2\/product_tag?post=12960"}],"curies":[{"name":"wp","href":"https:\/\/api.w.org\/{rel}","templated":true}]}}