{"id":11056,"date":"2020-12-04T15:47:23","date_gmt":"2020-12-04T14:47:23","guid":{"rendered":"https:\/\/www.oliocentrica.it\/ruecktrittsrecht\/"},"modified":"2022-04-23T10:45:03","modified_gmt":"2022-04-23T08:45:03","slug":"ruecktrittsrecht","status":"publish","type":"page","link":"https:\/\/www.oliocentrica.it\/de\/ruecktrittsrecht\/","title":{"rendered":"R\u00fccktrittsrecht"},"content":{"rendered":"<div class=\"fusion-fullwidth fullwidth-box fusion-builder-row-1 nonhundred-percent-fullwidth non-hundred-percent-height-scrolling\" style=\"--awb-border-radius-top-left:0px;--awb-border-radius-top-right:0px;--awb-border-radius-bottom-right:0px;--awb-border-radius-bottom-left:0px;--awb-margin-top:80px;--awb-flex-wrap:wrap;\" ><div class=\"fusion-builder-row fusion-row\"><div class=\"fusion-layout-column fusion_builder_column fusion-builder-column-0 fusion_builder_column_1_1 1_1 fusion-one-full fusion-column-first fusion-column-last\" style=\"--awb-bg-size:cover;--awb-margin-bottom:0px;\"><div class=\"fusion-column-wrapper fusion-flex-column-wrapper-legacy\"><div class=\"fusion-title title fusion-title-1 fusion-sep-none fusion-title-text fusion-title-size-one\"><h1 class=\"fusion-title-heading title-heading-left\" style=\"margin:0;\"><p style=\"text-align: center;\"><strong>R\u00fccktrittsrecht<\/strong><\/p><\/h1><\/div><div class=\"fusion-text fusion-text-1\"><p>1. Gem\u00e4\u00df den geltenden gesetzlichen Bestimmungen hat der K\u00e4ufer das Recht, innerhalb von <strong>14 Tage<\/strong> ohne Vertragsstrafe und ohne Angabe von Gr\u00fcnden vom Kauf gem\u00e4\u00df Art. 57 des gesetzesvertretenden Dekrets 206\/2005 ab dem Datum des Eingangs der Produkte.<\/p>\n<p>2. Bei Mehrfachk\u00e4ufen, die der K\u00e4ufer mit einer einzigen Bestellung t\u00e4tigt und die separat geliefert werden, beginnt die 14-t\u00e4gige Frist ab dem Datum des Eingangs des letzten Produkts.<\/p>\n<p>3. Um das Widerrufsrecht auszu\u00fcben, muss der K\u00e4ufer OLIOCENTRICA Srls \u00fcber seine Entscheidung, vom Kauf zur\u00fcckzutreten, durch eine ausdr\u00fcckliche Erkl\u00e4rung per Post oder E-Mail unter Angabe der Bestellnummer, seiner Daten und des Widerrufsrechts informieren Widerrufsgrund an folgende Adresse:<\/p>\n<p>OLIOCENTRICA Srls<br \/>\nviale Cesare Augusto n. 40<br \/>\n04100 Latina (Italien)<br \/>\ninfo@oliocentrica.it<\/p>\n<p>4. Zur Wahrung der Widerrufsfrist reicht es aus, dass der K\u00e4ufer die Mitteilung \u00fcber die Aus\u00fcbung des Widerrufsrechts vor Ablauf der Widerrufsfrist <strong>(14 Tage) <\/strong>absendet.<\/p>\n<p>5. Wenn der K\u00e4ufer vom Kauf zur\u00fccktritt, werden ihm alle Zahlungen zur\u00fcckerstattet, die er zugunsten von OLIOCENTRICA Srls geleistet hat, einschlie\u00dflich der Lieferkosten, mit Ausnahme der zus\u00e4tzlichen Kosten, die sich aus einer m\u00f6glichen Wahl einer anderen als der von angebotenen Lieferart ergeben OLIOCENTRICA Srls unverz\u00fcglich und in jedem Fall sp\u00e4testens 14 Tage nach dem Tag, an dem OLIOCENTRICA Srls \u00fcber die Entscheidung des K\u00e4ufers informiert wurde, vom Kauf zur\u00fcckzutreten. Diese R\u00fcckerstattungen erfolgen mit der gleichen Zahlungsmethode, die der K\u00e4ufer f\u00fcr die urspr\u00fcngliche Transaktion verwendet hat, es sei denn, der K\u00e4ufer hat ausdr\u00fccklich etwas anderes vereinbart; in jedem Fall entstehen dem K\u00e4ufer durch diese R\u00fcckzahlung keine Kosten. Bei Zahlung per Bank\u00fcberweisung muss der K\u00e4ufer die f\u00fcr die R\u00fcckerstattung notwendigen Bankdaten: IBAN, SWIFT und BIC angeben.<\/p>\n<p>6. Die Ware muss unversehrt, in der Originalverpackung, vollst\u00e4ndig in allen Teilen und vollst\u00e4ndig mit den beigef\u00fcgten Steuerunterlagen zur\u00fcckgesandt werden. Unbeschadet des Rechts, die Einhaltung der vorstehenden Bestimmungen zu \u00fcberpr\u00fcfen, erstattet OLIOCENTRICA Srls den Kaufbetrag vorbehaltlich des R\u00fccktritts innerhalb einer Frist von maximal 15 Tagen.<\/p>\n<p>7. Wie von der Kunst gefordert. 56 Absatz 3 des Gesetzesdekrets 206\/2005, ge\u00e4ndert durch das Gesetzesdekret 21\/2014, kann OLIOCENTRICA Srls die R\u00fcckerstattung bis zum Erhalt der Ware aussetzen oder bis der K\u00e4ufer nachweist, dass er die Ware zur\u00fcckgesandt hat.<\/p>\n<p>8. Das Widerrufsrecht gilt nicht, wenn die Dienstleistungen und Produkte von OLIOCENTRICA Srls in den Kategorien von Artikel 59 des Gesetzesdekrets 206\/2005 enthalten sind.<\/p>\n<\/div><div class=\"fusion-clearfix\"><\/div><\/div><\/div><\/div><\/div>\n","protected":false},"excerpt":{"rendered":"","protected":false},"author":2,"featured_media":0,"parent":0,"menu_order":0,"comment_status":"closed","ping_status":"closed","template":"","meta":{"footnotes":""},"acf":[],"yoast_head":"<!-- This site is optimized with the Yoast SEO plugin v24.5 - https:\/\/yoast.com\/wordpress\/plugins\/seo\/ -->\n<title>R\u00fccktrittsrecht - Oliocentrica<\/title>\n<meta name=\"robots\" content=\"index, follow, max-snippet:-1, max-image-preview:large, max-video-preview:-1\" \/>\n<link rel=\"canonical\" href=\"https:\/\/www.oliocentrica.it\/de\/ruecktrittsrecht\/\" \/>\n<meta property=\"og:locale\" content=\"de_DE\" \/>\n<meta property=\"og:type\" content=\"article\" \/>\n<meta property=\"og:title\" content=\"R\u00fccktrittsrecht - Oliocentrica\" \/>\n<meta property=\"og:url\" content=\"https:\/\/www.oliocentrica.it\/de\/ruecktrittsrecht\/\" \/>\n<meta property=\"og:site_name\" content=\"Oliocentrica\" \/>\n<meta property=\"article:publisher\" content=\"https:\/\/www.facebook.com\/Oliocentrica\" \/>\n<meta property=\"article:modified_time\" content=\"2022-04-23T08:45:03+00:00\" \/>\n<meta property=\"og:image\" content=\"https:\/\/www.oliocentrica.it\/wp-content\/uploads\/2021\/06\/logo-oliocentrica-paypal.png\" \/>\n\t<meta property=\"og:image:width\" content=\"150\" \/>\n\t<meta property=\"og:image:height\" content=\"49\" \/>\n\t<meta property=\"og:image:type\" content=\"image\/png\" \/>\n<meta name=\"twitter:card\" content=\"summary_large_image\" \/>\n<meta name=\"twitter:label1\" content=\"Gesch\u00e4tzte Lesezeit\" \/>\n\t<meta name=\"twitter:data1\" content=\"4\u00a0Minuten\" \/>\n<script type=\"application\/ld+json\" class=\"yoast-schema-graph\">{\"@context\":\"https:\/\/schema.org\",\"@graph\":[{\"@type\":\"WebPage\",\"@id\":\"https:\/\/www.oliocentrica.it\/de\/ruecktrittsrecht\/\",\"url\":\"https:\/\/www.oliocentrica.it\/de\/ruecktrittsrecht\/\",\"name\":\"R\u00fccktrittsrecht - Oliocentrica\",\"isPartOf\":{\"@id\":\"https:\/\/www.oliocentrica.it\/de\/#website\"},\"datePublished\":\"2020-12-04T14:47:23+00:00\",\"dateModified\":\"2022-04-23T08:45:03+00:00\",\"breadcrumb\":{\"@id\":\"https:\/\/www.oliocentrica.it\/de\/ruecktrittsrecht\/#breadcrumb\"},\"inLanguage\":\"de\",\"potentialAction\":[{\"@type\":\"ReadAction\",\"target\":[\"https:\/\/www.oliocentrica.it\/de\/ruecktrittsrecht\/\"]}]},{\"@type\":\"BreadcrumbList\",\"@id\":\"https:\/\/www.oliocentrica.it\/de\/ruecktrittsrecht\/#breadcrumb\",\"itemListElement\":[{\"@type\":\"ListItem\",\"position\":1,\"name\":\"Home\",\"item\":\"https:\/\/www.oliocentrica.it\/de\/\"},{\"@type\":\"ListItem\",\"position\":2,\"name\":\"R\u00fccktrittsrecht\"}]},{\"@type\":\"WebSite\",\"@id\":\"https:\/\/www.oliocentrica.it\/de\/#website\",\"url\":\"https:\/\/www.oliocentrica.it\/de\/\",\"name\":\"Oliocentrica\",\"description\":\"il filo d\u2019olio tra cibo e salute\",\"publisher\":{\"@id\":\"https:\/\/www.oliocentrica.it\/de\/#organization\"},\"potentialAction\":[{\"@type\":\"SearchAction\",\"target\":{\"@type\":\"EntryPoint\",\"urlTemplate\":\"https:\/\/www.oliocentrica.it\/de\/?s={search_term_string}\"},\"query-input\":{\"@type\":\"PropertyValueSpecification\",\"valueRequired\":true,\"valueName\":\"search_term_string\"}}],\"inLanguage\":\"de\"},{\"@type\":\"Organization\",\"@id\":\"https:\/\/www.oliocentrica.it\/de\/#organization\",\"name\":\"Oliocentrica Srls\",\"url\":\"https:\/\/www.oliocentrica.it\/de\/\",\"logo\":{\"@type\":\"ImageObject\",\"inLanguage\":\"de\",\"@id\":\"https:\/\/www.oliocentrica.it\/de\/#\/schema\/logo\/image\/\",\"url\":\"https:\/\/www.oliocentrica.it\/wp-content\/uploads\/2021\/05\/logo_oliocentrica-1.png\",\"contentUrl\":\"https:\/\/www.oliocentrica.it\/wp-content\/uploads\/2021\/05\/logo_oliocentrica-1.png\",\"width\":250,\"height\":81,\"caption\":\"Oliocentrica Srls\"},\"image\":{\"@id\":\"https:\/\/www.oliocentrica.it\/de\/#\/schema\/logo\/image\/\"},\"sameAs\":[\"https:\/\/www.facebook.com\/Oliocentrica\",\"https:\/\/www.instagram.com\/oliocentrica\"]}]}<\/script>\n<!-- \/ Yoast SEO plugin. -->","yoast_head_json":{"title":"R\u00fccktrittsrecht - Oliocentrica","robots":{"index":"index","follow":"follow","max-snippet":"max-snippet:-1","max-image-preview":"max-image-preview:large","max-video-preview":"max-video-preview:-1"},"canonical":"https:\/\/www.oliocentrica.it\/de\/ruecktrittsrecht\/","og_locale":"de_DE","og_type":"article","og_title":"R\u00fccktrittsrecht - Oliocentrica","og_url":"https:\/\/www.oliocentrica.it\/de\/ruecktrittsrecht\/","og_site_name":"Oliocentrica","article_publisher":"https:\/\/www.facebook.com\/Oliocentrica","article_modified_time":"2022-04-23T08:45:03+00:00","og_image":[{"width":150,"height":49,"url":"https:\/\/www.oliocentrica.it\/wp-content\/uploads\/2021\/06\/logo-oliocentrica-paypal.png","type":"image\/png"}],"twitter_card":"summary_large_image","twitter_misc":{"Gesch\u00e4tzte Lesezeit":"4\u00a0Minuten"},"schema":{"@context":"https:\/\/schema.org","@graph":[{"@type":"WebPage","@id":"https:\/\/www.oliocentrica.it\/de\/ruecktrittsrecht\/","url":"https:\/\/www.oliocentrica.it\/de\/ruecktrittsrecht\/","name":"R\u00fccktrittsrecht - Oliocentrica","isPartOf":{"@id":"https:\/\/www.oliocentrica.it\/de\/#website"},"datePublished":"2020-12-04T14:47:23+00:00","dateModified":"2022-04-23T08:45:03+00:00","breadcrumb":{"@id":"https:\/\/www.oliocentrica.it\/de\/ruecktrittsrecht\/#breadcrumb"},"inLanguage":"de","potentialAction":[{"@type":"ReadAction","target":["https:\/\/www.oliocentrica.it\/de\/ruecktrittsrecht\/"]}]},{"@type":"BreadcrumbList","@id":"https:\/\/www.oliocentrica.it\/de\/ruecktrittsrecht\/#breadcrumb","itemListElement":[{"@type":"ListItem","position":1,"name":"Home","item":"https:\/\/www.oliocentrica.it\/de\/"},{"@type":"ListItem","position":2,"name":"R\u00fccktrittsrecht"}]},{"@type":"WebSite","@id":"https:\/\/www.oliocentrica.it\/de\/#website","url":"https:\/\/www.oliocentrica.it\/de\/","name":"Oliocentrica","description":"il filo d\u2019olio tra cibo e salute","publisher":{"@id":"https:\/\/www.oliocentrica.it\/de\/#organization"},"potentialAction":[{"@type":"SearchAction","target":{"@type":"EntryPoint","urlTemplate":"https:\/\/www.oliocentrica.it\/de\/?s={search_term_string}"},"query-input":{"@type":"PropertyValueSpecification","valueRequired":true,"valueName":"search_term_string"}}],"inLanguage":"de"},{"@type":"Organization","@id":"https:\/\/www.oliocentrica.it\/de\/#organization","name":"Oliocentrica Srls","url":"https:\/\/www.oliocentrica.it\/de\/","logo":{"@type":"ImageObject","inLanguage":"de","@id":"https:\/\/www.oliocentrica.it\/de\/#\/schema\/logo\/image\/","url":"https:\/\/www.oliocentrica.it\/wp-content\/uploads\/2021\/05\/logo_oliocentrica-1.png","contentUrl":"https:\/\/www.oliocentrica.it\/wp-content\/uploads\/2021\/05\/logo_oliocentrica-1.png","width":250,"height":81,"caption":"Oliocentrica Srls"},"image":{"@id":"https:\/\/www.oliocentrica.it\/de\/#\/schema\/logo\/image\/"},"sameAs":["https:\/\/www.facebook.com\/Oliocentrica","https:\/\/www.instagram.com\/oliocentrica"]}]}},"_links":{"self":[{"href":"https:\/\/www.oliocentrica.it\/de\/wp-json\/wp\/v2\/pages\/11056"}],"collection":[{"href":"https:\/\/www.oliocentrica.it\/de\/wp-json\/wp\/v2\/pages"}],"about":[{"href":"https:\/\/www.oliocentrica.it\/de\/wp-json\/wp\/v2\/types\/page"}],"author":[{"embeddable":true,"href":"https:\/\/www.oliocentrica.it\/de\/wp-json\/wp\/v2\/users\/2"}],"replies":[{"embeddable":true,"href":"https:\/\/www.oliocentrica.it\/de\/wp-json\/wp\/v2\/comments?post=11056"}],"version-history":[{"count":5,"href":"https:\/\/www.oliocentrica.it\/de\/wp-json\/wp\/v2\/pages\/11056\/revisions"}],"predecessor-version":[{"id":13346,"href":"https:\/\/www.oliocentrica.it\/de\/wp-json\/wp\/v2\/pages\/11056\/revisions\/13346"}],"wp:attachment":[{"href":"https:\/\/www.oliocentrica.it\/de\/wp-json\/wp\/v2\/media?parent=11056"}],"curies":[{"name":"wp","href":"https:\/\/api.w.org\/{rel}","templated":true}]}}