{"id":10587,"date":"2020-12-04T15:52:32","date_gmt":"2020-12-04T14:52:32","guid":{"rendered":"https:\/\/www.oliocentrica.it\/wie-man-bezahlt\/"},"modified":"2022-04-20T14:55:52","modified_gmt":"2022-04-20T12:55:52","slug":"wie-man-bezahlt","status":"publish","type":"page","link":"https:\/\/www.oliocentrica.it\/de\/wie-man-bezahlt\/","title":{"rendered":"Wie man bezahlt"},"content":{"rendered":"<div class=\"fusion-fullwidth fullwidth-box fusion-builder-row-1 nonhundred-percent-fullwidth non-hundred-percent-height-scrolling\" style=\"--awb-border-radius-top-left:0px;--awb-border-radius-top-right:0px;--awb-border-radius-bottom-right:0px;--awb-border-radius-bottom-left:0px;--awb-margin-top:40px;--awb-flex-wrap:wrap;\" ><div class=\"fusion-builder-row fusion-row\"><div class=\"fusion-layout-column fusion_builder_column fusion-builder-column-0 fusion_builder_column_1_1 1_1 fusion-one-full fusion-column-first fusion-column-last\" style=\"--awb-bg-size:cover;--awb-margin-bottom:0px;\"><div class=\"fusion-column-wrapper fusion-flex-column-wrapper-legacy\"><div class=\"fusion-title title fusion-title-1 fusion-sep-none fusion-title-text fusion-title-size-one\"><h1 class=\"fusion-title-heading title-heading-left\" style=\"margin:0;\"><p style=\"text-align: center;\"><strong>WIE MAN BEZAHLT<\/strong><\/p><\/h1><\/div><div class=\"fusion-text fusion-text-1\"><p style=\"text-align: left;\">der Checkout-Phase (Kasse) k\u00f6nnen Sie Ihre bevorzugte Zahlungsmethode ausw\u00e4hlen:<\/p>\n<p><strong>Bank\u00fcberweisung<\/strong><\/p>\n<p>Die Zahlung wird bei dieser Methode in ca. 2 Werktagen gutgeschrieben, die Zeit kann je nach Bankverbindung variieren. Versandzeiten beziehen sich immer auf den Zeitpunkt des tats\u00e4chlichen Zahlungseingangs.<\/p>\n<p>Bankkonto Daten<\/p>\n<p>Kontoinhaber: OLIOCENTRICA Srls<br \/>\nIBAN: IT67H0623014700000040204194<br \/>\nBank: Cr\u00e9dit Agricole<br \/>\nGrund: Geben Sie die Bestellnummer an<\/p>\n<p>BITTE BEACHTEN SIE: Die Bestellung wird erst nach dem tats\u00e4chlichen Eingang der Betr\u00e4ge auf dem Girokonto von OLIOCENTRICA Srls bearbeitet. Wenn diese Betr\u00e4ge nicht innerhalb von 7 Werktagen nach dem Kauf eingehen, gilt die Bestellung als storniert.<\/p>\n<p><strong>PayPal und Kreditkarten<\/strong> (Visa, MasterCard, Aura, PostePay)<\/p>\n<p>Die Website verbindet sich automatisch mit PayPal, um die Zahlung vorzunehmen, geben Sie einfach Ihre E-Mail-Adresse und Ihr Passwort ein. In Ermangelung eines PayPal-Kontos k\u00f6nnen Sie auch mit Ihrer Kreditkarte bezahlen, eine sichere Methode, die aufgrund der fast sofortigen Gutschrift eine schnelle Auftragsabwicklung garantiert.<\/p>\n<p>PayPal ist der Service, mit dem Sie schneller, einfacher und sicherer bezahlen, Geld senden und Zahlungen annehmen k\u00f6nnen, ohne jedes Mal Ihre Finanzdaten eingeben zu m\u00fcssen. 250 Millionen Menschen nutzen PayPal zum Einkaufen auf Millionen von Websites auf der ganzen Welt, in \u00fcber 200 M\u00e4rkten und 25 verschiedenen W\u00e4hrungen. <a href=\"https:\/\/www.paypal.com\/de\/webapps\/mpp\/home\" target=\"_blank\" rel=\"noopener\"><em><strong>Mehr wissen<\/strong><\/em><\/a>.<\/p>\n<\/div><div class=\"fusion-clearfix\"><\/div><\/div><\/div><\/div><\/div>\n","protected":false},"excerpt":{"rendered":"","protected":false},"author":2,"featured_media":0,"parent":0,"menu_order":0,"comment_status":"closed","ping_status":"closed","template":"","meta":{"footnotes":""},"acf":[],"yoast_head":"<!-- This site is optimized with the Yoast SEO plugin v24.5 - https:\/\/yoast.com\/wordpress\/plugins\/seo\/ -->\n<title>Wie man bezahlt - Oliocentrica<\/title>\n<meta name=\"robots\" content=\"index, follow, max-snippet:-1, max-image-preview:large, max-video-preview:-1\" \/>\n<link rel=\"canonical\" href=\"https:\/\/www.oliocentrica.it\/de\/wie-man-bezahlt\/\" \/>\n<meta property=\"og:locale\" content=\"de_DE\" \/>\n<meta property=\"og:type\" content=\"article\" \/>\n<meta property=\"og:title\" content=\"Wie man bezahlt - Oliocentrica\" \/>\n<meta property=\"og:url\" content=\"https:\/\/www.oliocentrica.it\/de\/wie-man-bezahlt\/\" \/>\n<meta property=\"og:site_name\" content=\"Oliocentrica\" \/>\n<meta property=\"article:publisher\" content=\"https:\/\/www.facebook.com\/Oliocentrica\" \/>\n<meta property=\"article:modified_time\" content=\"2022-04-20T12:55:52+00:00\" \/>\n<meta property=\"og:image\" content=\"https:\/\/www.oliocentrica.it\/wp-content\/uploads\/2021\/06\/logo-oliocentrica-paypal.png\" \/>\n\t<meta property=\"og:image:width\" content=\"150\" \/>\n\t<meta property=\"og:image:height\" content=\"49\" \/>\n\t<meta property=\"og:image:type\" content=\"image\/png\" \/>\n<meta name=\"twitter:card\" content=\"summary_large_image\" \/>\n<meta name=\"twitter:label1\" content=\"Gesch\u00e4tzte Lesezeit\" \/>\n\t<meta name=\"twitter:data1\" content=\"4\u00a0Minuten\" \/>\n<script type=\"application\/ld+json\" class=\"yoast-schema-graph\">{\"@context\":\"https:\/\/schema.org\",\"@graph\":[{\"@type\":\"WebPage\",\"@id\":\"https:\/\/www.oliocentrica.it\/de\/wie-man-bezahlt\/\",\"url\":\"https:\/\/www.oliocentrica.it\/de\/wie-man-bezahlt\/\",\"name\":\"Wie man bezahlt - Oliocentrica\",\"isPartOf\":{\"@id\":\"https:\/\/www.oliocentrica.it\/de\/#website\"},\"datePublished\":\"2020-12-04T14:52:32+00:00\",\"dateModified\":\"2022-04-20T12:55:52+00:00\",\"breadcrumb\":{\"@id\":\"https:\/\/www.oliocentrica.it\/de\/wie-man-bezahlt\/#breadcrumb\"},\"inLanguage\":\"de\",\"potentialAction\":[{\"@type\":\"ReadAction\",\"target\":[\"https:\/\/www.oliocentrica.it\/de\/wie-man-bezahlt\/\"]}]},{\"@type\":\"BreadcrumbList\",\"@id\":\"https:\/\/www.oliocentrica.it\/de\/wie-man-bezahlt\/#breadcrumb\",\"itemListElement\":[{\"@type\":\"ListItem\",\"position\":1,\"name\":\"Home\",\"item\":\"https:\/\/www.oliocentrica.it\/de\/\"},{\"@type\":\"ListItem\",\"position\":2,\"name\":\"Wie man bezahlt\"}]},{\"@type\":\"WebSite\",\"@id\":\"https:\/\/www.oliocentrica.it\/de\/#website\",\"url\":\"https:\/\/www.oliocentrica.it\/de\/\",\"name\":\"Oliocentrica\",\"description\":\"il filo d\u2019olio tra cibo e salute\",\"publisher\":{\"@id\":\"https:\/\/www.oliocentrica.it\/de\/#organization\"},\"potentialAction\":[{\"@type\":\"SearchAction\",\"target\":{\"@type\":\"EntryPoint\",\"urlTemplate\":\"https:\/\/www.oliocentrica.it\/de\/?s={search_term_string}\"},\"query-input\":{\"@type\":\"PropertyValueSpecification\",\"valueRequired\":true,\"valueName\":\"search_term_string\"}}],\"inLanguage\":\"de\"},{\"@type\":\"Organization\",\"@id\":\"https:\/\/www.oliocentrica.it\/de\/#organization\",\"name\":\"Oliocentrica Srls\",\"url\":\"https:\/\/www.oliocentrica.it\/de\/\",\"logo\":{\"@type\":\"ImageObject\",\"inLanguage\":\"de\",\"@id\":\"https:\/\/www.oliocentrica.it\/de\/#\/schema\/logo\/image\/\",\"url\":\"https:\/\/www.oliocentrica.it\/wp-content\/uploads\/2021\/05\/logo_oliocentrica-1.png\",\"contentUrl\":\"https:\/\/www.oliocentrica.it\/wp-content\/uploads\/2021\/05\/logo_oliocentrica-1.png\",\"width\":250,\"height\":81,\"caption\":\"Oliocentrica Srls\"},\"image\":{\"@id\":\"https:\/\/www.oliocentrica.it\/de\/#\/schema\/logo\/image\/\"},\"sameAs\":[\"https:\/\/www.facebook.com\/Oliocentrica\",\"https:\/\/www.instagram.com\/oliocentrica\"]}]}<\/script>\n<!-- \/ Yoast SEO plugin. -->","yoast_head_json":{"title":"Wie man bezahlt - Oliocentrica","robots":{"index":"index","follow":"follow","max-snippet":"max-snippet:-1","max-image-preview":"max-image-preview:large","max-video-preview":"max-video-preview:-1"},"canonical":"https:\/\/www.oliocentrica.it\/de\/wie-man-bezahlt\/","og_locale":"de_DE","og_type":"article","og_title":"Wie man bezahlt - Oliocentrica","og_url":"https:\/\/www.oliocentrica.it\/de\/wie-man-bezahlt\/","og_site_name":"Oliocentrica","article_publisher":"https:\/\/www.facebook.com\/Oliocentrica","article_modified_time":"2022-04-20T12:55:52+00:00","og_image":[{"width":150,"height":49,"url":"https:\/\/www.oliocentrica.it\/wp-content\/uploads\/2021\/06\/logo-oliocentrica-paypal.png","type":"image\/png"}],"twitter_card":"summary_large_image","twitter_misc":{"Gesch\u00e4tzte Lesezeit":"4\u00a0Minuten"},"schema":{"@context":"https:\/\/schema.org","@graph":[{"@type":"WebPage","@id":"https:\/\/www.oliocentrica.it\/de\/wie-man-bezahlt\/","url":"https:\/\/www.oliocentrica.it\/de\/wie-man-bezahlt\/","name":"Wie man bezahlt - Oliocentrica","isPartOf":{"@id":"https:\/\/www.oliocentrica.it\/de\/#website"},"datePublished":"2020-12-04T14:52:32+00:00","dateModified":"2022-04-20T12:55:52+00:00","breadcrumb":{"@id":"https:\/\/www.oliocentrica.it\/de\/wie-man-bezahlt\/#breadcrumb"},"inLanguage":"de","potentialAction":[{"@type":"ReadAction","target":["https:\/\/www.oliocentrica.it\/de\/wie-man-bezahlt\/"]}]},{"@type":"BreadcrumbList","@id":"https:\/\/www.oliocentrica.it\/de\/wie-man-bezahlt\/#breadcrumb","itemListElement":[{"@type":"ListItem","position":1,"name":"Home","item":"https:\/\/www.oliocentrica.it\/de\/"},{"@type":"ListItem","position":2,"name":"Wie man bezahlt"}]},{"@type":"WebSite","@id":"https:\/\/www.oliocentrica.it\/de\/#website","url":"https:\/\/www.oliocentrica.it\/de\/","name":"Oliocentrica","description":"il filo d\u2019olio tra cibo e salute","publisher":{"@id":"https:\/\/www.oliocentrica.it\/de\/#organization"},"potentialAction":[{"@type":"SearchAction","target":{"@type":"EntryPoint","urlTemplate":"https:\/\/www.oliocentrica.it\/de\/?s={search_term_string}"},"query-input":{"@type":"PropertyValueSpecification","valueRequired":true,"valueName":"search_term_string"}}],"inLanguage":"de"},{"@type":"Organization","@id":"https:\/\/www.oliocentrica.it\/de\/#organization","name":"Oliocentrica Srls","url":"https:\/\/www.oliocentrica.it\/de\/","logo":{"@type":"ImageObject","inLanguage":"de","@id":"https:\/\/www.oliocentrica.it\/de\/#\/schema\/logo\/image\/","url":"https:\/\/www.oliocentrica.it\/wp-content\/uploads\/2021\/05\/logo_oliocentrica-1.png","contentUrl":"https:\/\/www.oliocentrica.it\/wp-content\/uploads\/2021\/05\/logo_oliocentrica-1.png","width":250,"height":81,"caption":"Oliocentrica Srls"},"image":{"@id":"https:\/\/www.oliocentrica.it\/de\/#\/schema\/logo\/image\/"},"sameAs":["https:\/\/www.facebook.com\/Oliocentrica","https:\/\/www.instagram.com\/oliocentrica"]}]}},"_links":{"self":[{"href":"https:\/\/www.oliocentrica.it\/de\/wp-json\/wp\/v2\/pages\/10587"}],"collection":[{"href":"https:\/\/www.oliocentrica.it\/de\/wp-json\/wp\/v2\/pages"}],"about":[{"href":"https:\/\/www.oliocentrica.it\/de\/wp-json\/wp\/v2\/types\/page"}],"author":[{"embeddable":true,"href":"https:\/\/www.oliocentrica.it\/de\/wp-json\/wp\/v2\/users\/2"}],"replies":[{"embeddable":true,"href":"https:\/\/www.oliocentrica.it\/de\/wp-json\/wp\/v2\/comments?post=10587"}],"version-history":[{"count":5,"href":"https:\/\/www.oliocentrica.it\/de\/wp-json\/wp\/v2\/pages\/10587\/revisions"}],"predecessor-version":[{"id":13098,"href":"https:\/\/www.oliocentrica.it\/de\/wp-json\/wp\/v2\/pages\/10587\/revisions\/13098"}],"wp:attachment":[{"href":"https:\/\/www.oliocentrica.it\/de\/wp-json\/wp\/v2\/media?parent=10587"}],"curies":[{"name":"wp","href":"https:\/\/api.w.org\/{rel}","templated":true}]}}