{"id":10577,"date":"2021-03-28T11:05:10","date_gmt":"2021-03-28T09:05:10","guid":{"rendered":"https:\/\/www.oliocentrica.it\/probieren-sie-das-oel\/"},"modified":"2022-09-22T09:24:14","modified_gmt":"2022-09-22T07:24:14","slug":"probieren-sie-das-oel","status":"publish","type":"page","link":"https:\/\/www.oliocentrica.it\/de\/probieren-sie-das-oel\/","title":{"rendered":"Probieren Sie das \u00d6l"},"content":{"rendered":"<p><div class=\"fusion-fullwidth fullwidth-box fusion-builder-row-1 hundred-percent-fullwidth non-hundred-percent-height-scrolling\" style=\"--awb-border-radius-top-left:0px;--awb-border-radius-top-right:0px;--awb-border-radius-bottom-right:0px;--awb-border-radius-bottom-left:0px;--awb-margin-top:20px;--awb-margin-bottom:20px;--awb-flex-wrap:wrap;\" ><div class=\"fusion-builder-row fusion-row\"><div class=\"fusion-layout-column fusion_builder_column fusion-builder-column-0 fusion_builder_column_1_1 1_1 fusion-one-full fusion-column-first fusion-column-last fusion-animated\" style=\"--awb-bg-size:cover;\" data-animationType=\"fadeInUp\" data-animationDuration=\"1.0\" data-animationOffset=\"top-into-view\"><div class=\"fusion-column-wrapper fusion-column-has-shadow fusion-flex-column-wrapper-legacy\"><div class=\"fusion-title title fusion-title-1 sep-underline sep-solid fusion-title-center fusion-title-text fusion-title-size-one\" style=\"--awb-text-color:#61693c;--awb-font-size:60px;\"><h1 class=\"fusion-title-heading title-heading-center\" style=\"font-family:&quot;Dancing Script&quot;;font-style:normal;font-weight:400;margin:0;font-size:1em;\">Probieren Sie ein EVO-\u00d6l und erkennen Sie seine Qualit\u00e4t<\/h1><\/div><div class=\"fusion-text fusion-text-1\" style=\"--awb-font-size:20px;\"><p>Die Faktoren, die die Qualit\u00e4t von nativem Oliven\u00f6l extra bestimmen sind unterschiedlich, das native Oliven\u00f6l extra ist ein Olivensaft und um die Qualit\u00e4t und das organoleptische Profil zu bestimmen, sind verschiedene Faktoren: die angebaute Sorte, die Natur, verstanden als pedoklimatische Bedingungen, menschliche Erfahrung, eine gute Bodenbearbeitung, ein korrekter Schnitt , Schadstofffreiheit, Erntezeiten\/-methoden und Extraktionstechnik. <a href=\"https:\/\/www.oliocentrica.it\/de\/zwischen-ernaehrung-und-gesundheit\/natives-olivenoel-extra-und-gesundheit\/\"><em>Aber daf\u00fcr verweisen wir Sie auf die dedizierte Seite.<\/em><\/a><\/p>\n<\/div><div class=\"fusion-clearfix\"><\/div><\/div><\/div><\/div><\/div><div class=\"fusion-fullwidth fullwidth-box fusion-builder-row-2 nonhundred-percent-fullwidth non-hundred-percent-height-scrolling fusion-equal-height-columns\" style=\"--awb-border-color:#fef7e9;--awb-border-radius-top-left:0px;--awb-border-radius-top-right:0px;--awb-border-radius-bottom-right:0px;--awb-border-radius-bottom-left:0px;--awb-padding-top:0px;--awb-padding-right:0px;--awb-padding-bottom:0px;--awb-padding-left:0px;--awb-margin-top:0%;--awb-margin-bottom:0%;--awb-flex-wrap:wrap;\" ><div class=\"fusion-builder-row fusion-row\"><div class=\"fusion-layout-column fusion_builder_column fusion-builder-column-1 fusion_builder_column_1_1 1_1 fusion-one-full fusion-column-first fusion-column-last fusion-column-no-min-height fusion-animated\" style=\"--awb-overflow:hidden;--awb-bg-color:#fef7e9;--awb-bg-color-hover:#fef7e9;--awb-bg-size:cover;--awb-border-color:#fef7e9;--awb-border-top:20px;--awb-border-right:20px;--awb-border-bottom:20px;--awb-border-left:20px;--awb-border-style:solid;--awb-border-radius:30px 30px 30px 30px;--awb-margin-bottom:0px;\" data-animationType=\"fadeIn\" data-animationDuration=\"1.0\" data-animationOffset=\"top-into-view\"><div class=\"fusion-column-wrapper fusion-column-has-shadow fusion-flex-column-wrapper-legacy\"><div class=\"fusion-title title fusion-title-2 fusion-sep-none fusion-title-center fusion-title-text fusion-title-size-four\" style=\"--awb-text-color:#939393;--awb-margin-bottom-small:40px;--awb-font-size:22px;\"><h4 class=\"fusion-title-heading title-heading-center\" style=\"margin:0;font-size:1em;\"><p style=\"text-align: center;\"><strong>Wir haben dieses einfache Video-Tutorial erstellt, um Ihnen die Qualit\u00e4t eines EVO-\u00d6ls durch eine Verkostung n\u00e4her zu bringen. Gute Sicht.<\/strong><\/p><\/h4><\/div><div class=\"fusion-video fusion-youtube fusion-aligncenter\" style=\"--awb-max-width:600px;--awb-max-height:360px;--awb-width:100%;\" itemprop=\"video\" itemscope itemtype=\"http:\/\/schema.org\/VideoObject\"><meta itemprop=\"thumbnailUrl\" content=\"https:\/\/i3.ytimg.com\/vi\/72i5nBBD7vQ\/hqdefault.jpg\" \/><meta itemprop=\"embedUrl\" content=\"https:\/\/www.youtube.com\/embed\/72i5nBBD7vQ\" \/><div class=\"video-shortcode\"><div class=\"fluid-width-video-wrapper\" style=\"padding-top:60%;\" ><iframe title=\"YouTube video player 1\" src=\"https:\/\/www.youtube.com\/embed\/72i5nBBD7vQ?wmode=transparent&autoplay=0\" width=\"600\" height=\"360\" allowfullscreen allow=\"autoplay; fullscreen\"><\/iframe><\/div><\/div><\/div><div class=\"fusion-clearfix\"><\/div><\/div><\/div><div class=\"fusion-layout-column fusion_builder_column fusion-builder-column-2 fusion_builder_column_1_1 1_1 fusion-one-full fusion-column-first fusion-column-last fusion-column-no-min-height fusion-animated\" style=\"--awb-bg-size:cover;--awb-margin-bottom:0px;\" data-animationType=\"fadeIn\" data-animationDuration=\"1.0\" data-animationOffset=\"top-into-view\"><div class=\"fusion-column-wrapper fusion-column-has-shadow fusion-flex-column-wrapper-legacy\"><div class=\"fusion-sep-clear\"><\/div><div class=\"fusion-separator fusion-full-width-sep\" style=\"margin-left: auto;margin-right: auto;margin-top:20px;margin-bottom:20px;width:100%;\"><\/div><div class=\"fusion-sep-clear\"><\/div><div class=\"fusion-clearfix\"><\/div><\/div><\/div><\/div><\/div><div class=\"fusion-fullwidth fullwidth-box fusion-builder-row-3 fusion-flex-container nonhundred-percent-fullwidth non-hundred-percent-height-scrolling\" style=\"--awb-border-radius-top-left:0px;--awb-border-radius-top-right:0px;--awb-border-radius-bottom-right:0px;--awb-border-radius-bottom-left:0px;--awb-flex-wrap:wrap;\" ><div class=\"fusion-builder-row fusion-row fusion-flex-align-items-flex-start fusion-flex-content-wrap\" style=\"max-width:1144px;margin-left: calc(-4% \/ 2 );margin-right: calc(-4% \/ 2 );\"><div class=\"fusion-layout-column fusion_builder_column fusion-builder-column-3 fusion_builder_column_1_1 1_1 fusion-flex-column\" style=\"--awb-bg-size:cover;--awb-width-large:100%;--awb-margin-top-large:0px;--awb-spacing-right-large:1.92%;--awb-margin-bottom-large:20px;--awb-spacing-left-large:1.92%;--awb-width-medium:100%;--awb-order-medium:0;--awb-spacing-right-medium:1.92%;--awb-spacing-left-medium:1.92%;--awb-width-small:100%;--awb-order-small:0;--awb-spacing-right-small:1.92%;--awb-spacing-left-small:1.92%;\"><div class=\"fusion-column-wrapper fusion-column-has-shadow fusion-flex-justify-content-flex-start fusion-content-layout-column\"><div class=\"fusion-separator fusion-full-width-sep\" style=\"align-self: center;margin-left: auto;margin-right: auto;margin-top:20px;margin-bottom:20px;width:100%;\"><\/div><div class=\"fusion-separator fusion-full-width-sep\" style=\"align-self: center;margin-left: auto;margin-right: auto;width:100%;\"><div class=\"fusion-separator-border sep-single sep-solid\" style=\"--awb-height:20px;--awb-amount:20px;--awb-sep-color:#afaeae;border-color:#afaeae;border-top-width:1px;\"><\/div><\/div><\/div><\/div><\/div><\/div><div class=\"fusion-fullwidth fullwidth-box fusion-builder-row-4 nonhundred-percent-fullwidth non-hundred-percent-height-scrolling\" style=\"--awb-background-position:right top;--awb-border-sizes-top:0px;--awb-border-sizes-bottom:0px;--awb-border-sizes-left:0px;--awb-border-sizes-right:0px;--awb-border-radius-top-left:0px;--awb-border-radius-top-right:0px;--awb-border-radius-bottom-right:0px;--awb-border-radius-bottom-left:0px;--awb-padding-top:0px;--awb-padding-right:0px;--awb-padding-bottom:0px;--awb-padding-left:0px;--awb-margin-top:10px;--awb-margin-bottom:20px;--awb-flex-wrap:wrap;\" ><div class=\"fusion-builder-row fusion-row\"><div class=\"fusion-layout-column fusion_builder_column fusion-builder-column-4 fusion_builder_column_1_4 1_4 fusion-one-fourth fusion-column-first fusion-no-small-visibility fusion-no-medium-visibility\" style=\"--awb-bg-size:cover;--awb-margin-bottom:0px;width:25%;width:calc(25% - ( ( 5% + 0% ) * 0.25 ) );margin-right: 5%;\"><div class=\"fusion-column-wrapper fusion-column-has-shadow fusion-flex-column-wrapper-legacy\"><div class=\"fusion-clearfix\"><\/div><\/div><\/div><div class=\"fusion-layout-column fusion_builder_column fusion-builder-column-5 fusion_builder_column_1_2 1_2 fusion-one-half\" style=\"--awb-padding-top:0%;--awb-padding-right:0%;--awb-padding-bottom:0%;--awb-padding-left:0%;--awb-bg-size:cover;--awb-margin-bottom:0px;width:50%;width:calc(50% - ( ( 5% + 0% ) * 0.5 ) );margin-right: 0%;\"><div class=\"fusion-column-wrapper fusion-column-has-shadow fusion-flex-column-wrapper-legacy\"><div class=\"fusion-title title fusion-title-3 fusion-sep-none fusion-title-center fusion-title-text fusion-title-size-div\" style=\"--awb-font-size:25px;\"><div class=\"fusion-title-heading title-heading-center title-heading-tag\" style=\"margin:0;font-size:1em;\">Registriere dich f\u00fcr unseren Newsletter<\/div><\/div><div class=\"fusion-title title fusion-title-4 fusion-title-center fusion-title-text fusion-title-size-three\" style=\"--awb-text-color:#c6b23f;--awb-font-size:18px;\"><div class=\"title-sep-container title-sep-container-left\"><div class=\"title-sep sep-double sep-solid\" style=\"border-color:#e0dede;\"><\/div><\/div><span class=\"awb-title-spacer\"><\/span><h3 class=\"fusion-title-heading title-heading-center\" style=\"margin:0;font-size:1em;letter-spacing:0.09em;\">Sie k\u00f6nnen Neuigkeiten aus der Welt des Qualit\u00e4ts\u00f6ls, aber auch Neuigkeiten und Produktaktionen erhalten<\/h3><span class=\"awb-title-spacer\"><\/span><div class=\"title-sep-container title-sep-container-right\"><div class=\"title-sep sep-double sep-solid\" style=\"border-color:#e0dede;\"><\/div><\/div><\/div><div class=\"fusion-text fusion-text-2\"><style id='mailster-form-default' type='text\/css'>.mailster-embeded-form body{background:0;padding:0;margin:0}.mailster-embeded-form .mailster-form-body{padding:5px !important;margin:auto !important}.mailster-form-wrap{max-width:100%;max-height:95%;min-width:100px;-webkit-overflow-scrolling:touch}.mailster-form{margin-bottom:20px;position:relative}.mailster-form:before{content:'';position:absolute;display:block;height:100%;width:100%;z-index:1;background-repeat:no-repeat;background-position:center center;background-size:20px 20px;background-image:url('https:\/\/www.oliocentrica.it\/wp-content\/plugins\/mailster\/assets\/css\/..\/img\/loading.gif');visibility:hidden;opacity:0;transition:opacity .15s ease-in-out}.mailster-form.loading:before{opacity:1;visibility:visible}@media only screen and (-webkit-min-device-pixel-ratio:2),only screen and (min-resolution:192dpi){.mailster-form:before{background-image:url('https:\/\/www.oliocentrica.it\/wp-content\/plugins\/mailster\/assets\/css\/..\/img\/loading_2x.gif')}}.mailster-form:after,.mailster-form-fields:after{content:'.';visibility:hidden;display:block;height:0;clear:both}.mailster-form .mailster-form-fields{transition:all .15s ease-in-out}.mailster-form.completed .mailster-form-fields{height:0;min-height:0;opacity:0;overflow:hidden}.mailster-form,.mailster-form .input,.mailster-form .mailster-form-info{width:100%;box-sizing:border-box}.mailster-embeded-form .mailster-form{margin-bottom:3px}.mailster-form .mailster-wrapper{position:relative;margin-bottom:2px;transition:opacity .15s ease-in-out}.mailster-form.loading .mailster-wrapper{opacity:.2}.mailster-form textarea.input{resize:vertical;height:150px}.mailster-form li{list-style:none !important;margin-left:0;padding-left:0}span.mailster-required{font-size:120%;font-weight:700;color:#bf4d4d}.mailster-lists-wrapper ul{list-style:none;margin-left:0;padding-left:0}.mailster-lists-wrapper ul li{margin-left:0}.mailster-list-description{color:inherit;display:block;margin-left:25px;font-size:.8em}.mailster-form-info{height:0;border-radius:2px;padding:5px;margin-bottom:4px;color:#fff;padding:9px 16px;transition:all .2s;-webkit-transform:scale(0);-moz-transform:scale(0);-ms-transform:scale(0);transform:scale(0)}.mailster-form.loading .mailster-form-info{opacity:0}.mailster-form-info a{color:#fff}.mailster-form-info.success,.mailster-form-info.error{display:block;height:100%;-webkit-transform:scale(1);-moz-transform:scale(1);-ms-transform:scale(1);transform:scale(1)}.mailster-form .error input,.mailster-form .error select,.mailster-form .error textarea{outline:2px solid #bf4d4d;outline-offset:0}.mailster-form-info.error{background:#bf4d4d}.mailster-form-info.success{background-color:#6fbf4d;text-align:center}.mailster-form-info ul,.mailster-form .mailster-form-info p{margin:0;padding:0;max-width:initial}.mailster-form-info ul li{color:inherit;margin-left:0}.mailster-submit-wrapper{margin-top:6px}.mailster-form .submit-button{cursor:pointer}.mailster-form .submit-button:focus{outline:0}<\/style><style type=\"text\/css\" media=\"screen\" class=\"mailster-custom-form-css\">\n.mailster-form.mailster-form-8 .mailster-wrapper label{color:#222222;}\n.mailster-form.mailster-form-8 .submit-button{background-color:#ffe464;}\n.mailster-form.mailster-form-8 .mailster-email-wrapper label{color:#0a0002;}\n.mailster-form.mailster-form-8 .mailster-email-wrapper .input{color:#000000;}\n.mailster-form-8{text-align: center;}\n.mailster-form-8 .mailster-submit-wrapper .submit-button{padding: 8px 15px 8px; border: none; border-radius: 4px; font-size: 16px; font-weight: bold; text-transform: lowercase;}\n.mailster-form-8 .mailster-email-wrapper input.input{padding: 10px 15px 8px !important; height: auto;}\n<\/style>\n<form action=\"https:\/\/www.oliocentrica.it\/de\/mailster\/subscribe\/\" method=\"post\" class=\"mailster-form mailster-form-submit mailster-ajax-form mailster-form-8\" novalidate><input name=\"_action\" type=\"hidden\" value=\"subscribe\">\n<input name=\"_timestamp\" type=\"hidden\" value=\"1776761577\">\n<input name=\"_referer\" type=\"hidden\" value=\"https:\/\/www.oliocentrica.it\/de\/wp-json\/wp\/v2\/pages\/10577\">\n<input name=\"_nonce\" type=\"hidden\" value=\"9ad40b66bb\">\n<input name=\"formid\" type=\"hidden\" value=\"8\">\n<div class=\"mailster-form-fields\">\n<div class=\"mailster-wrapper mailster-email-wrapper\"><input id=\"mailster-email-8\" name=\"email\" type=\"email\" value=\"\" placeholder=\"E-Mail *\" class=\"input mailster-email mailster-required\" aria-required=\"true\" aria-label=\"E-Mail\" spellcheck=\"false\"><\/div>\n<div class=\"mailster-wrapper mailster-_gdpr-wrapper\"><label for=\"mailster-_gdpr-8\"><input type=\"hidden\" name=\"_gdpr\" value=\"0\"><input id=\"mailster-_gdpr-8\" name=\"_gdpr\" type=\"checkbox\" value=\"1\" class=\"mailster-_gdpr mailster-required\" aria-required=\"true\" aria-label=\"privacy policy\"> Ich akzeptiere die <a href=\"https:\/\/www.oliocentrica.it\/privacy-policy\/\" target=\"_top\">Datenschutzerkl\u00e4rung<\/a><\/label><\/div>\n<div class=\"mailster-wrapper mailster-submit-wrapper form-submit\"><input name=\"submit\" type=\"submit\" value=\"Abonnieren\" class=\"submit-button button\" aria-label=\"Abonnieren\"><\/div>\n<\/div>\n<\/form>\n\n<\/div><div class=\"fusion-text fusion-text-3\"><p style=\"text-align: center;\">Sie k\u00f6nnen sich jederzeit abmelden<\/p>\n<\/div><div class=\"fusion-clearfix\"><\/div><\/div><\/div><div class=\"fusion-layout-column fusion_builder_column fusion-builder-column-6 fusion_builder_column_1_4 1_4 fusion-one-fourth fusion-column-last fusion-no-small-visibility fusion-no-medium-visibility\" style=\"--awb-bg-size:cover;--awb-margin-bottom:0px;width:25%;width:calc(25% - ( ( 5% + 0% ) * 0.25 ) );\"><div class=\"fusion-column-wrapper fusion-column-has-shadow fusion-flex-column-wrapper-legacy\"><div class=\"fusion-clearfix\"><\/div><\/div><\/div><\/div><\/div>\n<\/p>\n","protected":false},"excerpt":{"rendered":"","protected":false},"author":2,"featured_media":0,"parent":0,"menu_order":0,"comment_status":"closed","ping_status":"closed","template":"","meta":{"footnotes":""},"acf":[],"yoast_head":"<!-- This site is optimized with the Yoast SEO plugin v24.5 - https:\/\/yoast.com\/wordpress\/plugins\/seo\/ -->\n<title>Probieren Sie das \u00d6l - Oliocentrica<\/title>\n<meta name=\"robots\" content=\"index, follow, max-snippet:-1, max-image-preview:large, max-video-preview:-1\" \/>\n<link rel=\"canonical\" href=\"https:\/\/www.oliocentrica.it\/de\/probieren-sie-das-oel\/\" \/>\n<meta property=\"og:locale\" content=\"de_DE\" \/>\n<meta property=\"og:type\" content=\"article\" \/>\n<meta property=\"og:title\" content=\"Probieren Sie das \u00d6l - Oliocentrica\" \/>\n<meta property=\"og:url\" content=\"https:\/\/www.oliocentrica.it\/de\/probieren-sie-das-oel\/\" \/>\n<meta property=\"og:site_name\" content=\"Oliocentrica\" \/>\n<meta property=\"article:publisher\" content=\"https:\/\/www.facebook.com\/Oliocentrica\" \/>\n<meta property=\"article:modified_time\" content=\"2022-09-22T07:24:14+00:00\" \/>\n<meta property=\"og:image\" content=\"https:\/\/www.oliocentrica.it\/wp-content\/uploads\/2021\/06\/logo-oliocentrica-paypal.png\" \/>\n\t<meta property=\"og:image:width\" content=\"150\" \/>\n\t<meta property=\"og:image:height\" content=\"49\" \/>\n\t<meta property=\"og:image:type\" content=\"image\/png\" \/>\n<meta name=\"twitter:card\" content=\"summary_large_image\" \/>\n<meta name=\"twitter:label1\" content=\"Gesch\u00e4tzte Lesezeit\" \/>\n\t<meta name=\"twitter:data1\" content=\"13\u00a0Minuten\" \/>\n<script type=\"application\/ld+json\" class=\"yoast-schema-graph\">{\"@context\":\"https:\/\/schema.org\",\"@graph\":[{\"@type\":\"WebPage\",\"@id\":\"https:\/\/www.oliocentrica.it\/de\/probieren-sie-das-oel\/\",\"url\":\"https:\/\/www.oliocentrica.it\/de\/probieren-sie-das-oel\/\",\"name\":\"Probieren Sie das \u00d6l - Oliocentrica\",\"isPartOf\":{\"@id\":\"https:\/\/www.oliocentrica.it\/de\/#website\"},\"datePublished\":\"2021-03-28T09:05:10+00:00\",\"dateModified\":\"2022-09-22T07:24:14+00:00\",\"breadcrumb\":{\"@id\":\"https:\/\/www.oliocentrica.it\/de\/probieren-sie-das-oel\/#breadcrumb\"},\"inLanguage\":\"de\",\"potentialAction\":[{\"@type\":\"ReadAction\",\"target\":[\"https:\/\/www.oliocentrica.it\/de\/probieren-sie-das-oel\/\"]}]},{\"@type\":\"BreadcrumbList\",\"@id\":\"https:\/\/www.oliocentrica.it\/de\/probieren-sie-das-oel\/#breadcrumb\",\"itemListElement\":[{\"@type\":\"ListItem\",\"position\":1,\"name\":\"Home\",\"item\":\"https:\/\/www.oliocentrica.it\/de\/\"},{\"@type\":\"ListItem\",\"position\":2,\"name\":\"Probieren Sie das \u00d6l\"}]},{\"@type\":\"WebSite\",\"@id\":\"https:\/\/www.oliocentrica.it\/de\/#website\",\"url\":\"https:\/\/www.oliocentrica.it\/de\/\",\"name\":\"Oliocentrica\",\"description\":\"il filo d\u2019olio tra cibo e salute\",\"publisher\":{\"@id\":\"https:\/\/www.oliocentrica.it\/de\/#organization\"},\"potentialAction\":[{\"@type\":\"SearchAction\",\"target\":{\"@type\":\"EntryPoint\",\"urlTemplate\":\"https:\/\/www.oliocentrica.it\/de\/?s={search_term_string}\"},\"query-input\":{\"@type\":\"PropertyValueSpecification\",\"valueRequired\":true,\"valueName\":\"search_term_string\"}}],\"inLanguage\":\"de\"},{\"@type\":\"Organization\",\"@id\":\"https:\/\/www.oliocentrica.it\/de\/#organization\",\"name\":\"Oliocentrica Srls\",\"url\":\"https:\/\/www.oliocentrica.it\/de\/\",\"logo\":{\"@type\":\"ImageObject\",\"inLanguage\":\"de\",\"@id\":\"https:\/\/www.oliocentrica.it\/de\/#\/schema\/logo\/image\/\",\"url\":\"https:\/\/www.oliocentrica.it\/wp-content\/uploads\/2021\/05\/logo_oliocentrica-1.png\",\"contentUrl\":\"https:\/\/www.oliocentrica.it\/wp-content\/uploads\/2021\/05\/logo_oliocentrica-1.png\",\"width\":250,\"height\":81,\"caption\":\"Oliocentrica Srls\"},\"image\":{\"@id\":\"https:\/\/www.oliocentrica.it\/de\/#\/schema\/logo\/image\/\"},\"sameAs\":[\"https:\/\/www.facebook.com\/Oliocentrica\",\"https:\/\/www.instagram.com\/oliocentrica\"]}]}<\/script>\n<!-- \/ Yoast SEO plugin. -->","yoast_head_json":{"title":"Probieren Sie das \u00d6l - Oliocentrica","robots":{"index":"index","follow":"follow","max-snippet":"max-snippet:-1","max-image-preview":"max-image-preview:large","max-video-preview":"max-video-preview:-1"},"canonical":"https:\/\/www.oliocentrica.it\/de\/probieren-sie-das-oel\/","og_locale":"de_DE","og_type":"article","og_title":"Probieren Sie das \u00d6l - Oliocentrica","og_url":"https:\/\/www.oliocentrica.it\/de\/probieren-sie-das-oel\/","og_site_name":"Oliocentrica","article_publisher":"https:\/\/www.facebook.com\/Oliocentrica","article_modified_time":"2022-09-22T07:24:14+00:00","og_image":[{"width":150,"height":49,"url":"https:\/\/www.oliocentrica.it\/wp-content\/uploads\/2021\/06\/logo-oliocentrica-paypal.png","type":"image\/png"}],"twitter_card":"summary_large_image","twitter_misc":{"Gesch\u00e4tzte Lesezeit":"13\u00a0Minuten"},"schema":{"@context":"https:\/\/schema.org","@graph":[{"@type":"WebPage","@id":"https:\/\/www.oliocentrica.it\/de\/probieren-sie-das-oel\/","url":"https:\/\/www.oliocentrica.it\/de\/probieren-sie-das-oel\/","name":"Probieren Sie das \u00d6l - Oliocentrica","isPartOf":{"@id":"https:\/\/www.oliocentrica.it\/de\/#website"},"datePublished":"2021-03-28T09:05:10+00:00","dateModified":"2022-09-22T07:24:14+00:00","breadcrumb":{"@id":"https:\/\/www.oliocentrica.it\/de\/probieren-sie-das-oel\/#breadcrumb"},"inLanguage":"de","potentialAction":[{"@type":"ReadAction","target":["https:\/\/www.oliocentrica.it\/de\/probieren-sie-das-oel\/"]}]},{"@type":"BreadcrumbList","@id":"https:\/\/www.oliocentrica.it\/de\/probieren-sie-das-oel\/#breadcrumb","itemListElement":[{"@type":"ListItem","position":1,"name":"Home","item":"https:\/\/www.oliocentrica.it\/de\/"},{"@type":"ListItem","position":2,"name":"Probieren Sie das \u00d6l"}]},{"@type":"WebSite","@id":"https:\/\/www.oliocentrica.it\/de\/#website","url":"https:\/\/www.oliocentrica.it\/de\/","name":"Oliocentrica","description":"il filo d\u2019olio tra cibo e salute","publisher":{"@id":"https:\/\/www.oliocentrica.it\/de\/#organization"},"potentialAction":[{"@type":"SearchAction","target":{"@type":"EntryPoint","urlTemplate":"https:\/\/www.oliocentrica.it\/de\/?s={search_term_string}"},"query-input":{"@type":"PropertyValueSpecification","valueRequired":true,"valueName":"search_term_string"}}],"inLanguage":"de"},{"@type":"Organization","@id":"https:\/\/www.oliocentrica.it\/de\/#organization","name":"Oliocentrica Srls","url":"https:\/\/www.oliocentrica.it\/de\/","logo":{"@type":"ImageObject","inLanguage":"de","@id":"https:\/\/www.oliocentrica.it\/de\/#\/schema\/logo\/image\/","url":"https:\/\/www.oliocentrica.it\/wp-content\/uploads\/2021\/05\/logo_oliocentrica-1.png","contentUrl":"https:\/\/www.oliocentrica.it\/wp-content\/uploads\/2021\/05\/logo_oliocentrica-1.png","width":250,"height":81,"caption":"Oliocentrica Srls"},"image":{"@id":"https:\/\/www.oliocentrica.it\/de\/#\/schema\/logo\/image\/"},"sameAs":["https:\/\/www.facebook.com\/Oliocentrica","https:\/\/www.instagram.com\/oliocentrica"]}]}},"_links":{"self":[{"href":"https:\/\/www.oliocentrica.it\/de\/wp-json\/wp\/v2\/pages\/10577"}],"collection":[{"href":"https:\/\/www.oliocentrica.it\/de\/wp-json\/wp\/v2\/pages"}],"about":[{"href":"https:\/\/www.oliocentrica.it\/de\/wp-json\/wp\/v2\/types\/page"}],"author":[{"embeddable":true,"href":"https:\/\/www.oliocentrica.it\/de\/wp-json\/wp\/v2\/users\/2"}],"replies":[{"embeddable":true,"href":"https:\/\/www.oliocentrica.it\/de\/wp-json\/wp\/v2\/comments?post=10577"}],"version-history":[{"count":7,"href":"https:\/\/www.oliocentrica.it\/de\/wp-json\/wp\/v2\/pages\/10577\/revisions"}],"predecessor-version":[{"id":15856,"href":"https:\/\/www.oliocentrica.it\/de\/wp-json\/wp\/v2\/pages\/10577\/revisions\/15856"}],"wp:attachment":[{"href":"https:\/\/www.oliocentrica.it\/de\/wp-json\/wp\/v2\/media?parent=10577"}],"curies":[{"name":"wp","href":"https:\/\/api.w.org\/{rel}","templated":true}]}}